{"id":171,"date":"2020-01-02T10:04:50","date_gmt":"2020-01-02T15:04:50","guid":{"rendered":"http:\/\/www.visualbit.co\/sanluis\/?page_id=171"},"modified":"2025-09-17T11:15:20","modified_gmt":"2025-09-17T16:15:20","slug":"admisiones","status":"publish","type":"page","link":"https:\/\/www.sanluisrey.edu.co\/new\/admisiones\/","title":{"rendered":"Admisiones"},"content":{"rendered":"\t\t<div data-elementor-type=\"wp-page\" data-elementor-id=\"171\" class=\"elementor elementor-171\">\n\t\t\t\t\t\t<section class=\"elementor-section elementor-top-section elementor-element elementor-element-1cedfe9 elementor-section-stretched elementor-section-boxed elementor-section-height-default elementor-section-height-default\" data-id=\"1cedfe9\" data-element_type=\"section\" data-e-type=\"section\" data-settings=\"{&quot;stretch_section&quot;:&quot;section-stretched&quot;}\">\n\t\t\t\t\t\t<div class=\"elementor-container elementor-column-gap-default\">\n\t\t\t\t\t<div class=\"elementor-column elementor-col-100 elementor-top-column elementor-element elementor-element-0db78d3\" data-id=\"0db78d3\" data-element_type=\"column\" data-e-type=\"column\">\n\t\t\t<div class=\"elementor-widget-wrap elementor-element-populated\">\n\t\t\t\t\t\t<div class=\"elementor-element elementor-element-ed6d49f elementor-widget elementor-widget-heading\" data-id=\"ed6d49f\" data-element_type=\"widget\" data-e-type=\"widget\" data-widget_type=\"heading.default\">\n\t\t\t\t<div class=\"elementor-widget-container\">\n\t\t\t\t\t<h1 class=\"elementor-heading-title elementor-size-default\">ADMISIONES<\/h1>\t\t\t\t<\/div>\n\t\t\t\t<\/div>\n\t\t\t\t<div class=\"elementor-element elementor-element-c477684 elementor-widget-divider--view-line elementor-widget elementor-widget-divider\" data-id=\"c477684\" data-element_type=\"widget\" data-e-type=\"widget\" data-widget_type=\"divider.default\">\n\t\t\t\t<div class=\"elementor-widget-container\">\n\t\t\t\t\t\t\t<div class=\"elementor-divider\">\n\t\t\t<span class=\"elementor-divider-separator\">\n\t\t\t\t\t\t<\/span>\n\t\t<\/div>\n\t\t\t\t\t\t<\/div>\n\t\t\t\t<\/div>\n\t\t\t\t<div class=\"elementor-element elementor-element-5754712 elementor-widget elementor-widget-heading\" data-id=\"5754712\" data-element_type=\"widget\" data-e-type=\"widget\" data-widget_type=\"heading.default\">\n\t\t\t\t<div class=\"elementor-widget-container\">\n\t\t\t\t\t<h6 class=\"elementor-heading-title elementor-size-default\">Nuestra instituci\u00f3n ofrece, los servicios educativos desde los tres (3) a\u00f1os de edad para el grado prejard\u00edn y hasta el grado und\u00e9cimo.<\/h6>\t\t\t\t<\/div>\n\t\t\t\t<\/div>\n\t\t\t\t<div class=\"elementor-element elementor-element-91df635 elementor-widget elementor-widget-text-editor\" data-id=\"91df635\" data-element_type=\"widget\" data-e-type=\"widget\" data-widget_type=\"text-editor.default\">\n\t\t\t\t<div class=\"elementor-widget-container\">\n\t\t\t\t\t\t\t\t\t<p><span>Apreciados padres de familia, reciban un cordial saludo de Paz y Bien. <\/span><span>En nombre de las Directivas de esta instituci\u00f3n, queremos agradecerles su inter\u00e9s en escoger nuestra instituci\u00f3n educativa para los procesos formativos de su hijo (a). <\/span><span>El siguiente es el procedimiento para Admisiones y Matriculas:<\/span><\/p>\t\t\t\t\t\t\t\t<\/div>\n\t\t\t\t<\/div>\n\t\t\t\t\t<\/div>\n\t\t<\/div>\n\t\t\t\t\t<\/div>\n\t\t<\/section>\n\t\t\t\t<section class=\"elementor-section elementor-top-section elementor-element elementor-element-4fb5486 elementor-section-stretched elementor-section-full_width elementor-section-height-default elementor-section-height-default\" data-id=\"4fb5486\" data-element_type=\"section\" data-e-type=\"section\" data-settings=\"{&quot;stretch_section&quot;:&quot;section-stretched&quot;}\">\n\t\t\t\t\t\t<div class=\"elementor-container elementor-column-gap-default\">\n\t\t\t\t\t<div class=\"elementor-column elementor-col-50 elementor-top-column elementor-element elementor-element-be02dd9\" data-id=\"be02dd9\" data-element_type=\"column\" data-e-type=\"column\" data-settings=\"{&quot;background_background&quot;:&quot;classic&quot;}\">\n\t\t\t<div class=\"elementor-widget-wrap elementor-element-populated\">\n\t\t\t\t\t\t<div class=\"elementor-element elementor-element-0088550 elementor-widget elementor-widget-heading\" data-id=\"0088550\" data-element_type=\"widget\" data-e-type=\"widget\" data-widget_type=\"heading.default\">\n\t\t\t\t<div class=\"elementor-widget-container\">\n\t\t\t\t\t<h4 class=\"elementor-heading-title elementor-size-default\">ESTUDIANTES NUEVOS:<\/h4>\t\t\t\t<\/div>\n\t\t\t\t<\/div>\n\t\t\t\t<div class=\"elementor-element elementor-element-2f231d3 elementor-widget elementor-widget-text-editor\" data-id=\"2f231d3\" data-element_type=\"widget\" data-e-type=\"widget\" data-widget_type=\"text-editor.default\">\n\t\t\t\t<div class=\"elementor-widget-container\">\n\t\t\t\t\t\t\t\t\t<p><span>Diligencie debidamente y en su totalidad el formulario de inscripci\u00f3n. <\/span><span>Envi\u00e9 el formulario al correo admisiones@sanluisrey.edu.co o ll\u00e9velo a la oficina de admisiones de la instituci\u00f3n. <\/span><span>Asista puntual con su hijo(a) a la valoraci\u00f3n diagn\u00f3stica y entrevista, fecha y hora que ser\u00e1 suministrada por la oficina de admisiones, una vez se haya recepcionado el formulario de inscripci\u00f3n.<\/span><br \/><span>Prepare los siguientes documentos para la matr\u00edcula:<\/span><\/p><ul><li><span>Fotocopia del carn\u00e9 de vacunas (alumnos de preescolar a 5\u00b0), en caso de no tenerlo, presentar constancia de vacunaci\u00f3n al d\u00eda expedida por el pediatra o EPS.<\/span><\/li><li><span>Fotocopia de la EPS a la cual est\u00e9 afiliado o constancia de afiliaci\u00f3n.<\/span><\/li><li><span>Fotocopia de la tarjeta de identidad actualizada.<\/span><\/li><li><span>Fotocopia del documento de identidad de los padres de familia y\/o acudientes.<\/span><\/li><li><span>Paz y salvo colegio anterior.<\/span><\/li><li><span>Certificados de estudio originales donde especifique: Intensidad horaria, \u00e1reas y\/o asignaturas, valorativas y aprobaci\u00f3n del grado.<\/span><\/li><li><span>Bolet\u00edn del informe final del \u00faltimo grado cursado.<\/span><\/li><li><span>Constancia de comportamiento o Informe Integral.<\/span><\/li><li><span>Certificaci\u00f3n Laboral o Certificado de Ingresos.<\/span><\/li><li><span>Trabajador Independiente: Certificado C\u00e1mara de Comercio<\/span><\/li><\/ul><p><span><strong>NOTA:<\/strong> El proceso de Matricula se lleva a cabo, una vez se tengan al d\u00eda la totalidad de los documentos solicitados.<\/span><br \/><span>Con todos los documentos listos se procede a la matricula acad\u00e9mica.<\/span><\/p><p><span>Cancelaci\u00f3n del\u00a0 recibo de matr\u00edcula en la entidad bancaria autorizada por la instituci\u00f3n<\/span><\/p><p><span>Firma matr\u00edcula acad\u00e9mica (tarjeta acumulativa de matr\u00edcula, contrato y pagar\u00e9)<\/span><\/p><p><span>La adquisici\u00f3n del formulario, presentaci\u00f3n de valoraci\u00f3n diagn\u00f3stica y entrevista NO garantiza la admisi\u00f3n del estudiante<\/span><\/p><p><span>En el caso de que el estudiante presente informes diagn\u00f3sticos, el padre de familia o acudiente deber\u00e1 socializarlos durante el proceso de admisi\u00f3n.<\/span><\/p>\t\t\t\t\t\t\t\t<\/div>\n\t\t\t\t<\/div>\n\t\t\t\t\t<\/div>\n\t\t<\/div>\n\t\t\t\t<div class=\"elementor-column elementor-col-50 elementor-top-column elementor-element elementor-element-3135166\" data-id=\"3135166\" data-element_type=\"column\" data-e-type=\"column\">\n\t\t\t<div class=\"elementor-widget-wrap elementor-element-populated\">\n\t\t\t\t\t\t<div class=\"elementor-element elementor-element-747681f elementor-widget elementor-widget-heading\" data-id=\"747681f\" data-element_type=\"widget\" data-e-type=\"widget\" data-widget_type=\"heading.default\">\n\t\t\t\t<div class=\"elementor-widget-container\">\n\t\t\t\t\t<h4 class=\"elementor-heading-title elementor-size-default\">ESTUDIANTES EXTRANJEROS:<\/h4>\t\t\t\t<\/div>\n\t\t\t\t<\/div>\n\t\t\t\t<div class=\"elementor-element elementor-element-293c150 elementor-widget elementor-widget-text-editor\" data-id=\"293c150\" data-element_type=\"widget\" data-e-type=\"widget\" data-widget_type=\"text-editor.default\">\n\t\t\t\t<div class=\"elementor-widget-container\">\n\t\t\t\t\t\t\t\t\t<p><span>Diligenciar formulario de inscripci\u00f3n y presentar la misma documentaci\u00f3n de estudiantes nuevos, teniendo en cuenta que los certificados de calificaciones deben venir debidamente legalizados por el Ministerio de Educaci\u00f3n Nacional de Colombia (Tel 2222800 opci\u00f2n 2 extensi\u00f3n 2109 \u00f3 2113 Bogot\u00e1 D.C)<\/span><br \/><br \/><span>Seg\u00fan el Decreto 834 de abril de 2013 (Disposiciones en materia migratoria) art\u00edculo 41:<\/span><br \/><span>&#8220;Los establecimientos educativos deber\u00e1n exigir a los estudiantes extranjeros de cursos regulares la visa que los faculte para realizar sus estudios antes de la iniciaci\u00f3n de clases e informar por escrito o por los medios electr\u00f3nicos establecidos para tal fin a la Unidad Administrativa Especial Migraci\u00f3n Colombia, de la matr\u00edcula de estudiantes extranjeros y de la terminaci\u00f3n definitiva de sus estudios dentro de los treinta (30) d\u00edas calendario siguientes a la ocurrencia de los mismos&#8221;.<\/span><\/p>\t\t\t\t\t\t\t\t<\/div>\n\t\t\t\t<\/div>\n\t\t\t\t<div class=\"elementor-element elementor-element-74b5700 elementor-widget elementor-widget-heading\" data-id=\"74b5700\" data-element_type=\"widget\" data-e-type=\"widget\" data-widget_type=\"heading.default\">\n\t\t\t\t<div class=\"elementor-widget-container\">\n\t\t\t\t\t<h4 class=\"elementor-heading-title elementor-size-default\">ESTUDIANTES ANTIGUOS:<\/h4>\t\t\t\t<\/div>\n\t\t\t\t<\/div>\n\t\t\t\t<div class=\"elementor-element elementor-element-3c7a876 elementor-widget elementor-widget-text-editor\" data-id=\"3c7a876\" data-element_type=\"widget\" data-e-type=\"widget\" data-widget_type=\"text-editor.default\">\n\t\t\t\t<div class=\"elementor-widget-container\">\n\t\t\t\t\t\t\t\t\t<p><span>Diligenciar debidamente formulario de pre matricula para separar su cupo, entre el 11 y el 16 de noviembre. Recuerde que para acceder a este proceso debe encontrarse a Paz y Salvo acad\u00e9mico, comportamental y econ\u00f3mico.<\/span><br \/><span>Cancelaci\u00f3n recibo de matr\u00edcula en la entidad bancaria autorizada por la instituci\u00f3n.<\/span><br \/><span>Firma matr\u00edcula acad\u00e9mica (tarjeta acumulativa de matr\u00edcula, contrato y pagar\u00e9)<\/span><\/p>\t\t\t\t\t\t\t\t<\/div>\n\t\t\t\t<\/div>\n\t\t\t\t\t<\/div>\n\t\t<\/div>\n\t\t\t\t\t<\/div>\n\t\t<\/section>\n\t\t\t\t<section class=\"elementor-section elementor-top-section elementor-element elementor-element-c0c2793 elementor-section-boxed elementor-section-height-default elementor-section-height-default\" data-id=\"c0c2793\" data-element_type=\"section\" data-e-type=\"section\">\n\t\t\t\t\t\t<div class=\"elementor-container elementor-column-gap-default\">\n\t\t\t\t\t<div class=\"elementor-column elementor-col-100 elementor-top-column elementor-element elementor-element-16ed66f\" data-id=\"16ed66f\" data-element_type=\"column\" data-e-type=\"column\">\n\t\t\t<div class=\"elementor-widget-wrap elementor-element-populated\">\n\t\t\t\t\t\t<div class=\"elementor-element elementor-element-8d4bbeb elementor-widget elementor-widget-heading\" data-id=\"8d4bbeb\" data-element_type=\"widget\" data-e-type=\"widget\" data-widget_type=\"heading.default\">\n\t\t\t\t<div class=\"elementor-widget-container\">\n\t\t\t\t\t<h1 class=\"elementor-heading-title elementor-size-default\"><a href=\"https:\/\/forms.gle\/9zcnPiDui2PfGruw9\" target=\"_blank\">FORMULARIO DE INSCRIPCI\u00d3N<\/a><\/h1>\t\t\t\t<\/div>\n\t\t\t\t<\/div>\n\t\t\t\t<div class=\"elementor-element elementor-element-1f36810 elementor-widget-divider--view-line elementor-widget elementor-widget-divider\" data-id=\"1f36810\" data-element_type=\"widget\" data-e-type=\"widget\" data-widget_type=\"divider.default\">\n\t\t\t\t<div class=\"elementor-widget-container\">\n\t\t\t\t\t\t\t<div class=\"elementor-divider\">\n\t\t\t<span class=\"elementor-divider-separator\">\n\t\t\t\t\t\t<\/span>\n\t\t<\/div>\n\t\t\t\t\t\t<\/div>\n\t\t\t\t<\/div>\n\t\t\t\t<div class=\"elementor-element elementor-element-3c009c5 elementor-widget elementor-widget-text-editor\" data-id=\"3c009c5\" data-element_type=\"widget\" data-e-type=\"widget\" data-widget_type=\"text-editor.default\">\n\t\t\t\t<div class=\"elementor-widget-container\">\n\t\t\t\t\t\t\t\t\t<p style=\"text-align: left;\"><strong>INSTRUCCI\u00d3NES:<\/strong><\/p><ol><li style=\"text-align: left;\">Diligencie el formulario a continuaci\u00f3n, al finalizar el proceso, le llegar\u00e1 un E-mail confirmando el recibido de su solicitud.<\/li><li style=\"text-align: left;\">Descargue el formulario, impr\u00edmalo y diligencie la parte llamada \u201cAUTORIZACI\u00d3N PARA LA INCLUSI\u00d3N DE DATOS EN LAS CENTRALES DE INFORMACI\u00d3N FINANCIERA -CIFIN- U OTRAS\u201d<\/li><li style=\"text-align: left;\">Escanee el formulario y env\u00edelo al correo admisiones@sanluisrey.edu.co,\u00a0si desea m\u00e1s informaci\u00f3n puede comunicarse al 311- 7204835<\/li><\/ol><h3><a href=\"https:\/\/forms.gle\/9zcnPiDui2PfGruw9\" target=\"_blank\" rel=\"noopener\"><span style=\"color: #000080;\">CLICK FORMULARIO DE INSCRIPCI\u00d3N<\/span><\/a><\/h3>\t\t\t\t\t\t\t\t<\/div>\n\t\t\t\t<\/div>\n\t\t\t\t\t<\/div>\n\t\t<\/div>\n\t\t\t\t\t<\/div>\n\t\t<\/section>\n\t\t\t\t<\/div>\n\t\t","protected":false},"excerpt":{"rendered":"<p>ADMISIONES Nuestra instituci\u00f3n ofrece, los servicios educativos desde los tres (3) a\u00f1os de edad para el grado prejard\u00edn y hasta el grado und\u00e9cimo. Apreciados padres de familia, reciban un cordial saludo de Paz y Bien. En nombre de las Directivas de esta instituci\u00f3n, queremos agradecerles su inter\u00e9s en escoger nuestra [&hellip;]<\/p>\n","protected":false},"author":1,"featured_media":0,"parent":0,"menu_order":0,"comment_status":"closed","ping_status":"closed","template":"elementor_canvas","meta":{"_monsterinsights_skip_tracking":false,"_monsterinsights_sitenote_active":false,"_monsterinsights_sitenote_note":"","_monsterinsights_sitenote_category":0,"two_page_speed":[],"footnotes":""},"class_list":["post-171","page","type-page","status-publish","hentry"],"yoast_head":"<!-- This site is optimized with the Yoast SEO plugin v27.5 - https:\/\/yoast.com\/product\/yoast-seo-wordpress\/ -->\n<title>Admisiones - Colegio San Luis Rey<\/title>\n<meta name=\"robots\" content=\"index, follow, max-snippet:-1, max-image-preview:large, max-video-preview:-1\" \/>\n<link rel=\"canonical\" href=\"https:\/\/www.sanluisrey.edu.co\/new\/admisiones\/\" \/>\n<meta property=\"og:locale\" content=\"es_ES\" \/>\n<meta property=\"og:type\" content=\"article\" \/>\n<meta property=\"og:title\" content=\"Admisiones - Colegio San Luis Rey\" \/>\n<meta property=\"og:description\" content=\"ADMISIONES Nuestra instituci\u00f3n ofrece, los servicios educativos desde los tres (3) a\u00f1os de edad para el grado prejard\u00edn y hasta el grado und\u00e9cimo. Apreciados padres de familia, reciban un cordial saludo de Paz y Bien. En nombre de las Directivas de esta instituci\u00f3n, queremos agradecerles su inter\u00e9s en escoger nuestra [&hellip;]\" \/>\n<meta property=\"og:url\" content=\"https:\/\/www.sanluisrey.edu.co\/new\/admisiones\/\" \/>\n<meta property=\"og:site_name\" content=\"Colegio San Luis Rey\" \/>\n<meta property=\"article:modified_time\" content=\"2025-09-17T16:15:20+00:00\" \/>\n<meta name=\"twitter:card\" content=\"summary_large_image\" \/>\n<meta name=\"twitter:label1\" content=\"Tiempo de lectura\" \/>\n\t<meta name=\"twitter:data1\" content=\"3 minutos\" \/>\n<script type=\"application\/ld+json\" class=\"yoast-schema-graph\">{\"@context\":\"https:\\\/\\\/schema.org\",\"@graph\":[{\"@type\":\"WebPage\",\"@id\":\"https:\\\/\\\/www.sanluisrey.edu.co\\\/new\\\/admisiones\\\/\",\"url\":\"https:\\\/\\\/www.sanluisrey.edu.co\\\/new\\\/admisiones\\\/\",\"name\":\"Admisiones - Colegio San Luis Rey\",\"isPartOf\":{\"@id\":\"https:\\\/\\\/www.sanluisrey.edu.co\\\/new\\\/#website\"},\"datePublished\":\"2020-01-02T15:04:50+00:00\",\"dateModified\":\"2025-09-17T16:15:20+00:00\",\"breadcrumb\":{\"@id\":\"https:\\\/\\\/www.sanluisrey.edu.co\\\/new\\\/admisiones\\\/#breadcrumb\"},\"inLanguage\":\"es\",\"potentialAction\":[{\"@type\":\"ReadAction\",\"target\":[\"https:\\\/\\\/www.sanluisrey.edu.co\\\/new\\\/admisiones\\\/\"]}]},{\"@type\":\"BreadcrumbList\",\"@id\":\"https:\\\/\\\/www.sanluisrey.edu.co\\\/new\\\/admisiones\\\/#breadcrumb\",\"itemListElement\":[{\"@type\":\"ListItem\",\"position\":1,\"name\":\"Home\",\"item\":\"https:\\\/\\\/www.sanluisrey.edu.co\\\/new\\\/\"},{\"@type\":\"ListItem\",\"position\":2,\"name\":\"Admisiones\"}]},{\"@type\":\"WebSite\",\"@id\":\"https:\\\/\\\/www.sanluisrey.edu.co\\\/new\\\/#website\",\"url\":\"https:\\\/\\\/www.sanluisrey.edu.co\\\/new\\\/\",\"name\":\"Colegio San Luis Rey\",\"description\":\"Comunidad Franciscana Provincia de la Santa Fe\",\"potentialAction\":[{\"@type\":\"SearchAction\",\"target\":{\"@type\":\"EntryPoint\",\"urlTemplate\":\"https:\\\/\\\/www.sanluisrey.edu.co\\\/new\\\/?s={search_term_string}\"},\"query-input\":{\"@type\":\"PropertyValueSpecification\",\"valueRequired\":true,\"valueName\":\"search_term_string\"}}],\"inLanguage\":\"es\"}]}<\/script>\n<!-- \/ Yoast SEO plugin. -->","yoast_head_json":{"title":"Admisiones - Colegio San Luis Rey","robots":{"index":"index","follow":"follow","max-snippet":"max-snippet:-1","max-image-preview":"max-image-preview:large","max-video-preview":"max-video-preview:-1"},"canonical":"https:\/\/www.sanluisrey.edu.co\/new\/admisiones\/","og_locale":"es_ES","og_type":"article","og_title":"Admisiones - Colegio San Luis Rey","og_description":"ADMISIONES Nuestra instituci\u00f3n ofrece, los servicios educativos desde los tres (3) a\u00f1os de edad para el grado prejard\u00edn y hasta el grado und\u00e9cimo. Apreciados padres de familia, reciban un cordial saludo de Paz y Bien. En nombre de las Directivas de esta instituci\u00f3n, queremos agradecerles su inter\u00e9s en escoger nuestra [&hellip;]","og_url":"https:\/\/www.sanluisrey.edu.co\/new\/admisiones\/","og_site_name":"Colegio San Luis Rey","article_modified_time":"2025-09-17T16:15:20+00:00","twitter_card":"summary_large_image","twitter_misc":{"Tiempo de lectura":"3 minutos"},"schema":{"@context":"https:\/\/schema.org","@graph":[{"@type":"WebPage","@id":"https:\/\/www.sanluisrey.edu.co\/new\/admisiones\/","url":"https:\/\/www.sanluisrey.edu.co\/new\/admisiones\/","name":"Admisiones - Colegio San Luis Rey","isPartOf":{"@id":"https:\/\/www.sanluisrey.edu.co\/new\/#website"},"datePublished":"2020-01-02T15:04:50+00:00","dateModified":"2025-09-17T16:15:20+00:00","breadcrumb":{"@id":"https:\/\/www.sanluisrey.edu.co\/new\/admisiones\/#breadcrumb"},"inLanguage":"es","potentialAction":[{"@type":"ReadAction","target":["https:\/\/www.sanluisrey.edu.co\/new\/admisiones\/"]}]},{"@type":"BreadcrumbList","@id":"https:\/\/www.sanluisrey.edu.co\/new\/admisiones\/#breadcrumb","itemListElement":[{"@type":"ListItem","position":1,"name":"Home","item":"https:\/\/www.sanluisrey.edu.co\/new\/"},{"@type":"ListItem","position":2,"name":"Admisiones"}]},{"@type":"WebSite","@id":"https:\/\/www.sanluisrey.edu.co\/new\/#website","url":"https:\/\/www.sanluisrey.edu.co\/new\/","name":"Colegio San Luis Rey","description":"Comunidad Franciscana Provincia de la Santa Fe","potentialAction":[{"@type":"SearchAction","target":{"@type":"EntryPoint","urlTemplate":"https:\/\/www.sanluisrey.edu.co\/new\/?s={search_term_string}"},"query-input":{"@type":"PropertyValueSpecification","valueRequired":true,"valueName":"search_term_string"}}],"inLanguage":"es"}]}},"jetpack_sharing_enabled":true,"_links":{"self":[{"href":"https:\/\/www.sanluisrey.edu.co\/new\/wp-json\/wp\/v2\/pages\/171","targetHints":{"allow":["GET"]}}],"collection":[{"href":"https:\/\/www.sanluisrey.edu.co\/new\/wp-json\/wp\/v2\/pages"}],"about":[{"href":"https:\/\/www.sanluisrey.edu.co\/new\/wp-json\/wp\/v2\/types\/page"}],"author":[{"embeddable":true,"href":"https:\/\/www.sanluisrey.edu.co\/new\/wp-json\/wp\/v2\/users\/1"}],"replies":[{"embeddable":true,"href":"https:\/\/www.sanluisrey.edu.co\/new\/wp-json\/wp\/v2\/comments?post=171"}],"version-history":[{"count":75,"href":"https:\/\/www.sanluisrey.edu.co\/new\/wp-json\/wp\/v2\/pages\/171\/revisions"}],"predecessor-version":[{"id":19594,"href":"https:\/\/www.sanluisrey.edu.co\/new\/wp-json\/wp\/v2\/pages\/171\/revisions\/19594"}],"wp:attachment":[{"href":"https:\/\/www.sanluisrey.edu.co\/new\/wp-json\/wp\/v2\/media?parent=171"}],"curies":[{"name":"wp","href":"https:\/\/api.w.org\/{rel}","templated":true}]}}