{"id":5452,"date":"2020-07-14T14:30:43","date_gmt":"2020-07-14T19:30:43","guid":{"rendered":"https:\/\/www.sanluisrey.edu.co\/new\/?page_id=5452"},"modified":"2021-11-10T10:06:11","modified_gmt":"2021-11-10T15:06:11","slug":"horario-evaluaciones-primaria","status":"publish","type":"page","link":"https:\/\/www.sanluisrey.edu.co\/new\/horario-evaluaciones-primaria\/","title":{"rendered":"Horario evaluaciones -Primaria"},"content":{"rendered":"\t\t<div data-elementor-type=\"wp-page\" data-elementor-id=\"5452\" class=\"elementor elementor-5452\">\n\t\t\t\t\t\t<section class=\"elementor-section elementor-top-section elementor-element elementor-element-221ccd2 elementor-section-boxed elementor-section-height-default elementor-section-height-default\" data-id=\"221ccd2\" data-element_type=\"section\" data-e-type=\"section\">\n\t\t\t\t\t\t<div class=\"elementor-container elementor-column-gap-default\">\n\t\t\t\t\t<div class=\"elementor-column elementor-col-100 elementor-top-column elementor-element elementor-element-1ed0356\" data-id=\"1ed0356\" data-element_type=\"column\" data-e-type=\"column\">\n\t\t\t<div class=\"elementor-widget-wrap elementor-element-populated\">\n\t\t\t\t\t\t<div class=\"elementor-element elementor-element-f32e9b9 elementor-widget elementor-widget-heading\" data-id=\"f32e9b9\" data-element_type=\"widget\" data-e-type=\"widget\" data-widget_type=\"heading.default\">\n\t\t\t\t<div class=\"elementor-widget-container\">\n\t\t\t\t\t<h3 class=\"elementor-heading-title elementor-size-small\">Horario de habilitaciones <\/h3>\t\t\t\t<\/div>\n\t\t\t\t<\/div>\n\t\t\t\t<div class=\"elementor-element elementor-element-9aae04e elementor-widget-divider--view-line elementor-widget elementor-widget-divider\" data-id=\"9aae04e\" data-element_type=\"widget\" data-e-type=\"widget\" data-widget_type=\"divider.default\">\n\t\t\t\t<div class=\"elementor-widget-container\">\n\t\t\t\t\t\t\t<div class=\"elementor-divider\">\n\t\t\t<span class=\"elementor-divider-separator\">\n\t\t\t\t\t\t<\/span>\n\t\t<\/div>\n\t\t\t\t\t\t<\/div>\n\t\t\t\t<\/div>\n\t\t\t\t\t<\/div>\n\t\t<\/div>\n\t\t\t\t\t<\/div>\n\t\t<\/section>\n\t\t\t\t<section class=\"elementor-section elementor-top-section elementor-element elementor-element-abfea29 elementor-section-boxed elementor-section-height-default elementor-section-height-default\" data-id=\"abfea29\" data-element_type=\"section\" data-e-type=\"section\">\n\t\t\t\t\t\t<div class=\"elementor-container elementor-column-gap-default\">\n\t\t\t\t\t<div class=\"elementor-column elementor-col-100 elementor-top-column elementor-element elementor-element-5ee78b0\" data-id=\"5ee78b0\" data-element_type=\"column\" data-e-type=\"column\">\n\t\t\t<div class=\"elementor-widget-wrap elementor-element-populated\">\n\t\t\t\t\t\t<div class=\"elementor-element elementor-element-79b9868 elementor-widget elementor-widget-text-editor\" data-id=\"79b9868\" data-element_type=\"widget\" data-e-type=\"widget\" data-widget_type=\"text-editor.default\">\n\t\t\t\t<div class=\"elementor-widget-container\">\n\t\t\t\t\t\t\t\t\t<h3 data-elementor-setting-key=\"title\" data-pen-placeholder=\"Teclea aqu\u00ed...\" style=\"font-family: Montserrat, montserrat; font-weight: 600; color: #002793; font-size: 25px; outline-style: initial; outline-width: 0px; text-shadow: #54595f 0px 0px 10px; text-align: center;\">Coordinacion 3\u00a0 y 4<\/h3>\t\t\t\t\t\t\t\t<\/div>\n\t\t\t\t<\/div>\n\t\t\t\t\t<\/div>\n\t\t<\/div>\n\t\t\t\t\t<\/div>\n\t\t<\/section>\n\t\t\t\t<section class=\"elementor-section elementor-top-section elementor-element elementor-element-a728877 elementor-section-boxed elementor-section-height-default elementor-section-height-default\" data-id=\"a728877\" data-element_type=\"section\" data-e-type=\"section\">\n\t\t\t\t\t\t<div class=\"elementor-container elementor-column-gap-default\">\n\t\t\t\t\t<div class=\"elementor-column elementor-col-100 elementor-top-column elementor-element elementor-element-51f1051\" data-id=\"51f1051\" data-element_type=\"column\" data-e-type=\"column\">\n\t\t\t<div class=\"elementor-widget-wrap elementor-element-populated\">\n\t\t\t\t\t\t<div class=\"elementor-element elementor-element-21cb98c elementor-widget elementor-widget-eael-advanced-data-table\" data-id=\"21cb98c\" data-element_type=\"widget\" data-e-type=\"widget\" data-widget_type=\"eael-advanced-data-table.default\">\n\t\t\t\t<div class=\"elementor-widget-container\">\n\t\t\t\t\t<div class=\"ea-advanced-data-table-wrap\" data-id=\"21cb98c\"><div class=\"ea-advanced-data-table-wrap-inner\">\n                <table class=\"ea-advanced-data-table ea-advanced-data-table-ninja ea-advanced-data-table-21cb98c\" data-id=\"21cb98c\"><thead><tr><th style=\"width:\">Hora<\/th><th style=\"width:\">Sexto<\/th><th style=\"width:\">S\u00e9ptimo<\/th><th style=\"width:\">Octavo<\/th><th style=\"width:\">Noveno<\/th><th style=\"width:\">D\u00e9cimo<\/th><th>Und\u00e9cimo<\/th><\/tr><\/thead><tbody><tr><td>1H - 6:30 a.m<\/td><td>Matem\u00e1ticas<\/td><td>Estad\u00edstica<\/td><td>Algebra<\/td><td>Ciencias<\/td><td>Trigonometr\u00eda<\/td><td>Biolog\u00eda<\/td><\/tr><tr><td>2H - 7:15 a.m.<\/td><td>Ciencias<\/td><td>Matem\u00e1ticas<\/td><td>Estad\u00edstica<\/td><td>\u00c1lgebra<\/td><td>Qu\u00edmica<\/td><td>Ciencias Pol\u00edticas<\/td><\/tr><tr><td>3H -  8:00 a.m.<\/td><td>Historia<\/td><td>Ciencias Naturales<\/td><td>Geograf\u00eda<\/td><td>Estad\u00edstica<\/td><td>Ciencias Pol\u00edticas<\/td><td>Qu\u00edmica<\/td><\/tr><tr><td>8:45 a.m.  a  9:15 a.m.<\/td><td>DESCANSO<\/td><td><\/td><td><\/td><td><\/td><td><\/td><td><\/td><\/tr><tr><td>4H -  9:15 a.m<\/td><td>Espa\u00f1ol<\/td><td>Lectura Cr\u00edtica<\/td><td>Ciencias naturales<\/td><td>Geograf\u00eda<\/td><td>Biolog\u00eda<\/td><td>C\u00e1lculo<\/td><\/tr><tr><td>5H -  10:00 a.m.<\/td><td>Geometria<\/td><td>Espa\u00f1ol<\/td><td>Historia<\/td><td>Lectura Cr\u00edtica<\/td><td>F\u00edsica<\/td><td>Estad\u00edstica<\/td><\/tr><tr><td>6H -  10:45 a.m.<\/td><td>Tecnolog\u00eda<\/td><td>Geometr\u00eda<\/td><td>Lectura Cr\u00edtica<\/td><td>Geometr\u00eda<\/td><td>Estad\u00edstica<\/td><td>F\u00edsica<\/td><\/tr><tr><td>7H -  11:30 a.m.<\/td><td>Lectura Cr\u00edtica<\/td><td>Tecnolog\u00eda<\/td><td>Geometr\u00eda<\/td><td>Espa\u00f1ol<\/td><td>Geometr\u00eda<\/td><td>Geometr\u00eda<\/td><\/tr><tr><td>12:15 p.m  a  12:45 p.m.<\/td><td>DESCANSO<\/td><td><\/td><td><\/td><td><\/td><td><\/td><td><\/td><\/tr><tr><td>8H - 12:35 p.m.<\/td><td>Geograf\u00eda<\/td><td>Historia<\/td><td>Tecnolog\u00eda<\/td><td>Historia<\/td><td>Lectura Cr\u00edtica<\/td><td>Tecnolog\u00eda<\/td><\/tr><tr><td>9H-  1:20 p.m.<\/td><td>Estad\u00edstica<\/td><td>Geograf\u00eda<\/td><td>Espa\u00f1ol<\/td><td>Tecnolog\u00eda<\/td><td>Tecnolog\u00eda<\/td><td>Lectura Cr\u00edtica<\/td><\/tr><\/tbody><\/table>\n            <\/div><\/div>\t\t\t\t<\/div>\n\t\t\t\t<\/div>\n\t\t\t\t\t<\/div>\n\t\t<\/div>\n\t\t\t\t\t<\/div>\n\t\t<\/section>\n\t\t\t\t<section class=\"elementor-section elementor-top-section elementor-element elementor-element-2d92606 elementor-section-boxed elementor-section-height-default elementor-section-height-default\" data-id=\"2d92606\" data-element_type=\"section\" data-e-type=\"section\">\n\t\t\t\t\t\t<div class=\"elementor-container elementor-column-gap-default\">\n\t\t\t\t\t<div class=\"elementor-column elementor-col-100 elementor-top-column elementor-element elementor-element-c1c8e10\" data-id=\"c1c8e10\" data-element_type=\"column\" data-e-type=\"column\">\n\t\t\t<div class=\"elementor-widget-wrap elementor-element-populated\">\n\t\t\t\t\t\t<div class=\"elementor-element elementor-element-f512983 elementor-widget elementor-widget-text-editor\" data-id=\"f512983\" data-element_type=\"widget\" data-e-type=\"widget\" data-widget_type=\"text-editor.default\">\n\t\t\t\t<div class=\"elementor-widget-container\">\n\t\t\t\t\t\t\t\t\t<h3 data-elementor-setting-key=\"title\" data-pen-placeholder=\"Teclea aqu\u00ed...\" style=\"font-family: Montserrat, montserrat; font-weight: 600; color: #002793; font-size: 25px; outline-style: initial; outline-width: 0px; text-shadow: #54595f 0px 0px 10px; text-align: center;\">xxxx<\/h3>\t\t\t\t\t\t\t\t<\/div>\n\t\t\t\t<\/div>\n\t\t\t\t\t<\/div>\n\t\t<\/div>\n\t\t\t\t\t<\/div>\n\t\t<\/section>\n\t\t\t\t<\/div>\n\t\t","protected":false},"excerpt":{"rendered":"<p>Horario de habilitaciones Coordinacion 3\u00a0 y 4 Hora Sexto S\u00e9ptimo Octavo Noveno D\u00e9cimo Und\u00e9cimo 1H &#8211; 6:30 a.m Matem\u00e1ticas Estad\u00edstica Algebra Ciencias Trigonometr\u00eda Biolog\u00eda 2H &#8211; 7:15 a.m. Ciencias Matem\u00e1ticas Estad\u00edstica \u00c1lgebra Qu\u00edmica Ciencias Pol\u00edticas 3H &#8211; 8:00 a.m. Historia Ciencias Naturales Geograf\u00eda Estad\u00edstica Ciencias Pol\u00edticas Qu\u00edmica 8:45 a.m. a [&hellip;]<\/p>\n","protected":false},"author":1,"featured_media":0,"parent":0,"menu_order":0,"comment_status":"closed","ping_status":"closed","template":"elementor_canvas","meta":{"_monsterinsights_skip_tracking":false,"_monsterinsights_sitenote_active":false,"_monsterinsights_sitenote_note":"","_monsterinsights_sitenote_category":0,"two_page_speed":[],"footnotes":""},"class_list":["post-5452","page","type-page","status-publish","hentry"],"yoast_head":"<!-- This site is optimized with the Yoast SEO plugin v27.1.1 - https:\/\/yoast.com\/product\/yoast-seo-wordpress\/ -->\n<title>Horario evaluaciones -Primaria - Colegio San Luis Rey<\/title>\n<meta name=\"robots\" content=\"index, follow, max-snippet:-1, max-image-preview:large, max-video-preview:-1\" \/>\n<link rel=\"canonical\" href=\"https:\/\/www.sanluisrey.edu.co\/new\/horario-evaluaciones-primaria\/\" \/>\n<meta property=\"og:locale\" content=\"es_ES\" \/>\n<meta property=\"og:type\" content=\"article\" \/>\n<meta property=\"og:title\" content=\"Horario evaluaciones -Primaria - Colegio San Luis Rey\" \/>\n<meta property=\"og:description\" content=\"Horario de habilitaciones Coordinacion 3\u00a0 y 4 Hora Sexto S\u00e9ptimo Octavo Noveno D\u00e9cimo Und\u00e9cimo 1H &#8211; 6:30 a.m Matem\u00e1ticas Estad\u00edstica Algebra Ciencias Trigonometr\u00eda Biolog\u00eda 2H &#8211; 7:15 a.m. Ciencias Matem\u00e1ticas Estad\u00edstica \u00c1lgebra Qu\u00edmica Ciencias Pol\u00edticas 3H &#8211; 8:00 a.m. Historia Ciencias Naturales Geograf\u00eda Estad\u00edstica Ciencias Pol\u00edticas Qu\u00edmica 8:45 a.m. a [&hellip;]\" \/>\n<meta property=\"og:url\" content=\"https:\/\/www.sanluisrey.edu.co\/new\/horario-evaluaciones-primaria\/\" \/>\n<meta property=\"og:site_name\" content=\"Colegio San Luis Rey\" \/>\n<meta property=\"article:modified_time\" content=\"2021-11-10T15:06:11+00:00\" \/>\n<meta name=\"twitter:card\" content=\"summary_large_image\" \/>\n<meta name=\"twitter:label1\" content=\"Tiempo de lectura\" \/>\n\t<meta name=\"twitter:data1\" content=\"1 minuto\" \/>\n<script type=\"application\/ld+json\" class=\"yoast-schema-graph\">{\"@context\":\"https:\/\/schema.org\",\"@graph\":[{\"@type\":\"WebPage\",\"@id\":\"https:\/\/www.sanluisrey.edu.co\/new\/horario-evaluaciones-primaria\/\",\"url\":\"https:\/\/www.sanluisrey.edu.co\/new\/horario-evaluaciones-primaria\/\",\"name\":\"Horario evaluaciones -Primaria - Colegio San Luis Rey\",\"isPartOf\":{\"@id\":\"https:\/\/www.sanluisrey.edu.co\/new\/#website\"},\"datePublished\":\"2020-07-14T19:30:43+00:00\",\"dateModified\":\"2021-11-10T15:06:11+00:00\",\"breadcrumb\":{\"@id\":\"https:\/\/www.sanluisrey.edu.co\/new\/horario-evaluaciones-primaria\/#breadcrumb\"},\"inLanguage\":\"es\",\"potentialAction\":[{\"@type\":\"ReadAction\",\"target\":[\"https:\/\/www.sanluisrey.edu.co\/new\/horario-evaluaciones-primaria\/\"]}]},{\"@type\":\"BreadcrumbList\",\"@id\":\"https:\/\/www.sanluisrey.edu.co\/new\/horario-evaluaciones-primaria\/#breadcrumb\",\"itemListElement\":[{\"@type\":\"ListItem\",\"position\":1,\"name\":\"Home\",\"item\":\"https:\/\/www.sanluisrey.edu.co\/new\/\"},{\"@type\":\"ListItem\",\"position\":2,\"name\":\"Horario evaluaciones -Primaria\"}]},{\"@type\":\"WebSite\",\"@id\":\"https:\/\/www.sanluisrey.edu.co\/new\/#website\",\"url\":\"https:\/\/www.sanluisrey.edu.co\/new\/\",\"name\":\"Colegio San Luis Rey\",\"description\":\"Comunidad Franciscana Provincia de la Santa Fe\",\"potentialAction\":[{\"@type\":\"SearchAction\",\"target\":{\"@type\":\"EntryPoint\",\"urlTemplate\":\"https:\/\/www.sanluisrey.edu.co\/new\/?s={search_term_string}\"},\"query-input\":{\"@type\":\"PropertyValueSpecification\",\"valueRequired\":true,\"valueName\":\"search_term_string\"}}],\"inLanguage\":\"es\"}]}<\/script>\n<!-- \/ Yoast SEO plugin. -->","yoast_head_json":{"title":"Horario evaluaciones -Primaria - Colegio San Luis Rey","robots":{"index":"index","follow":"follow","max-snippet":"max-snippet:-1","max-image-preview":"max-image-preview:large","max-video-preview":"max-video-preview:-1"},"canonical":"https:\/\/www.sanluisrey.edu.co\/new\/horario-evaluaciones-primaria\/","og_locale":"es_ES","og_type":"article","og_title":"Horario evaluaciones -Primaria - Colegio San Luis Rey","og_description":"Horario de habilitaciones Coordinacion 3\u00a0 y 4 Hora Sexto S\u00e9ptimo Octavo Noveno D\u00e9cimo Und\u00e9cimo 1H &#8211; 6:30 a.m Matem\u00e1ticas Estad\u00edstica Algebra Ciencias Trigonometr\u00eda Biolog\u00eda 2H &#8211; 7:15 a.m. Ciencias Matem\u00e1ticas Estad\u00edstica \u00c1lgebra Qu\u00edmica Ciencias Pol\u00edticas 3H &#8211; 8:00 a.m. Historia Ciencias Naturales Geograf\u00eda Estad\u00edstica Ciencias Pol\u00edticas Qu\u00edmica 8:45 a.m. a [&hellip;]","og_url":"https:\/\/www.sanluisrey.edu.co\/new\/horario-evaluaciones-primaria\/","og_site_name":"Colegio San Luis Rey","article_modified_time":"2021-11-10T15:06:11+00:00","twitter_card":"summary_large_image","twitter_misc":{"Tiempo de lectura":"1 minuto"},"schema":{"@context":"https:\/\/schema.org","@graph":[{"@type":"WebPage","@id":"https:\/\/www.sanluisrey.edu.co\/new\/horario-evaluaciones-primaria\/","url":"https:\/\/www.sanluisrey.edu.co\/new\/horario-evaluaciones-primaria\/","name":"Horario evaluaciones -Primaria - Colegio San Luis Rey","isPartOf":{"@id":"https:\/\/www.sanluisrey.edu.co\/new\/#website"},"datePublished":"2020-07-14T19:30:43+00:00","dateModified":"2021-11-10T15:06:11+00:00","breadcrumb":{"@id":"https:\/\/www.sanluisrey.edu.co\/new\/horario-evaluaciones-primaria\/#breadcrumb"},"inLanguage":"es","potentialAction":[{"@type":"ReadAction","target":["https:\/\/www.sanluisrey.edu.co\/new\/horario-evaluaciones-primaria\/"]}]},{"@type":"BreadcrumbList","@id":"https:\/\/www.sanluisrey.edu.co\/new\/horario-evaluaciones-primaria\/#breadcrumb","itemListElement":[{"@type":"ListItem","position":1,"name":"Home","item":"https:\/\/www.sanluisrey.edu.co\/new\/"},{"@type":"ListItem","position":2,"name":"Horario evaluaciones -Primaria"}]},{"@type":"WebSite","@id":"https:\/\/www.sanluisrey.edu.co\/new\/#website","url":"https:\/\/www.sanluisrey.edu.co\/new\/","name":"Colegio San Luis Rey","description":"Comunidad Franciscana Provincia de la Santa Fe","potentialAction":[{"@type":"SearchAction","target":{"@type":"EntryPoint","urlTemplate":"https:\/\/www.sanluisrey.edu.co\/new\/?s={search_term_string}"},"query-input":{"@type":"PropertyValueSpecification","valueRequired":true,"valueName":"search_term_string"}}],"inLanguage":"es"}]}},"jetpack_sharing_enabled":true,"_links":{"self":[{"href":"https:\/\/www.sanluisrey.edu.co\/new\/wp-json\/wp\/v2\/pages\/5452","targetHints":{"allow":["GET"]}}],"collection":[{"href":"https:\/\/www.sanluisrey.edu.co\/new\/wp-json\/wp\/v2\/pages"}],"about":[{"href":"https:\/\/www.sanluisrey.edu.co\/new\/wp-json\/wp\/v2\/types\/page"}],"author":[{"embeddable":true,"href":"https:\/\/www.sanluisrey.edu.co\/new\/wp-json\/wp\/v2\/users\/1"}],"replies":[{"embeddable":true,"href":"https:\/\/www.sanluisrey.edu.co\/new\/wp-json\/wp\/v2\/comments?post=5452"}],"version-history":[{"count":46,"href":"https:\/\/www.sanluisrey.edu.co\/new\/wp-json\/wp\/v2\/pages\/5452\/revisions"}],"predecessor-version":[{"id":7536,"href":"https:\/\/www.sanluisrey.edu.co\/new\/wp-json\/wp\/v2\/pages\/5452\/revisions\/7536"}],"wp:attachment":[{"href":"https:\/\/www.sanluisrey.edu.co\/new\/wp-json\/wp\/v2\/media?parent=5452"}],"curies":[{"name":"wp","href":"https:\/\/api.w.org\/{rel}","templated":true}]}}