{"id":56,"date":"2019-12-24T09:45:12","date_gmt":"2019-12-24T14:45:12","guid":{"rendered":"http:\/\/www.visualbit.co\/sanluis\/?page_id=56"},"modified":"2025-11-28T08:11:46","modified_gmt":"2025-11-28T13:11:46","slug":"sede-principal","status":"publish","type":"page","link":"https:\/\/www.sanluisrey.edu.co\/new\/sede-principal\/","title":{"rendered":"Sede Principal"},"content":{"rendered":"\t\t<div data-elementor-type=\"wp-page\" data-elementor-id=\"56\" class=\"elementor elementor-56\">\n\t\t\t\t\t\t<section class=\"elementor-section elementor-top-section elementor-element elementor-element-b6b68b3 elementor-section-boxed elementor-section-height-default elementor-section-height-default\" data-id=\"b6b68b3\" data-element_type=\"section\" data-e-type=\"section\">\n\t\t\t\t\t\t<div class=\"elementor-container elementor-column-gap-default\">\n\t\t\t\t\t<div class=\"elementor-column elementor-col-100 elementor-top-column elementor-element elementor-element-bf5e5df\" data-id=\"bf5e5df\" data-element_type=\"column\" data-e-type=\"column\">\n\t\t\t<div class=\"elementor-widget-wrap elementor-element-populated\">\n\t\t\t\t\t\t<div class=\"elementor-element elementor-element-d161afb elementor-widget elementor-widget-heading\" data-id=\"d161afb\" data-element_type=\"widget\" data-e-type=\"widget\" data-widget_type=\"heading.default\">\n\t\t\t\t<div class=\"elementor-widget-container\">\n\t\t\t\t\t<h1 class=\"elementor-heading-title elementor-size-default\">SEDE PRINCIPAL<\/h1>\t\t\t\t<\/div>\n\t\t\t\t<\/div>\n\t\t\t\t<div class=\"elementor-element elementor-element-d8fd756 elementor-widget-divider--view-line elementor-widget elementor-widget-divider\" data-id=\"d8fd756\" data-element_type=\"widget\" data-e-type=\"widget\" data-widget_type=\"divider.default\">\n\t\t\t\t<div class=\"elementor-widget-container\">\n\t\t\t\t\t\t\t<div class=\"elementor-divider\">\n\t\t\t<span class=\"elementor-divider-separator\">\n\t\t\t\t\t\t<\/span>\n\t\t<\/div>\n\t\t\t\t\t\t<\/div>\n\t\t\t\t<\/div>\n\t\t\t\t\t<\/div>\n\t\t<\/div>\n\t\t\t\t\t<\/div>\n\t\t<\/section>\n\t\t\t\t<section class=\"elementor-section elementor-top-section elementor-element elementor-element-5468eb3 elementor-section-stretched elementor-section-boxed elementor-section-height-default elementor-section-height-default\" data-id=\"5468eb3\" data-element_type=\"section\" data-e-type=\"section\" data-settings=\"{&quot;stretch_section&quot;:&quot;section-stretched&quot;,&quot;background_background&quot;:&quot;classic&quot;}\">\n\t\t\t\t\t\t\t<div class=\"elementor-background-overlay\"><\/div>\n\t\t\t\t\t\t\t<div class=\"elementor-container elementor-column-gap-default\">\n\t\t\t\t\t<div class=\"elementor-column elementor-col-100 elementor-top-column elementor-element elementor-element-43db00c\" data-id=\"43db00c\" data-element_type=\"column\" data-e-type=\"column\">\n\t\t\t<div class=\"elementor-widget-wrap elementor-element-populated\">\n\t\t\t\t\t\t<div class=\"elementor-element elementor-element-b5bfcb2 elementor-widget elementor-widget-text-editor\" data-id=\"b5bfcb2\" data-element_type=\"widget\" data-e-type=\"widget\" data-widget_type=\"text-editor.default\">\n\t\t\t\t<div class=\"elementor-widget-container\">\n\t\t\t\t\t\t\t\t\tEl COLEGIO SAN LUIS REY ubicado en la Av. Bol\u00edvar 40N-77, es una instituci\u00f3n confesional cat\u00f3lica orientada por frailes franciscanos, pionera en esta regi\u00f3n cafetera en la formaci\u00f3n de personas integrales de PAZ Y BIEN, basada en valores humano-franciscanos.\n\nEn nuestra Sede Principal contamos con un \u00e1rea de zonas verdes, en donde nuestros estudiantes pueden sentirse integrados al hermoso paisaje cafetero. Disponemos de aulas de clase dotadas de tecnolog\u00eda para facilitar el aprendizaje; biblioteca; capilla; coliseo cubierto; salas de sistemas; aula de ingl\u00e9s; sal\u00f3n de danzas; canchas de f\u00fatbol, baloncesto y voleibol; cafeter\u00eda-restaurante; papeler\u00eda y ante todo un capital humano profesional en cada una de las \u00e1reas del conocimiento; Orientaci\u00f3n Escolar; Enfermer\u00eda; Entrenadores Deportivos en las disciplinas de: Nataci\u00f3n, Voleibol y Basquetbol.\n\n\t\t\t\t\t\t\t\t<\/div>\n\t\t\t\t<\/div>\n\t\t\t\t<div class=\"elementor-element elementor-element-00f6224 elementor-widget elementor-widget-video\" data-id=\"00f6224\" data-element_type=\"widget\" data-e-type=\"widget\" data-settings=\"{&quot;youtube_url&quot;:&quot;https:\\\/\\\/youtu.be\\\/BwczjuzlHpM&quot;,&quot;loop&quot;:&quot;yes&quot;,&quot;video_type&quot;:&quot;youtube&quot;,&quot;controls&quot;:&quot;yes&quot;}\" data-widget_type=\"video.default\">\n\t\t\t\t<div class=\"elementor-widget-container\">\n\t\t\t\t\t\t\t<div class=\"elementor-wrapper elementor-open-inline\">\n\t\t\t<div class=\"elementor-video\"><\/div>\t\t<\/div>\n\t\t\t\t\t\t<\/div>\n\t\t\t\t<\/div>\n\t\t\t\t\t<\/div>\n\t\t<\/div>\n\t\t\t\t\t<\/div>\n\t\t<\/section>\n\t\t\t\t<section class=\"elementor-section elementor-top-section elementor-element elementor-element-009d149 elementor-section-boxed elementor-section-height-default elementor-section-height-default\" data-id=\"009d149\" data-element_type=\"section\" data-e-type=\"section\">\n\t\t\t\t\t\t<div class=\"elementor-container elementor-column-gap-default\">\n\t\t\t\t\t<div class=\"elementor-column elementor-col-100 elementor-top-column elementor-element elementor-element-2bcc96e\" data-id=\"2bcc96e\" data-element_type=\"column\" data-e-type=\"column\">\n\t\t\t<div class=\"elementor-widget-wrap elementor-element-populated\">\n\t\t\t\t\t\t<div class=\"elementor-element elementor-element-9a346f6 elementor-widget elementor-widget-heading\" data-id=\"9a346f6\" data-element_type=\"widget\" data-e-type=\"widget\" data-widget_type=\"heading.default\">\n\t\t\t\t<div class=\"elementor-widget-container\">\n\t\t\t\t\t<h1 class=\"elementor-heading-title elementor-size-default\">RECORRIDO POR NUESTRAS INSTALACIONES<\/h1>\t\t\t\t<\/div>\n\t\t\t\t<\/div>\n\t\t\t\t<div class=\"elementor-element elementor-element-29d66f3 elementor-widget-divider--view-line elementor-widget elementor-widget-divider\" data-id=\"29d66f3\" data-element_type=\"widget\" data-e-type=\"widget\" data-widget_type=\"divider.default\">\n\t\t\t\t<div class=\"elementor-widget-container\">\n\t\t\t\t\t\t\t<div class=\"elementor-divider\">\n\t\t\t<span class=\"elementor-divider-separator\">\n\t\t\t\t\t\t<\/span>\n\t\t<\/div>\n\t\t\t\t\t\t<\/div>\n\t\t\t\t<\/div>\n\t\t\t\t\t<\/div>\n\t\t<\/div>\n\t\t\t\t\t<\/div>\n\t\t<\/section>\n\t\t\t\t<section class=\"elementor-section elementor-top-section elementor-element elementor-element-348076d elementor-section-stretched elementor-section-full_width elementor-section-height-default elementor-section-height-default\" data-id=\"348076d\" data-element_type=\"section\" data-e-type=\"section\" data-settings=\"{&quot;stretch_section&quot;:&quot;section-stretched&quot;}\">\n\t\t\t\t\t\t<div class=\"elementor-container elementor-column-gap-default\">\n\t\t\t\t\t<div class=\"elementor-column elementor-col-100 elementor-top-column elementor-element elementor-element-17d0656\" data-id=\"17d0656\" data-element_type=\"column\" data-e-type=\"column\">\n\t\t\t<div class=\"elementor-widget-wrap elementor-element-populated\">\n\t\t\t\t\t\t<div class=\"elementor-element elementor-element-c066340 elementor-widget__width-initial elementor-widget elementor-widget-e_image_hover_effects\" data-id=\"c066340\" data-element_type=\"widget\" data-e-type=\"widget\" data-widget_type=\"e_image_hover_effects.default\">\n\t\t\t\t<div class=\"elementor-widget-container\">\n\t\t\t\t\t\t\t\t<a href=\"https:\/\/www.sanluisrey.edu.co\/new\/galeria\/panoramicas\/\">\n\t\t\t\t\t<div class=\"eihe-box eihe-fade-in-up eihe_center\">\n\t\t\t\t<img fetchpriority=\"high\" decoding=\"async\" width=\"1900\" height=\"400\" src=\"https:\/\/www.sanluisrey.edu.co\/new\/wp-content\/uploads\/2024\/06\/7-PN.jpg\" class=\"attachment-full size-full wp-image-16653\" alt=\"\" srcset=\"https:\/\/www.sanluisrey.edu.co\/new\/wp-content\/uploads\/2024\/06\/7-PN.jpg 1900w, https:\/\/www.sanluisrey.edu.co\/new\/wp-content\/uploads\/2024\/06\/7-PN-300x63.jpg 300w, https:\/\/www.sanluisrey.edu.co\/new\/wp-content\/uploads\/2024\/06\/7-PN-1024x216.jpg 1024w, https:\/\/www.sanluisrey.edu.co\/new\/wp-content\/uploads\/2024\/06\/7-PN-768x162.jpg 768w, https:\/\/www.sanluisrey.edu.co\/new\/wp-content\/uploads\/2024\/06\/7-PN-1536x323.jpg 1536w, https:\/\/www.sanluisrey.edu.co\/new\/wp-content\/uploads\/2024\/06\/7-PN-600x126.jpg 600w\" sizes=\"(max-width: 1900px) 100vw, 1900px\" \/>\t\t\t\t<div class=\"eihe-caption\">\n\t\t\t\t\t<div class=\"eihe-title-cover\">\n\t\t\t\t\t\t<div class=\"eihe-ileft eihe-icon\"><i aria-hidden=\"true\" class=\"far fa-hand-point-right\"><\/i> <\/div> \t\t\t\t\t\t<h3 class=\"eihe-title\">INGRESA<\/h3>\n\t\t\t\t\t\t\t\t\t\t\t<\/div>\n\t\t\t\t\t<p><\/p>\n\t\t\t\t<\/div>\n\t\t\t<\/div>\n\t\t\t\t\t<\/a>\n\t\t\t\t\t\t<\/div>\n\t\t\t\t<\/div>\n\t\t\t\t<div class=\"elementor-element elementor-element-261aaa0 elementor-widget elementor-widget-google_maps\" data-id=\"261aaa0\" data-element_type=\"widget\" data-e-type=\"widget\" data-widget_type=\"google_maps.default\">\n\t\t\t\t<div class=\"elementor-widget-container\">\n\t\t\t\t\t\t\t<div class=\"elementor-custom-embed\">\n\t\t\t<iframe\n\t\t\t\t\tdata-src=\"https:\/\/maps.google.com\/maps?q=SAN%20LUIS%20REY&#038;t=m&#038;z=15&#038;output=embed&#038;iwloc=near\"\n\t\t\t\t\ttitle=\"SAN LUIS REY\"\n\t\t\t\t\taria-label=\"SAN LUIS REY\"\n\t\t\t src=\"data:image\/svg+xml;base64,PHN2ZyB3aWR0aD0iMSIgaGVpZ2h0PSIxIiB4bWxucz0iaHR0cDovL3d3dy53My5vcmcvMjAwMC9zdmciPjwvc3ZnPg==\" class=\"lazyload\" data-load-mode=\"1\"><\/iframe>\n\t\t<\/div>\n\t\t\t\t\t\t<\/div>\n\t\t\t\t<\/div>\n\t\t\t\t\t<\/div>\n\t\t<\/div>\n\t\t\t\t\t<\/div>\n\t\t<\/section>\n\t\t\t\t<\/div>\n\t\t","protected":false},"excerpt":{"rendered":"<p>SEDE PRINCIPAL El COLEGIO SAN LUIS REY ubicado en la Av. Bol\u00edvar 40N-77, es una instituci\u00f3n confesional cat\u00f3lica orientada por frailes franciscanos, pionera en esta regi\u00f3n cafetera en la formaci\u00f3n de personas integrales de PAZ Y BIEN, basada en valores humano-franciscanos. En nuestra Sede Principal contamos con un \u00e1rea de [&hellip;]<\/p>\n","protected":false},"author":1,"featured_media":0,"parent":0,"menu_order":0,"comment_status":"closed","ping_status":"closed","template":"elementor_canvas","meta":{"_monsterinsights_skip_tracking":false,"_monsterinsights_sitenote_active":false,"_monsterinsights_sitenote_note":"","_monsterinsights_sitenote_category":0,"two_page_speed":[],"footnotes":""},"class_list":["post-56","page","type-page","status-publish","hentry"],"yoast_head":"<!-- This site is optimized with the Yoast SEO plugin v27.3 - https:\/\/yoast.com\/product\/yoast-seo-wordpress\/ -->\n<title>Sede Principal - Colegio San Luis Rey<\/title>\n<meta name=\"robots\" content=\"index, follow, max-snippet:-1, max-image-preview:large, max-video-preview:-1\" \/>\n<link rel=\"canonical\" href=\"https:\/\/www.sanluisrey.edu.co\/new\/sede-principal\/\" \/>\n<meta property=\"og:locale\" content=\"es_ES\" \/>\n<meta property=\"og:type\" content=\"article\" \/>\n<meta property=\"og:title\" content=\"Sede Principal - Colegio San Luis Rey\" \/>\n<meta property=\"og:description\" content=\"SEDE PRINCIPAL El COLEGIO SAN LUIS REY ubicado en la Av. Bol\u00edvar 40N-77, es una instituci\u00f3n confesional cat\u00f3lica orientada por frailes franciscanos, pionera en esta regi\u00f3n cafetera en la formaci\u00f3n de personas integrales de PAZ Y BIEN, basada en valores humano-franciscanos. En nuestra Sede Principal contamos con un \u00e1rea de [&hellip;]\" \/>\n<meta property=\"og:url\" content=\"https:\/\/www.sanluisrey.edu.co\/new\/sede-principal\/\" \/>\n<meta property=\"og:site_name\" content=\"Colegio San Luis Rey\" \/>\n<meta property=\"article:modified_time\" content=\"2025-11-28T13:11:46+00:00\" \/>\n<meta property=\"og:image\" content=\"https:\/\/www.sanluisrey.edu.co\/new\/wp-content\/uploads\/2024\/06\/7-PN.jpg\" \/>\n\t<meta property=\"og:image:width\" content=\"1900\" \/>\n\t<meta property=\"og:image:height\" content=\"400\" \/>\n\t<meta property=\"og:image:type\" content=\"image\/jpeg\" \/>\n<meta name=\"twitter:card\" content=\"summary_large_image\" \/>\n<meta name=\"twitter:label1\" content=\"Tiempo de lectura\" \/>\n\t<meta name=\"twitter:data1\" content=\"1 minuto\" \/>\n<script type=\"application\/ld+json\" class=\"yoast-schema-graph\">{\"@context\":\"https:\\\/\\\/schema.org\",\"@graph\":[{\"@type\":\"WebPage\",\"@id\":\"https:\\\/\\\/www.sanluisrey.edu.co\\\/new\\\/sede-principal\\\/\",\"url\":\"https:\\\/\\\/www.sanluisrey.edu.co\\\/new\\\/sede-principal\\\/\",\"name\":\"Sede Principal - Colegio San Luis Rey\",\"isPartOf\":{\"@id\":\"https:\\\/\\\/www.sanluisrey.edu.co\\\/new\\\/#website\"},\"primaryImageOfPage\":{\"@id\":\"https:\\\/\\\/www.sanluisrey.edu.co\\\/new\\\/sede-principal\\\/#primaryimage\"},\"image\":{\"@id\":\"https:\\\/\\\/www.sanluisrey.edu.co\\\/new\\\/sede-principal\\\/#primaryimage\"},\"thumbnailUrl\":\"https:\\\/\\\/www.sanluisrey.edu.co\\\/new\\\/wp-content\\\/uploads\\\/2024\\\/06\\\/7-PN.jpg\",\"datePublished\":\"2019-12-24T14:45:12+00:00\",\"dateModified\":\"2025-11-28T13:11:46+00:00\",\"breadcrumb\":{\"@id\":\"https:\\\/\\\/www.sanluisrey.edu.co\\\/new\\\/sede-principal\\\/#breadcrumb\"},\"inLanguage\":\"es\",\"potentialAction\":[{\"@type\":\"ReadAction\",\"target\":[\"https:\\\/\\\/www.sanluisrey.edu.co\\\/new\\\/sede-principal\\\/\"]}]},{\"@type\":\"ImageObject\",\"inLanguage\":\"es\",\"@id\":\"https:\\\/\\\/www.sanluisrey.edu.co\\\/new\\\/sede-principal\\\/#primaryimage\",\"url\":\"https:\\\/\\\/www.sanluisrey.edu.co\\\/new\\\/wp-content\\\/uploads\\\/2024\\\/06\\\/7-PN.jpg\",\"contentUrl\":\"https:\\\/\\\/www.sanluisrey.edu.co\\\/new\\\/wp-content\\\/uploads\\\/2024\\\/06\\\/7-PN.jpg\",\"width\":1900,\"height\":400},{\"@type\":\"BreadcrumbList\",\"@id\":\"https:\\\/\\\/www.sanluisrey.edu.co\\\/new\\\/sede-principal\\\/#breadcrumb\",\"itemListElement\":[{\"@type\":\"ListItem\",\"position\":1,\"name\":\"Home\",\"item\":\"https:\\\/\\\/www.sanluisrey.edu.co\\\/new\\\/\"},{\"@type\":\"ListItem\",\"position\":2,\"name\":\"Sede Principal\"}]},{\"@type\":\"WebSite\",\"@id\":\"https:\\\/\\\/www.sanluisrey.edu.co\\\/new\\\/#website\",\"url\":\"https:\\\/\\\/www.sanluisrey.edu.co\\\/new\\\/\",\"name\":\"Colegio San Luis Rey\",\"description\":\"Comunidad Franciscana Provincia de la Santa Fe\",\"potentialAction\":[{\"@type\":\"SearchAction\",\"target\":{\"@type\":\"EntryPoint\",\"urlTemplate\":\"https:\\\/\\\/www.sanluisrey.edu.co\\\/new\\\/?s={search_term_string}\"},\"query-input\":{\"@type\":\"PropertyValueSpecification\",\"valueRequired\":true,\"valueName\":\"search_term_string\"}}],\"inLanguage\":\"es\"}]}<\/script>\n<!-- \/ Yoast SEO plugin. -->","yoast_head_json":{"title":"Sede Principal - Colegio San Luis Rey","robots":{"index":"index","follow":"follow","max-snippet":"max-snippet:-1","max-image-preview":"max-image-preview:large","max-video-preview":"max-video-preview:-1"},"canonical":"https:\/\/www.sanluisrey.edu.co\/new\/sede-principal\/","og_locale":"es_ES","og_type":"article","og_title":"Sede Principal - Colegio San Luis Rey","og_description":"SEDE PRINCIPAL El COLEGIO SAN LUIS REY ubicado en la Av. Bol\u00edvar 40N-77, es una instituci\u00f3n confesional cat\u00f3lica orientada por frailes franciscanos, pionera en esta regi\u00f3n cafetera en la formaci\u00f3n de personas integrales de PAZ Y BIEN, basada en valores humano-franciscanos. En nuestra Sede Principal contamos con un \u00e1rea de [&hellip;]","og_url":"https:\/\/www.sanluisrey.edu.co\/new\/sede-principal\/","og_site_name":"Colegio San Luis Rey","article_modified_time":"2025-11-28T13:11:46+00:00","og_image":[{"width":1900,"height":400,"url":"https:\/\/www.sanluisrey.edu.co\/new\/wp-content\/uploads\/2024\/06\/7-PN.jpg","type":"image\/jpeg"}],"twitter_card":"summary_large_image","twitter_misc":{"Tiempo de lectura":"1 minuto"},"schema":{"@context":"https:\/\/schema.org","@graph":[{"@type":"WebPage","@id":"https:\/\/www.sanluisrey.edu.co\/new\/sede-principal\/","url":"https:\/\/www.sanluisrey.edu.co\/new\/sede-principal\/","name":"Sede Principal - Colegio San Luis Rey","isPartOf":{"@id":"https:\/\/www.sanluisrey.edu.co\/new\/#website"},"primaryImageOfPage":{"@id":"https:\/\/www.sanluisrey.edu.co\/new\/sede-principal\/#primaryimage"},"image":{"@id":"https:\/\/www.sanluisrey.edu.co\/new\/sede-principal\/#primaryimage"},"thumbnailUrl":"https:\/\/www.sanluisrey.edu.co\/new\/wp-content\/uploads\/2024\/06\/7-PN.jpg","datePublished":"2019-12-24T14:45:12+00:00","dateModified":"2025-11-28T13:11:46+00:00","breadcrumb":{"@id":"https:\/\/www.sanluisrey.edu.co\/new\/sede-principal\/#breadcrumb"},"inLanguage":"es","potentialAction":[{"@type":"ReadAction","target":["https:\/\/www.sanluisrey.edu.co\/new\/sede-principal\/"]}]},{"@type":"ImageObject","inLanguage":"es","@id":"https:\/\/www.sanluisrey.edu.co\/new\/sede-principal\/#primaryimage","url":"https:\/\/www.sanluisrey.edu.co\/new\/wp-content\/uploads\/2024\/06\/7-PN.jpg","contentUrl":"https:\/\/www.sanluisrey.edu.co\/new\/wp-content\/uploads\/2024\/06\/7-PN.jpg","width":1900,"height":400},{"@type":"BreadcrumbList","@id":"https:\/\/www.sanluisrey.edu.co\/new\/sede-principal\/#breadcrumb","itemListElement":[{"@type":"ListItem","position":1,"name":"Home","item":"https:\/\/www.sanluisrey.edu.co\/new\/"},{"@type":"ListItem","position":2,"name":"Sede Principal"}]},{"@type":"WebSite","@id":"https:\/\/www.sanluisrey.edu.co\/new\/#website","url":"https:\/\/www.sanluisrey.edu.co\/new\/","name":"Colegio San Luis Rey","description":"Comunidad Franciscana Provincia de la Santa Fe","potentialAction":[{"@type":"SearchAction","target":{"@type":"EntryPoint","urlTemplate":"https:\/\/www.sanluisrey.edu.co\/new\/?s={search_term_string}"},"query-input":{"@type":"PropertyValueSpecification","valueRequired":true,"valueName":"search_term_string"}}],"inLanguage":"es"}]}},"jetpack_sharing_enabled":true,"_links":{"self":[{"href":"https:\/\/www.sanluisrey.edu.co\/new\/wp-json\/wp\/v2\/pages\/56","targetHints":{"allow":["GET"]}}],"collection":[{"href":"https:\/\/www.sanluisrey.edu.co\/new\/wp-json\/wp\/v2\/pages"}],"about":[{"href":"https:\/\/www.sanluisrey.edu.co\/new\/wp-json\/wp\/v2\/types\/page"}],"author":[{"embeddable":true,"href":"https:\/\/www.sanluisrey.edu.co\/new\/wp-json\/wp\/v2\/users\/1"}],"replies":[{"embeddable":true,"href":"https:\/\/www.sanluisrey.edu.co\/new\/wp-json\/wp\/v2\/comments?post=56"}],"version-history":[{"count":45,"href":"https:\/\/www.sanluisrey.edu.co\/new\/wp-json\/wp\/v2\/pages\/56\/revisions"}],"predecessor-version":[{"id":19929,"href":"https:\/\/www.sanluisrey.edu.co\/new\/wp-json\/wp\/v2\/pages\/56\/revisions\/19929"}],"wp:attachment":[{"href":"https:\/\/www.sanluisrey.edu.co\/new\/wp-json\/wp\/v2\/media?parent=56"}],"curies":[{"name":"wp","href":"https:\/\/api.w.org\/{rel}","templated":true}]}}