{"id":3329,"date":"2020-06-04T17:26:39","date_gmt":"2020-06-04T22:26:39","guid":{"rendered":"http:\/\/www.visualbit.co\/sanluis\/?post_type=product&#038;p=3329"},"modified":"2020-06-04T17:34:33","modified_gmt":"2020-06-04T22:34:33","slug":"la-abuela-foods","status":"publish","type":"product","link":"https:\/\/www.sanluisrey.edu.co\/new\/producto\/la-abuela-foods\/","title":{"rendered":"La Abuela Foods"},"content":{"rendered":"","protected":false},"excerpt":{"rendered":"<p>La Abuela Foods<\/p>\n<p>La Abuela Foods les ofrece, men\u00fas fijos diferentes todos los d\u00edas de la semana, vendemos empanadas de carne y de pollo. Bu\u00f1uelos frescos. Lasa\u00f1as y tamales.<\/p>\n<p>Servicio a domicilio con todos los protocolos de bioseguridad. Atendemos de Lunes a Domingo Con horario de 7:00am a 5:00pm<\/p>\n<p>Facebook: <a href=\"https:\/\/web.facebook.com\/laabuelafoods\">@laabuelafoods<\/a><br \/>\nInstagram: <a href=\"https:\/\/www.instagram.com\/la_abuela_foods\/\">@La_Abuela_Foods<\/a><\/p>\n<p id=\"u46046-2\">Tel\u00e9fono:<\/p>\n<p id=\"u46046-4\">Celular: 3108056603<\/p>\n<p id=\"u46046-6\">Correo electr\u00f3nico: laabuelafoods@gmail.com<\/p>\n<p id=\"u46046-8\">Direcci\u00f3n: Av. Bolivar 45N #68<\/p>\n","protected":false},"featured_media":0,"comment_status":"open","ping_status":"closed","template":"","meta":{"_monsterinsights_skip_tracking":false,"_monsterinsights_sitenote_active":false,"_monsterinsights_sitenote_note":"","_monsterinsights_sitenote_category":0},"product_brand":[],"product_cat":[27],"product_tag":[],"class_list":{"0":"post-3329","1":"product","2":"type-product","3":"status-publish","5":"product_cat-restaurantes","7":"first","8":"instock","9":"shipping-taxable","10":"product-type-simple"},"yoast_head":"<!-- This site is optimized with the Yoast SEO plugin v27.5 - https:\/\/yoast.com\/product\/yoast-seo-wordpress\/ -->\n<title>La Abuela Foods - Colegio San Luis Rey<\/title>\n<meta name=\"robots\" content=\"index, follow, max-snippet:-1, max-image-preview:large, max-video-preview:-1\" \/>\n<link rel=\"canonical\" href=\"https:\/\/www.sanluisrey.edu.co\/new\/producto\/la-abuela-foods\/\" \/>\n<meta property=\"og:locale\" content=\"es_ES\" \/>\n<meta property=\"og:type\" content=\"article\" \/>\n<meta property=\"og:title\" content=\"La Abuela Foods - Colegio San Luis Rey\" \/>\n<meta property=\"og:description\" content=\"La Abuela Foods  La Abuela Foods les ofrece, men\u00fas fijos diferentes todos los d\u00edas de la semana, vendemos empanadas de carne y de pollo. Bu\u00f1uelos frescos. Lasa\u00f1as y tamales.  Servicio a domicilio con todos los protocolos de bioseguridad. Atendemos de Lunes a Domingo Con horario de 7:00am a 5:00pm  Facebook: @laabuelafoods Instagram: @La_Abuela_Foods Tel\u00e9fono: Celular: 3108056603 Correo electr\u00f3nico: laabuelafoods@gmail.com Direcci\u00f3n: Av. Bolivar 45N #68\" \/>\n<meta property=\"og:url\" content=\"https:\/\/www.sanluisrey.edu.co\/new\/producto\/la-abuela-foods\/\" \/>\n<meta property=\"og:site_name\" content=\"Colegio San Luis Rey\" \/>\n<meta property=\"article:modified_time\" content=\"2020-06-04T22:34:33+00:00\" \/>\n<meta property=\"og:image\" content=\"https:\/\/www.sanluisrey.edu.co\/new\/wp-content\/uploads\/2020\/06\/BA153337-ED5C-4C0A-B9A2-4391190B8BCB.jpeg\" \/>\n\t<meta property=\"og:image:width\" content=\"814\" \/>\n\t<meta property=\"og:image:height\" content=\"815\" \/>\n\t<meta property=\"og:image:type\" content=\"image\/jpeg\" \/>\n<meta name=\"twitter:card\" content=\"summary_large_image\" \/>\n<script type=\"application\/ld+json\" class=\"yoast-schema-graph\">{\"@context\":\"https:\\\/\\\/schema.org\",\"@graph\":[{\"@type\":\"WebPage\",\"@id\":\"https:\\\/\\\/www.sanluisrey.edu.co\\\/new\\\/producto\\\/la-abuela-foods\\\/\",\"url\":\"https:\\\/\\\/www.sanluisrey.edu.co\\\/new\\\/producto\\\/la-abuela-foods\\\/\",\"name\":\"La Abuela Foods - Colegio San Luis Rey\",\"isPartOf\":{\"@id\":\"https:\\\/\\\/www.sanluisrey.edu.co\\\/new\\\/#website\"},\"datePublished\":\"2020-06-04T22:26:39+00:00\",\"dateModified\":\"2020-06-04T22:34:33+00:00\",\"breadcrumb\":{\"@id\":\"https:\\\/\\\/www.sanluisrey.edu.co\\\/new\\\/producto\\\/la-abuela-foods\\\/#breadcrumb\"},\"inLanguage\":\"es\",\"potentialAction\":[{\"@type\":\"ReadAction\",\"target\":[\"https:\\\/\\\/www.sanluisrey.edu.co\\\/new\\\/producto\\\/la-abuela-foods\\\/\"]}]},{\"@type\":\"BreadcrumbList\",\"@id\":\"https:\\\/\\\/www.sanluisrey.edu.co\\\/new\\\/producto\\\/la-abuela-foods\\\/#breadcrumb\",\"itemListElement\":[{\"@type\":\"ListItem\",\"position\":1,\"name\":\"Home\",\"item\":\"https:\\\/\\\/www.sanluisrey.edu.co\\\/new\\\/\"},{\"@type\":\"ListItem\",\"position\":2,\"name\":\"#SanLuisCompraSanLuis\",\"item\":\"https:\\\/\\\/www.sanluisrey.edu.co\\\/new\\\/directorio-empresarial\\\/\"},{\"@type\":\"ListItem\",\"position\":3,\"name\":\"La Abuela Foods\"}]},{\"@type\":\"WebSite\",\"@id\":\"https:\\\/\\\/www.sanluisrey.edu.co\\\/new\\\/#website\",\"url\":\"https:\\\/\\\/www.sanluisrey.edu.co\\\/new\\\/\",\"name\":\"Colegio San Luis Rey\",\"description\":\"Comunidad Franciscana Provincia de la Santa Fe\",\"potentialAction\":[{\"@type\":\"SearchAction\",\"target\":{\"@type\":\"EntryPoint\",\"urlTemplate\":\"https:\\\/\\\/www.sanluisrey.edu.co\\\/new\\\/?s={search_term_string}\"},\"query-input\":{\"@type\":\"PropertyValueSpecification\",\"valueRequired\":true,\"valueName\":\"search_term_string\"}}],\"inLanguage\":\"es\"}]}<\/script>\n<!-- \/ Yoast SEO plugin. -->","yoast_head_json":{"title":"La Abuela Foods - Colegio San Luis Rey","robots":{"index":"index","follow":"follow","max-snippet":"max-snippet:-1","max-image-preview":"max-image-preview:large","max-video-preview":"max-video-preview:-1"},"canonical":"https:\/\/www.sanluisrey.edu.co\/new\/producto\/la-abuela-foods\/","og_locale":"es_ES","og_type":"article","og_title":"La Abuela Foods - Colegio San Luis Rey","og_description":"La Abuela Foods  La Abuela Foods les ofrece, men\u00fas fijos diferentes todos los d\u00edas de la semana, vendemos empanadas de carne y de pollo. Bu\u00f1uelos frescos. Lasa\u00f1as y tamales.  Servicio a domicilio con todos los protocolos de bioseguridad. Atendemos de Lunes a Domingo Con horario de 7:00am a 5:00pm  Facebook: @laabuelafoods Instagram: @La_Abuela_Foods Tel\u00e9fono: Celular: 3108056603 Correo electr\u00f3nico: laabuelafoods@gmail.com Direcci\u00f3n: Av. Bolivar 45N #68","og_url":"https:\/\/www.sanluisrey.edu.co\/new\/producto\/la-abuela-foods\/","og_site_name":"Colegio San Luis Rey","article_modified_time":"2020-06-04T22:34:33+00:00","og_image":[{"width":814,"height":815,"url":"https:\/\/www.sanluisrey.edu.co\/new\/wp-content\/uploads\/2020\/06\/BA153337-ED5C-4C0A-B9A2-4391190B8BCB.jpeg","type":"image\/jpeg"}],"twitter_card":"summary_large_image","schema":{"@context":"https:\/\/schema.org","@graph":[{"@type":"WebPage","@id":"https:\/\/www.sanluisrey.edu.co\/new\/producto\/la-abuela-foods\/","url":"https:\/\/www.sanluisrey.edu.co\/new\/producto\/la-abuela-foods\/","name":"La Abuela Foods - Colegio San Luis Rey","isPartOf":{"@id":"https:\/\/www.sanluisrey.edu.co\/new\/#website"},"datePublished":"2020-06-04T22:26:39+00:00","dateModified":"2020-06-04T22:34:33+00:00","breadcrumb":{"@id":"https:\/\/www.sanluisrey.edu.co\/new\/producto\/la-abuela-foods\/#breadcrumb"},"inLanguage":"es","potentialAction":[{"@type":"ReadAction","target":["https:\/\/www.sanluisrey.edu.co\/new\/producto\/la-abuela-foods\/"]}]},{"@type":"BreadcrumbList","@id":"https:\/\/www.sanluisrey.edu.co\/new\/producto\/la-abuela-foods\/#breadcrumb","itemListElement":[{"@type":"ListItem","position":1,"name":"Home","item":"https:\/\/www.sanluisrey.edu.co\/new\/"},{"@type":"ListItem","position":2,"name":"#SanLuisCompraSanLuis","item":"https:\/\/www.sanluisrey.edu.co\/new\/directorio-empresarial\/"},{"@type":"ListItem","position":3,"name":"La Abuela Foods"}]},{"@type":"WebSite","@id":"https:\/\/www.sanluisrey.edu.co\/new\/#website","url":"https:\/\/www.sanluisrey.edu.co\/new\/","name":"Colegio San Luis Rey","description":"Comunidad Franciscana Provincia de la Santa Fe","potentialAction":[{"@type":"SearchAction","target":{"@type":"EntryPoint","urlTemplate":"https:\/\/www.sanluisrey.edu.co\/new\/?s={search_term_string}"},"query-input":{"@type":"PropertyValueSpecification","valueRequired":true,"valueName":"search_term_string"}}],"inLanguage":"es"}]}},"jetpack_sharing_enabled":true,"_links":{"self":[{"href":"https:\/\/www.sanluisrey.edu.co\/new\/wp-json\/wp\/v2\/product\/3329","targetHints":{"allow":["GET"]}}],"collection":[{"href":"https:\/\/www.sanluisrey.edu.co\/new\/wp-json\/wp\/v2\/product"}],"about":[{"href":"https:\/\/www.sanluisrey.edu.co\/new\/wp-json\/wp\/v2\/types\/product"}],"replies":[{"embeddable":true,"href":"https:\/\/www.sanluisrey.edu.co\/new\/wp-json\/wp\/v2\/comments?post=3329"}],"version-history":[{"count":0,"href":"https:\/\/www.sanluisrey.edu.co\/new\/wp-json\/wp\/v2\/product\/3329\/revisions"}],"wp:attachment":[{"href":"https:\/\/www.sanluisrey.edu.co\/new\/wp-json\/wp\/v2\/media?parent=3329"}],"wp:term":[{"taxonomy":"product_brand","embeddable":true,"href":"https:\/\/www.sanluisrey.edu.co\/new\/wp-json\/wp\/v2\/product_brand?post=3329"},{"taxonomy":"product_cat","embeddable":true,"href":"https:\/\/www.sanluisrey.edu.co\/new\/wp-json\/wp\/v2\/product_cat?post=3329"},{"taxonomy":"product_tag","embeddable":true,"href":"https:\/\/www.sanluisrey.edu.co\/new\/wp-json\/wp\/v2\/product_tag?post=3329"}],"curies":[{"name":"wp","href":"https:\/\/api.w.org\/{rel}","templated":true}]}}