{"id":3361,"date":"2020-06-04T18:05:06","date_gmt":"2020-06-04T23:05:06","guid":{"rendered":"http:\/\/www.visualbit.co\/sanluis\/?post_type=product&#038;p=3361"},"modified":"2020-06-04T18:05:07","modified_gmt":"2020-06-04T23:05:07","slug":"odontologia-integral","status":"publish","type":"product","link":"https:\/\/www.sanluisrey.edu.co\/new\/producto\/odontologia-integral\/","title":{"rendered":"Odontolog\u00eda Integral"},"content":{"rendered":"","protected":false},"excerpt":{"rendered":"<p>Tratamientos odontol\u00f3gicos de prevenci\u00f3n y est\u00e9tica para toda la familia.<\/p>\n<p>Odont\u00f3loga de la Universidad El Bosque con un \u00e9nfasis biopsicosocial, me desempe\u00f1o en realizar tratamientos preventivos y de est\u00e9tica dental. Manejo de pacientes nerviosos y adaptaci\u00f3n a consulta para ni\u00f1os.<\/p>\n<p>&nbsp;<\/p>\n<div class=\"woocommerce-product-details__short-description\">\n<p>Facebook: <a href=\"https:\/\/web.facebook.com\/odontologiarmenia\">https:\/\/web.facebook.com\/odontologiarmenia<\/a><br \/>\nInstagram: <a class=\"sqdOP yWX7d     _8A5w5   ZIAjV \" href=\"https:\/\/www.instagram.com\/odontointegralarmenia\/\">@odontointegralarmenia<\/a><\/p>\n<p id=\"u46046-2\">Tel\u00e9fono:<\/p>\n<p id=\"u46046-4\">Celular: 3014568018<\/p>\n<p id=\"u46046-6\">Correo electr\u00f3nico: luzstella75@gmail.com<\/p>\n<p id=\"u46046-8\">Direcci\u00f3n: Calle 4N #13-70<\/p>\n<\/div>\n","protected":false},"featured_media":0,"comment_status":"open","ping_status":"closed","template":"","meta":{"_monsterinsights_skip_tracking":false,"_monsterinsights_sitenote_active":false,"_monsterinsights_sitenote_note":"","_monsterinsights_sitenote_category":0},"product_brand":[],"product_cat":[31],"product_tag":[],"class_list":{"0":"post-3361","1":"product","2":"type-product","3":"status-publish","5":"product_cat-salud","7":"first","8":"instock","9":"shipping-taxable","10":"product-type-simple"},"yoast_head":"<!-- This site is optimized with the Yoast SEO plugin v27.1.1 - https:\/\/yoast.com\/product\/yoast-seo-wordpress\/ -->\n<title>Odontolog\u00eda Integral - Colegio San Luis Rey<\/title>\n<meta name=\"robots\" content=\"index, follow, max-snippet:-1, max-image-preview:large, max-video-preview:-1\" \/>\n<link rel=\"canonical\" href=\"https:\/\/www.sanluisrey.edu.co\/new\/producto\/odontologia-integral\/\" \/>\n<meta property=\"og:locale\" content=\"es_ES\" \/>\n<meta property=\"og:type\" content=\"article\" \/>\n<meta property=\"og:title\" content=\"Odontolog\u00eda Integral - Colegio San Luis Rey\" \/>\n<meta property=\"og:description\" content=\"Tratamientos odontol\u00f3gicos de prevenci\u00f3n y est\u00e9tica para toda la familia.  Odont\u00f3loga de la Universidad El Bosque con un \u00e9nfasis biopsicosocial, me desempe\u00f1o en realizar tratamientos preventivos y de est\u00e9tica dental. Manejo de pacientes nerviosos y adaptaci\u00f3n a consulta para ni\u00f1os.  &nbsp;   Facebook: https:\/\/web.facebook.com\/odontologiarmenia Instagram: @odontointegralarmenia Tel\u00e9fono: Celular: 3014568018 Correo electr\u00f3nico: luzstella75@gmail.com Direcci\u00f3n: Calle 4N #13-70\" \/>\n<meta property=\"og:url\" content=\"https:\/\/www.sanluisrey.edu.co\/new\/producto\/odontologia-integral\/\" \/>\n<meta property=\"og:site_name\" content=\"Colegio San Luis Rey\" \/>\n<meta property=\"article:modified_time\" content=\"2020-06-04T23:05:07+00:00\" \/>\n<meta property=\"og:image\" content=\"https:\/\/www.sanluisrey.edu.co\/new\/wp-content\/uploads\/2020\/06\/FB_IMG_1591217676112-1.jpg\" \/>\n\t<meta property=\"og:image:width\" content=\"1080\" \/>\n\t<meta property=\"og:image:height\" content=\"312\" \/>\n\t<meta property=\"og:image:type\" content=\"image\/jpeg\" \/>\n<meta name=\"twitter:card\" content=\"summary_large_image\" \/>\n<script type=\"application\/ld+json\" class=\"yoast-schema-graph\">{\"@context\":\"https:\/\/schema.org\",\"@graph\":[{\"@type\":\"WebPage\",\"@id\":\"https:\/\/www.sanluisrey.edu.co\/new\/producto\/odontologia-integral\/\",\"url\":\"https:\/\/www.sanluisrey.edu.co\/new\/producto\/odontologia-integral\/\",\"name\":\"Odontolog\u00eda Integral - Colegio San Luis Rey\",\"isPartOf\":{\"@id\":\"https:\/\/www.sanluisrey.edu.co\/new\/#website\"},\"datePublished\":\"2020-06-04T23:05:06+00:00\",\"dateModified\":\"2020-06-04T23:05:07+00:00\",\"breadcrumb\":{\"@id\":\"https:\/\/www.sanluisrey.edu.co\/new\/producto\/odontologia-integral\/#breadcrumb\"},\"inLanguage\":\"es\",\"potentialAction\":[{\"@type\":\"ReadAction\",\"target\":[\"https:\/\/www.sanluisrey.edu.co\/new\/producto\/odontologia-integral\/\"]}]},{\"@type\":\"BreadcrumbList\",\"@id\":\"https:\/\/www.sanluisrey.edu.co\/new\/producto\/odontologia-integral\/#breadcrumb\",\"itemListElement\":[{\"@type\":\"ListItem\",\"position\":1,\"name\":\"Home\",\"item\":\"https:\/\/www.sanluisrey.edu.co\/new\/\"},{\"@type\":\"ListItem\",\"position\":2,\"name\":\"#SanLuisCompraSanLuis\",\"item\":\"https:\/\/www.sanluisrey.edu.co\/new\/directorio-empresarial\/\"},{\"@type\":\"ListItem\",\"position\":3,\"name\":\"Odontolog\u00eda Integral\"}]},{\"@type\":\"WebSite\",\"@id\":\"https:\/\/www.sanluisrey.edu.co\/new\/#website\",\"url\":\"https:\/\/www.sanluisrey.edu.co\/new\/\",\"name\":\"Colegio San Luis Rey\",\"description\":\"Comunidad Franciscana Provincia de la Santa Fe\",\"potentialAction\":[{\"@type\":\"SearchAction\",\"target\":{\"@type\":\"EntryPoint\",\"urlTemplate\":\"https:\/\/www.sanluisrey.edu.co\/new\/?s={search_term_string}\"},\"query-input\":{\"@type\":\"PropertyValueSpecification\",\"valueRequired\":true,\"valueName\":\"search_term_string\"}}],\"inLanguage\":\"es\"}]}<\/script>\n<!-- \/ Yoast SEO plugin. -->","yoast_head_json":{"title":"Odontolog\u00eda Integral - Colegio San Luis Rey","robots":{"index":"index","follow":"follow","max-snippet":"max-snippet:-1","max-image-preview":"max-image-preview:large","max-video-preview":"max-video-preview:-1"},"canonical":"https:\/\/www.sanluisrey.edu.co\/new\/producto\/odontologia-integral\/","og_locale":"es_ES","og_type":"article","og_title":"Odontolog\u00eda Integral - Colegio San Luis Rey","og_description":"Tratamientos odontol\u00f3gicos de prevenci\u00f3n y est\u00e9tica para toda la familia.  Odont\u00f3loga de la Universidad El Bosque con un \u00e9nfasis biopsicosocial, me desempe\u00f1o en realizar tratamientos preventivos y de est\u00e9tica dental. Manejo de pacientes nerviosos y adaptaci\u00f3n a consulta para ni\u00f1os.  &nbsp;   Facebook: https:\/\/web.facebook.com\/odontologiarmenia Instagram: @odontointegralarmenia Tel\u00e9fono: Celular: 3014568018 Correo electr\u00f3nico: luzstella75@gmail.com Direcci\u00f3n: Calle 4N #13-70","og_url":"https:\/\/www.sanluisrey.edu.co\/new\/producto\/odontologia-integral\/","og_site_name":"Colegio San Luis Rey","article_modified_time":"2020-06-04T23:05:07+00:00","og_image":[{"width":1080,"height":312,"url":"https:\/\/www.sanluisrey.edu.co\/new\/wp-content\/uploads\/2020\/06\/FB_IMG_1591217676112-1.jpg","type":"image\/jpeg"}],"twitter_card":"summary_large_image","schema":{"@context":"https:\/\/schema.org","@graph":[{"@type":"WebPage","@id":"https:\/\/www.sanluisrey.edu.co\/new\/producto\/odontologia-integral\/","url":"https:\/\/www.sanluisrey.edu.co\/new\/producto\/odontologia-integral\/","name":"Odontolog\u00eda Integral - Colegio San Luis Rey","isPartOf":{"@id":"https:\/\/www.sanluisrey.edu.co\/new\/#website"},"datePublished":"2020-06-04T23:05:06+00:00","dateModified":"2020-06-04T23:05:07+00:00","breadcrumb":{"@id":"https:\/\/www.sanluisrey.edu.co\/new\/producto\/odontologia-integral\/#breadcrumb"},"inLanguage":"es","potentialAction":[{"@type":"ReadAction","target":["https:\/\/www.sanluisrey.edu.co\/new\/producto\/odontologia-integral\/"]}]},{"@type":"BreadcrumbList","@id":"https:\/\/www.sanluisrey.edu.co\/new\/producto\/odontologia-integral\/#breadcrumb","itemListElement":[{"@type":"ListItem","position":1,"name":"Home","item":"https:\/\/www.sanluisrey.edu.co\/new\/"},{"@type":"ListItem","position":2,"name":"#SanLuisCompraSanLuis","item":"https:\/\/www.sanluisrey.edu.co\/new\/directorio-empresarial\/"},{"@type":"ListItem","position":3,"name":"Odontolog\u00eda Integral"}]},{"@type":"WebSite","@id":"https:\/\/www.sanluisrey.edu.co\/new\/#website","url":"https:\/\/www.sanluisrey.edu.co\/new\/","name":"Colegio San Luis Rey","description":"Comunidad Franciscana Provincia de la Santa Fe","potentialAction":[{"@type":"SearchAction","target":{"@type":"EntryPoint","urlTemplate":"https:\/\/www.sanluisrey.edu.co\/new\/?s={search_term_string}"},"query-input":{"@type":"PropertyValueSpecification","valueRequired":true,"valueName":"search_term_string"}}],"inLanguage":"es"}]}},"jetpack_sharing_enabled":true,"_links":{"self":[{"href":"https:\/\/www.sanluisrey.edu.co\/new\/wp-json\/wp\/v2\/product\/3361","targetHints":{"allow":["GET"]}}],"collection":[{"href":"https:\/\/www.sanluisrey.edu.co\/new\/wp-json\/wp\/v2\/product"}],"about":[{"href":"https:\/\/www.sanluisrey.edu.co\/new\/wp-json\/wp\/v2\/types\/product"}],"replies":[{"embeddable":true,"href":"https:\/\/www.sanluisrey.edu.co\/new\/wp-json\/wp\/v2\/comments?post=3361"}],"version-history":[{"count":1,"href":"https:\/\/www.sanluisrey.edu.co\/new\/wp-json\/wp\/v2\/product\/3361\/revisions"}],"predecessor-version":[{"id":3371,"href":"https:\/\/www.sanluisrey.edu.co\/new\/wp-json\/wp\/v2\/product\/3361\/revisions\/3371"}],"wp:attachment":[{"href":"https:\/\/www.sanluisrey.edu.co\/new\/wp-json\/wp\/v2\/media?parent=3361"}],"wp:term":[{"taxonomy":"product_brand","embeddable":true,"href":"https:\/\/www.sanluisrey.edu.co\/new\/wp-json\/wp\/v2\/product_brand?post=3361"},{"taxonomy":"product_cat","embeddable":true,"href":"https:\/\/www.sanluisrey.edu.co\/new\/wp-json\/wp\/v2\/product_cat?post=3361"},{"taxonomy":"product_tag","embeddable":true,"href":"https:\/\/www.sanluisrey.edu.co\/new\/wp-json\/wp\/v2\/product_tag?post=3361"}],"curies":[{"name":"wp","href":"https:\/\/api.w.org\/{rel}","templated":true}]}}