{"id":3378,"date":"2020-06-04T18:22:46","date_gmt":"2020-06-04T23:22:46","guid":{"rendered":"http:\/\/www.visualbit.co\/sanluis\/?post_type=product&#038;p=3378"},"modified":"2022-12-09T06:04:05","modified_gmt":"2022-12-09T11:04:05","slug":"tortas-y-postres-de-casa","status":"publish","type":"product","link":"https:\/\/www.sanluisrey.edu.co\/new\/producto\/tortas-y-postres-de-casa\/","title":{"rendered":"Tortas y Postres de Casa"},"content":{"rendered":"","protected":false},"excerpt":{"rendered":"<p>Cheesecake en tama\u00f1os personal y para compartir sabores oreo, arequipe, mora, brownie y maracuy\u00e1 y sin azucar con fruta natural.<\/p>\n<p>Domicilio: S\u00ed<\/p>\n<p>Sitio web: <a href=\"http:\/\/www.tortasypostresdecasa.com\/\">www.tortasypostresdecasa.com<\/a><\/p>\n<p>Facebook: <a href=\"https:\/\/web.facebook.com\/tortasypostresdecasa\">https:\/\/web.facebook.com\/tortasypostresdecasa<\/a><br \/>\nInstagram: <a class=\"sqdOP yWX7d     _8A5w5   ZIAjV \" href=\"https:\/\/www.instagram.com\/tortasypostresdecasa\/\">@tortasypostresdecasa<\/a><\/p>\n<p id=\"u46046-2\">Tel\u00e9fono:<\/p>\n<p id=\"u46046-4\">Celular: 3203476271<\/p>\n<p id=\"u46046-6\">Correo electr\u00f3nico: info@tortasypostresdecasa.com<\/p>\n<p>Ciudad: La tebaida &#8211; Armenia<\/p>\n<p id=\"u46046-8\">Direcci\u00f3n: Cl 10 3 0 3<\/p>\n","protected":false},"featured_media":0,"comment_status":"open","ping_status":"closed","template":"","meta":{"_monsterinsights_skip_tracking":false,"_monsterinsights_sitenote_active":false,"_monsterinsights_sitenote_note":"","_monsterinsights_sitenote_category":0},"product_brand":[],"product_cat":[27],"product_tag":[],"class_list":{"0":"post-3378","1":"product","2":"type-product","3":"status-publish","5":"product_cat-restaurantes","7":"first","8":"instock","9":"shipping-taxable","10":"product-type-simple"},"yoast_head":"<!-- This site is optimized with the Yoast SEO plugin v27.5 - https:\/\/yoast.com\/product\/yoast-seo-wordpress\/ -->\n<title>Tortas y Postres de Casa - Colegio San Luis Rey<\/title>\n<meta name=\"robots\" content=\"index, follow, max-snippet:-1, max-image-preview:large, max-video-preview:-1\" \/>\n<link rel=\"canonical\" href=\"https:\/\/www.sanluisrey.edu.co\/new\/producto\/tortas-y-postres-de-casa\/\" \/>\n<meta property=\"og:locale\" content=\"es_ES\" \/>\n<meta property=\"og:type\" content=\"article\" \/>\n<meta property=\"og:title\" content=\"Tortas y Postres de Casa - Colegio San Luis Rey\" \/>\n<meta property=\"og:description\" content=\"Cheesecake en tama\u00f1os personal y para compartir sabores oreo, arequipe, mora, brownie y maracuy\u00e1 y sin azucar con fruta natural.  Domicilio: S\u00ed  Sitio web: www.tortasypostresdecasa.com  Facebook: https:\/\/web.facebook.com\/tortasypostresdecasa Instagram: @tortasypostresdecasa Tel\u00e9fono: Celular: 3203476271 Correo electr\u00f3nico: info@tortasypostresdecasa.com Ciudad: La tebaida - Armenia Direcci\u00f3n: Cl 10 3 0 3\" \/>\n<meta property=\"og:url\" content=\"https:\/\/www.sanluisrey.edu.co\/new\/producto\/tortas-y-postres-de-casa\/\" \/>\n<meta property=\"og:site_name\" content=\"Colegio San Luis Rey\" \/>\n<meta property=\"article:modified_time\" content=\"2022-12-09T11:04:05+00:00\" \/>\n<meta property=\"og:image\" content=\"https:\/\/www.sanluisrey.edu.co\/new\/wp-content\/uploads\/2020\/06\/FB_IMG_15882858614387971.jpg\" \/>\n\t<meta property=\"og:image:width\" content=\"500\" \/>\n\t<meta property=\"og:image:height\" content=\"500\" \/>\n\t<meta property=\"og:image:type\" content=\"image\/jpeg\" \/>\n<meta name=\"twitter:card\" content=\"summary_large_image\" \/>\n<script type=\"application\/ld+json\" class=\"yoast-schema-graph\">{\"@context\":\"https:\\\/\\\/schema.org\",\"@graph\":[{\"@type\":\"WebPage\",\"@id\":\"https:\\\/\\\/www.sanluisrey.edu.co\\\/new\\\/producto\\\/tortas-y-postres-de-casa\\\/\",\"url\":\"https:\\\/\\\/www.sanluisrey.edu.co\\\/new\\\/producto\\\/tortas-y-postres-de-casa\\\/\",\"name\":\"Tortas y Postres de Casa - Colegio San Luis Rey\",\"isPartOf\":{\"@id\":\"https:\\\/\\\/www.sanluisrey.edu.co\\\/new\\\/#website\"},\"datePublished\":\"2020-06-04T23:22:46+00:00\",\"dateModified\":\"2022-12-09T11:04:05+00:00\",\"breadcrumb\":{\"@id\":\"https:\\\/\\\/www.sanluisrey.edu.co\\\/new\\\/producto\\\/tortas-y-postres-de-casa\\\/#breadcrumb\"},\"inLanguage\":\"es\",\"potentialAction\":[{\"@type\":\"ReadAction\",\"target\":[\"https:\\\/\\\/www.sanluisrey.edu.co\\\/new\\\/producto\\\/tortas-y-postres-de-casa\\\/\"]}]},{\"@type\":\"BreadcrumbList\",\"@id\":\"https:\\\/\\\/www.sanluisrey.edu.co\\\/new\\\/producto\\\/tortas-y-postres-de-casa\\\/#breadcrumb\",\"itemListElement\":[{\"@type\":\"ListItem\",\"position\":1,\"name\":\"Home\",\"item\":\"https:\\\/\\\/www.sanluisrey.edu.co\\\/new\\\/\"},{\"@type\":\"ListItem\",\"position\":2,\"name\":\"#SanLuisCompraSanLuis\",\"item\":\"https:\\\/\\\/www.sanluisrey.edu.co\\\/new\\\/directorio-empresarial\\\/\"},{\"@type\":\"ListItem\",\"position\":3,\"name\":\"Tortas y Postres de Casa\"}]},{\"@type\":\"WebSite\",\"@id\":\"https:\\\/\\\/www.sanluisrey.edu.co\\\/new\\\/#website\",\"url\":\"https:\\\/\\\/www.sanluisrey.edu.co\\\/new\\\/\",\"name\":\"Colegio San Luis Rey\",\"description\":\"Comunidad Franciscana Provincia de la Santa Fe\",\"potentialAction\":[{\"@type\":\"SearchAction\",\"target\":{\"@type\":\"EntryPoint\",\"urlTemplate\":\"https:\\\/\\\/www.sanluisrey.edu.co\\\/new\\\/?s={search_term_string}\"},\"query-input\":{\"@type\":\"PropertyValueSpecification\",\"valueRequired\":true,\"valueName\":\"search_term_string\"}}],\"inLanguage\":\"es\"}]}<\/script>\n<!-- \/ Yoast SEO plugin. -->","yoast_head_json":{"title":"Tortas y Postres de Casa - Colegio San Luis Rey","robots":{"index":"index","follow":"follow","max-snippet":"max-snippet:-1","max-image-preview":"max-image-preview:large","max-video-preview":"max-video-preview:-1"},"canonical":"https:\/\/www.sanluisrey.edu.co\/new\/producto\/tortas-y-postres-de-casa\/","og_locale":"es_ES","og_type":"article","og_title":"Tortas y Postres de Casa - Colegio San Luis Rey","og_description":"Cheesecake en tama\u00f1os personal y para compartir sabores oreo, arequipe, mora, brownie y maracuy\u00e1 y sin azucar con fruta natural.  Domicilio: S\u00ed  Sitio web: www.tortasypostresdecasa.com  Facebook: https:\/\/web.facebook.com\/tortasypostresdecasa Instagram: @tortasypostresdecasa Tel\u00e9fono: Celular: 3203476271 Correo electr\u00f3nico: info@tortasypostresdecasa.com Ciudad: La tebaida - Armenia Direcci\u00f3n: Cl 10 3 0 3","og_url":"https:\/\/www.sanluisrey.edu.co\/new\/producto\/tortas-y-postres-de-casa\/","og_site_name":"Colegio San Luis Rey","article_modified_time":"2022-12-09T11:04:05+00:00","og_image":[{"width":500,"height":500,"url":"https:\/\/www.sanluisrey.edu.co\/new\/wp-content\/uploads\/2020\/06\/FB_IMG_15882858614387971.jpg","type":"image\/jpeg"}],"twitter_card":"summary_large_image","schema":{"@context":"https:\/\/schema.org","@graph":[{"@type":"WebPage","@id":"https:\/\/www.sanluisrey.edu.co\/new\/producto\/tortas-y-postres-de-casa\/","url":"https:\/\/www.sanluisrey.edu.co\/new\/producto\/tortas-y-postres-de-casa\/","name":"Tortas y Postres de Casa - Colegio San Luis Rey","isPartOf":{"@id":"https:\/\/www.sanluisrey.edu.co\/new\/#website"},"datePublished":"2020-06-04T23:22:46+00:00","dateModified":"2022-12-09T11:04:05+00:00","breadcrumb":{"@id":"https:\/\/www.sanluisrey.edu.co\/new\/producto\/tortas-y-postres-de-casa\/#breadcrumb"},"inLanguage":"es","potentialAction":[{"@type":"ReadAction","target":["https:\/\/www.sanluisrey.edu.co\/new\/producto\/tortas-y-postres-de-casa\/"]}]},{"@type":"BreadcrumbList","@id":"https:\/\/www.sanluisrey.edu.co\/new\/producto\/tortas-y-postres-de-casa\/#breadcrumb","itemListElement":[{"@type":"ListItem","position":1,"name":"Home","item":"https:\/\/www.sanluisrey.edu.co\/new\/"},{"@type":"ListItem","position":2,"name":"#SanLuisCompraSanLuis","item":"https:\/\/www.sanluisrey.edu.co\/new\/directorio-empresarial\/"},{"@type":"ListItem","position":3,"name":"Tortas y Postres de Casa"}]},{"@type":"WebSite","@id":"https:\/\/www.sanluisrey.edu.co\/new\/#website","url":"https:\/\/www.sanluisrey.edu.co\/new\/","name":"Colegio San Luis Rey","description":"Comunidad Franciscana Provincia de la Santa Fe","potentialAction":[{"@type":"SearchAction","target":{"@type":"EntryPoint","urlTemplate":"https:\/\/www.sanluisrey.edu.co\/new\/?s={search_term_string}"},"query-input":{"@type":"PropertyValueSpecification","valueRequired":true,"valueName":"search_term_string"}}],"inLanguage":"es"}]}},"jetpack_sharing_enabled":true,"_links":{"self":[{"href":"https:\/\/www.sanluisrey.edu.co\/new\/wp-json\/wp\/v2\/product\/3378","targetHints":{"allow":["GET"]}}],"collection":[{"href":"https:\/\/www.sanluisrey.edu.co\/new\/wp-json\/wp\/v2\/product"}],"about":[{"href":"https:\/\/www.sanluisrey.edu.co\/new\/wp-json\/wp\/v2\/types\/product"}],"replies":[{"embeddable":true,"href":"https:\/\/www.sanluisrey.edu.co\/new\/wp-json\/wp\/v2\/comments?post=3378"}],"version-history":[{"count":0,"href":"https:\/\/www.sanluisrey.edu.co\/new\/wp-json\/wp\/v2\/product\/3378\/revisions"}],"wp:attachment":[{"href":"https:\/\/www.sanluisrey.edu.co\/new\/wp-json\/wp\/v2\/media?parent=3378"}],"wp:term":[{"taxonomy":"product_brand","embeddable":true,"href":"https:\/\/www.sanluisrey.edu.co\/new\/wp-json\/wp\/v2\/product_brand?post=3378"},{"taxonomy":"product_cat","embeddable":true,"href":"https:\/\/www.sanluisrey.edu.co\/new\/wp-json\/wp\/v2\/product_cat?post=3378"},{"taxonomy":"product_tag","embeddable":true,"href":"https:\/\/www.sanluisrey.edu.co\/new\/wp-json\/wp\/v2\/product_tag?post=3378"}],"curies":[{"name":"wp","href":"https:\/\/api.w.org\/{rel}","templated":true}]}}