{"id":3411,"date":"2020-06-05T09:31:02","date_gmt":"2020-06-05T14:31:02","guid":{"rendered":"http:\/\/www.visualbit.co\/sanluis\/?post_type=product&#038;p=3411"},"modified":"2020-06-05T09:31:02","modified_gmt":"2020-06-05T14:31:02","slug":"selflovebylinda","status":"publish","type":"product","link":"https:\/\/www.sanluisrey.edu.co\/new\/producto\/selflovebylinda\/","title":{"rendered":"SELFLOVEBYLINDA"},"content":{"rendered":"","protected":false},"excerpt":{"rendered":"<p>PRODUCTOS DE ALTA COSMETICA DE LA MARCA MARY KAY, PARA EL CUIDADO FACIAL Y CORPORAL DE MUJERES Y HOMBRES<\/p>\n<p>Hago spa faciales a domicilio, donde doy a conocer los productos y as\u00ed me los compran. Por la situaci\u00f3n no he podido hacer mis ventas como antes.<\/p>\n<p class=\"p1\">Ciudad: Armenia<\/p>\n<p class=\"p1\">Domicilio: S\u00ed<\/p>\n<p class=\"p1\">Sitio web:<\/p>\n<p class=\"p1\">Facebook: <a href=\"https:\/\/web.facebook.com\/selflovebylinda\">https:\/\/web.facebook.com\/selflovebylinda<\/a><br \/>\nInstagram: <a class=\"sqdOP yWX7d     _8A5w5   ZIAjV \" href=\"https:\/\/www.instagram.com\/selflovebylinda\/\">@selflovebylinda<\/a><\/p>\n<p class=\"p1\">Tel\u00e9fono:<\/p>\n<p class=\"p1\">Celular: 3116348251<\/p>\n<p class=\"p1\">Correo electr\u00f3nico: elerodriguezr2@hotmail.com<\/p>\n<p class=\"p1\">Direcci\u00f3n: Av Bolivar 36N 12 Apto 301<\/p>\n","protected":false},"featured_media":0,"comment_status":"open","ping_status":"closed","template":"","meta":{"_monsterinsights_skip_tracking":false,"_monsterinsights_sitenote_active":false,"_monsterinsights_sitenote_note":"","_monsterinsights_sitenote_category":0},"product_brand":[],"product_cat":[31],"product_tag":[],"class_list":{"0":"post-3411","1":"product","2":"type-product","3":"status-publish","5":"product_cat-salud","7":"first","8":"instock","9":"shipping-taxable","10":"product-type-simple"},"yoast_head":"<!-- This site is optimized with the Yoast SEO plugin v27.1.1 - https:\/\/yoast.com\/product\/yoast-seo-wordpress\/ -->\n<title>SELFLOVEBYLINDA - Colegio San Luis Rey<\/title>\n<meta name=\"robots\" content=\"index, follow, max-snippet:-1, max-image-preview:large, max-video-preview:-1\" \/>\n<link rel=\"canonical\" href=\"https:\/\/www.sanluisrey.edu.co\/new\/producto\/selflovebylinda\/\" \/>\n<meta property=\"og:locale\" content=\"es_ES\" \/>\n<meta property=\"og:type\" content=\"article\" \/>\n<meta property=\"og:title\" content=\"SELFLOVEBYLINDA - Colegio San Luis Rey\" \/>\n<meta property=\"og:description\" content=\"PRODUCTOS DE ALTA COSMETICA DE LA MARCA MARY KAY, PARA EL CUIDADO FACIAL Y CORPORAL DE MUJERES Y HOMBRES  Hago spa faciales a domicilio, donde doy a conocer los productos y as\u00ed me los compran. Por la situaci\u00f3n no he podido hacer mis ventas como antes. Ciudad: Armenia Domicilio: S\u00ed Sitio web: Facebook: https:\/\/web.facebook.com\/selflovebylinda Instagram: @selflovebylinda Tel\u00e9fono: Celular: 3116348251 Correo electr\u00f3nico: elerodriguezr2@hotmail.com Direcci\u00f3n: Av Bolivar 36N 12 Apto 301\" \/>\n<meta property=\"og:url\" content=\"https:\/\/www.sanluisrey.edu.co\/new\/producto\/selflovebylinda\/\" \/>\n<meta property=\"og:site_name\" content=\"Colegio San Luis Rey\" \/>\n<meta property=\"og:image\" content=\"https:\/\/www.sanluisrey.edu.co\/new\/wp-content\/uploads\/2020\/06\/RUTINA-ANTES-DE-DORMIR.png\" \/>\n\t<meta property=\"og:image:width\" content=\"500\" \/>\n\t<meta property=\"og:image:height\" content=\"500\" \/>\n\t<meta property=\"og:image:type\" content=\"image\/png\" \/>\n<meta name=\"twitter:card\" content=\"summary_large_image\" \/>\n<script type=\"application\/ld+json\" class=\"yoast-schema-graph\">{\"@context\":\"https:\/\/schema.org\",\"@graph\":[{\"@type\":\"WebPage\",\"@id\":\"https:\/\/www.sanluisrey.edu.co\/new\/producto\/selflovebylinda\/\",\"url\":\"https:\/\/www.sanluisrey.edu.co\/new\/producto\/selflovebylinda\/\",\"name\":\"SELFLOVEBYLINDA - Colegio San Luis Rey\",\"isPartOf\":{\"@id\":\"https:\/\/www.sanluisrey.edu.co\/new\/#website\"},\"datePublished\":\"2020-06-05T14:31:02+00:00\",\"breadcrumb\":{\"@id\":\"https:\/\/www.sanluisrey.edu.co\/new\/producto\/selflovebylinda\/#breadcrumb\"},\"inLanguage\":\"es\",\"potentialAction\":[{\"@type\":\"ReadAction\",\"target\":[\"https:\/\/www.sanluisrey.edu.co\/new\/producto\/selflovebylinda\/\"]}]},{\"@type\":\"BreadcrumbList\",\"@id\":\"https:\/\/www.sanluisrey.edu.co\/new\/producto\/selflovebylinda\/#breadcrumb\",\"itemListElement\":[{\"@type\":\"ListItem\",\"position\":1,\"name\":\"Home\",\"item\":\"https:\/\/www.sanluisrey.edu.co\/new\/\"},{\"@type\":\"ListItem\",\"position\":2,\"name\":\"#SanLuisCompraSanLuis\",\"item\":\"https:\/\/www.sanluisrey.edu.co\/new\/directorio-empresarial\/\"},{\"@type\":\"ListItem\",\"position\":3,\"name\":\"SELFLOVEBYLINDA\"}]},{\"@type\":\"WebSite\",\"@id\":\"https:\/\/www.sanluisrey.edu.co\/new\/#website\",\"url\":\"https:\/\/www.sanluisrey.edu.co\/new\/\",\"name\":\"Colegio San Luis Rey\",\"description\":\"Comunidad Franciscana Provincia de la Santa Fe\",\"potentialAction\":[{\"@type\":\"SearchAction\",\"target\":{\"@type\":\"EntryPoint\",\"urlTemplate\":\"https:\/\/www.sanluisrey.edu.co\/new\/?s={search_term_string}\"},\"query-input\":{\"@type\":\"PropertyValueSpecification\",\"valueRequired\":true,\"valueName\":\"search_term_string\"}}],\"inLanguage\":\"es\"}]}<\/script>\n<!-- \/ Yoast SEO plugin. -->","yoast_head_json":{"title":"SELFLOVEBYLINDA - Colegio San Luis Rey","robots":{"index":"index","follow":"follow","max-snippet":"max-snippet:-1","max-image-preview":"max-image-preview:large","max-video-preview":"max-video-preview:-1"},"canonical":"https:\/\/www.sanluisrey.edu.co\/new\/producto\/selflovebylinda\/","og_locale":"es_ES","og_type":"article","og_title":"SELFLOVEBYLINDA - Colegio San Luis Rey","og_description":"PRODUCTOS DE ALTA COSMETICA DE LA MARCA MARY KAY, PARA EL CUIDADO FACIAL Y CORPORAL DE MUJERES Y HOMBRES  Hago spa faciales a domicilio, donde doy a conocer los productos y as\u00ed me los compran. Por la situaci\u00f3n no he podido hacer mis ventas como antes. Ciudad: Armenia Domicilio: S\u00ed Sitio web: Facebook: https:\/\/web.facebook.com\/selflovebylinda Instagram: @selflovebylinda Tel\u00e9fono: Celular: 3116348251 Correo electr\u00f3nico: elerodriguezr2@hotmail.com Direcci\u00f3n: Av Bolivar 36N 12 Apto 301","og_url":"https:\/\/www.sanluisrey.edu.co\/new\/producto\/selflovebylinda\/","og_site_name":"Colegio San Luis Rey","og_image":[{"width":500,"height":500,"url":"https:\/\/www.sanluisrey.edu.co\/new\/wp-content\/uploads\/2020\/06\/RUTINA-ANTES-DE-DORMIR.png","type":"image\/png"}],"twitter_card":"summary_large_image","schema":{"@context":"https:\/\/schema.org","@graph":[{"@type":"WebPage","@id":"https:\/\/www.sanluisrey.edu.co\/new\/producto\/selflovebylinda\/","url":"https:\/\/www.sanluisrey.edu.co\/new\/producto\/selflovebylinda\/","name":"SELFLOVEBYLINDA - Colegio San Luis Rey","isPartOf":{"@id":"https:\/\/www.sanluisrey.edu.co\/new\/#website"},"datePublished":"2020-06-05T14:31:02+00:00","breadcrumb":{"@id":"https:\/\/www.sanluisrey.edu.co\/new\/producto\/selflovebylinda\/#breadcrumb"},"inLanguage":"es","potentialAction":[{"@type":"ReadAction","target":["https:\/\/www.sanluisrey.edu.co\/new\/producto\/selflovebylinda\/"]}]},{"@type":"BreadcrumbList","@id":"https:\/\/www.sanluisrey.edu.co\/new\/producto\/selflovebylinda\/#breadcrumb","itemListElement":[{"@type":"ListItem","position":1,"name":"Home","item":"https:\/\/www.sanluisrey.edu.co\/new\/"},{"@type":"ListItem","position":2,"name":"#SanLuisCompraSanLuis","item":"https:\/\/www.sanluisrey.edu.co\/new\/directorio-empresarial\/"},{"@type":"ListItem","position":3,"name":"SELFLOVEBYLINDA"}]},{"@type":"WebSite","@id":"https:\/\/www.sanluisrey.edu.co\/new\/#website","url":"https:\/\/www.sanluisrey.edu.co\/new\/","name":"Colegio San Luis Rey","description":"Comunidad Franciscana Provincia de la Santa Fe","potentialAction":[{"@type":"SearchAction","target":{"@type":"EntryPoint","urlTemplate":"https:\/\/www.sanluisrey.edu.co\/new\/?s={search_term_string}"},"query-input":{"@type":"PropertyValueSpecification","valueRequired":true,"valueName":"search_term_string"}}],"inLanguage":"es"}]}},"jetpack_sharing_enabled":true,"_links":{"self":[{"href":"https:\/\/www.sanluisrey.edu.co\/new\/wp-json\/wp\/v2\/product\/3411","targetHints":{"allow":["GET"]}}],"collection":[{"href":"https:\/\/www.sanluisrey.edu.co\/new\/wp-json\/wp\/v2\/product"}],"about":[{"href":"https:\/\/www.sanluisrey.edu.co\/new\/wp-json\/wp\/v2\/types\/product"}],"replies":[{"embeddable":true,"href":"https:\/\/www.sanluisrey.edu.co\/new\/wp-json\/wp\/v2\/comments?post=3411"}],"version-history":[{"count":0,"href":"https:\/\/www.sanluisrey.edu.co\/new\/wp-json\/wp\/v2\/product\/3411\/revisions"}],"wp:attachment":[{"href":"https:\/\/www.sanluisrey.edu.co\/new\/wp-json\/wp\/v2\/media?parent=3411"}],"wp:term":[{"taxonomy":"product_brand","embeddable":true,"href":"https:\/\/www.sanluisrey.edu.co\/new\/wp-json\/wp\/v2\/product_brand?post=3411"},{"taxonomy":"product_cat","embeddable":true,"href":"https:\/\/www.sanluisrey.edu.co\/new\/wp-json\/wp\/v2\/product_cat?post=3411"},{"taxonomy":"product_tag","embeddable":true,"href":"https:\/\/www.sanluisrey.edu.co\/new\/wp-json\/wp\/v2\/product_tag?post=3411"}],"curies":[{"name":"wp","href":"https:\/\/api.w.org\/{rel}","templated":true}]}}