{"id":3416,"date":"2020-06-05T09:42:40","date_gmt":"2020-06-05T14:42:40","guid":{"rendered":"http:\/\/www.visualbit.co\/sanluis\/?post_type=product&#038;p=3416"},"modified":"2024-01-09T16:23:37","modified_gmt":"2024-01-09T21:23:37","slug":"puerto-bahia-seafood-s-a-s","status":"publish","type":"product","link":"https:\/\/www.sanluisrey.edu.co\/new\/producto\/puerto-bahia-seafood-s-a-s\/","title":{"rendered":"Puerto Bahia Seafood S.A.S"},"content":{"rendered":"","protected":false},"excerpt":{"rendered":"<p class=\"p1\">Nos permitimos presentar nuestra empresa Quindiana Puerto Bah\u00eda Seafood SAS, quien se encuentra interesada en ofrecerles nuestros servicios como distribuidores de productos de mar y de ri\u00f3 llev\u00e1ndoselos hasta la comodidad de su hogar.<\/p>\n<p>Seafood Puerto Bahia es una empresa orgullosamente Quindiana, trae toda la frescura de buenaventura y sus valles, reflejados en productos de mar tomados responsablemente del territorio conservando las bondades \u00fanicas del pacifico a tu casa. contamos con una gran variedad de productos Nacionales e importados como filetes, pescados enteros, mariscos y crustaceos.<\/p>\n<p class=\"p1\">Ciudad: Armenia<\/p>\n<p class=\"p1\">Domicilio: S\u00ed<\/p>\n<p class=\"p1\">Sitio web:<\/p>\n<p class=\"p1\">Facebook: <a href=\"https:\/\/web.facebook.com\/Puerto-Bah%C3%ADa-Seafood\">https:\/\/web.facebook.com\/Puerto-Bah%C3%ADa-Seafood<\/a><br \/>\nInstagram: <a class=\"sqdOP yWX7d     _8A5w5   ZIAjV \" href=\"https:\/\/www.instagram.com\/puertobahiaseafood\/\">@puertobahiaseafood<\/a><\/p>\n<p class=\"p1\">Tel\u00e9fono: 3234330787<\/p>\n<p class=\"p1\">Celular:<\/p>\n<p class=\"p1\">Correo electr\u00f3nico: puertobahiaseafood@gmail.com<\/p>\n<p class=\"p1\">Direcci\u00f3n:<\/p>\n","protected":false},"featured_media":0,"comment_status":"open","ping_status":"closed","template":"","meta":{"_monsterinsights_skip_tracking":false,"_monsterinsights_sitenote_active":false,"_monsterinsights_sitenote_note":"","_monsterinsights_sitenote_category":0},"product_brand":[],"product_cat":[27],"product_tag":[],"class_list":{"0":"post-3416","1":"product","2":"type-product","3":"status-publish","5":"product_cat-restaurantes","7":"first","8":"instock","9":"shipping-taxable","10":"product-type-simple"},"yoast_head":"<!-- This site is optimized with the Yoast SEO plugin v27.5 - https:\/\/yoast.com\/product\/yoast-seo-wordpress\/ -->\n<title>Puerto Bahia Seafood S.A.S - Colegio San Luis Rey<\/title>\n<meta name=\"robots\" content=\"index, follow, max-snippet:-1, max-image-preview:large, max-video-preview:-1\" \/>\n<link rel=\"canonical\" href=\"https:\/\/www.sanluisrey.edu.co\/new\/producto\/puerto-bahia-seafood-s-a-s\/\" \/>\n<meta property=\"og:locale\" content=\"es_ES\" \/>\n<meta property=\"og:type\" content=\"article\" \/>\n<meta property=\"og:title\" content=\"Puerto Bahia Seafood S.A.S - Colegio San Luis Rey\" \/>\n<meta property=\"og:description\" content=\"Nos permitimos presentar nuestra empresa Quindiana Puerto Bah\u00eda Seafood SAS, quien se encuentra interesada en ofrecerles nuestros servicios como distribuidores de productos de mar y de ri\u00f3 llev\u00e1ndoselos hasta la comodidad de su hogar. Seafood Puerto Bahia es una empresa orgullosamente Quindiana, trae toda la frescura de buenaventura y sus valles, reflejados en productos de mar tomados responsablemente del territorio conservando las bondades \u00fanicas del pacifico a tu casa. contamos con una gran variedad de productos Nacionales e importados como filetes, pescados enteros, mariscos y crustaceos. Ciudad: Armenia Domicilio: S\u00ed Sitio web: Facebook: https:\/\/web.facebook.com\/Puerto-Bah%C3%ADa-Seafood Instagram: @puertobahiaseafood Tel\u00e9fono: 3234330787 Celular: Correo electr\u00f3nico: puertobahiaseafood@gmail.com Direcci\u00f3n:\" \/>\n<meta property=\"og:url\" content=\"https:\/\/www.sanluisrey.edu.co\/new\/producto\/puerto-bahia-seafood-s-a-s\/\" \/>\n<meta property=\"og:site_name\" content=\"Colegio San Luis Rey\" \/>\n<meta property=\"article:modified_time\" content=\"2024-01-09T21:23:37+00:00\" \/>\n<meta property=\"og:image\" content=\"https:\/\/www.sanluisrey.edu.co\/new\/wp-content\/uploads\/2020\/06\/SEAFOOD-.jpg\" \/>\n\t<meta property=\"og:image:width\" content=\"1280\" \/>\n\t<meta property=\"og:image:height\" content=\"896\" \/>\n\t<meta property=\"og:image:type\" content=\"image\/jpeg\" \/>\n<meta name=\"twitter:card\" content=\"summary_large_image\" \/>\n<script type=\"application\/ld+json\" class=\"yoast-schema-graph\">{\"@context\":\"https:\\\/\\\/schema.org\",\"@graph\":[{\"@type\":\"WebPage\",\"@id\":\"https:\\\/\\\/www.sanluisrey.edu.co\\\/new\\\/producto\\\/puerto-bahia-seafood-s-a-s\\\/\",\"url\":\"https:\\\/\\\/www.sanluisrey.edu.co\\\/new\\\/producto\\\/puerto-bahia-seafood-s-a-s\\\/\",\"name\":\"Puerto Bahia Seafood S.A.S - Colegio San Luis Rey\",\"isPartOf\":{\"@id\":\"https:\\\/\\\/www.sanluisrey.edu.co\\\/new\\\/#website\"},\"datePublished\":\"2020-06-05T14:42:40+00:00\",\"dateModified\":\"2024-01-09T21:23:37+00:00\",\"breadcrumb\":{\"@id\":\"https:\\\/\\\/www.sanluisrey.edu.co\\\/new\\\/producto\\\/puerto-bahia-seafood-s-a-s\\\/#breadcrumb\"},\"inLanguage\":\"es\",\"potentialAction\":[{\"@type\":\"ReadAction\",\"target\":[\"https:\\\/\\\/www.sanluisrey.edu.co\\\/new\\\/producto\\\/puerto-bahia-seafood-s-a-s\\\/\"]}]},{\"@type\":\"BreadcrumbList\",\"@id\":\"https:\\\/\\\/www.sanluisrey.edu.co\\\/new\\\/producto\\\/puerto-bahia-seafood-s-a-s\\\/#breadcrumb\",\"itemListElement\":[{\"@type\":\"ListItem\",\"position\":1,\"name\":\"Home\",\"item\":\"https:\\\/\\\/www.sanluisrey.edu.co\\\/new\\\/\"},{\"@type\":\"ListItem\",\"position\":2,\"name\":\"#SanLuisCompraSanLuis\",\"item\":\"https:\\\/\\\/www.sanluisrey.edu.co\\\/new\\\/directorio-empresarial\\\/\"},{\"@type\":\"ListItem\",\"position\":3,\"name\":\"Puerto Bahia Seafood S.A.S\"}]},{\"@type\":\"WebSite\",\"@id\":\"https:\\\/\\\/www.sanluisrey.edu.co\\\/new\\\/#website\",\"url\":\"https:\\\/\\\/www.sanluisrey.edu.co\\\/new\\\/\",\"name\":\"Colegio San Luis Rey\",\"description\":\"Comunidad Franciscana Provincia de la Santa Fe\",\"potentialAction\":[{\"@type\":\"SearchAction\",\"target\":{\"@type\":\"EntryPoint\",\"urlTemplate\":\"https:\\\/\\\/www.sanluisrey.edu.co\\\/new\\\/?s={search_term_string}\"},\"query-input\":{\"@type\":\"PropertyValueSpecification\",\"valueRequired\":true,\"valueName\":\"search_term_string\"}}],\"inLanguage\":\"es\"}]}<\/script>\n<!-- \/ Yoast SEO plugin. -->","yoast_head_json":{"title":"Puerto Bahia Seafood S.A.S - Colegio San Luis Rey","robots":{"index":"index","follow":"follow","max-snippet":"max-snippet:-1","max-image-preview":"max-image-preview:large","max-video-preview":"max-video-preview:-1"},"canonical":"https:\/\/www.sanluisrey.edu.co\/new\/producto\/puerto-bahia-seafood-s-a-s\/","og_locale":"es_ES","og_type":"article","og_title":"Puerto Bahia Seafood S.A.S - Colegio San Luis Rey","og_description":"Nos permitimos presentar nuestra empresa Quindiana Puerto Bah\u00eda Seafood SAS, quien se encuentra interesada en ofrecerles nuestros servicios como distribuidores de productos de mar y de ri\u00f3 llev\u00e1ndoselos hasta la comodidad de su hogar. Seafood Puerto Bahia es una empresa orgullosamente Quindiana, trae toda la frescura de buenaventura y sus valles, reflejados en productos de mar tomados responsablemente del territorio conservando las bondades \u00fanicas del pacifico a tu casa. contamos con una gran variedad de productos Nacionales e importados como filetes, pescados enteros, mariscos y crustaceos. Ciudad: Armenia Domicilio: S\u00ed Sitio web: Facebook: https:\/\/web.facebook.com\/Puerto-Bah%C3%ADa-Seafood Instagram: @puertobahiaseafood Tel\u00e9fono: 3234330787 Celular: Correo electr\u00f3nico: puertobahiaseafood@gmail.com Direcci\u00f3n:","og_url":"https:\/\/www.sanluisrey.edu.co\/new\/producto\/puerto-bahia-seafood-s-a-s\/","og_site_name":"Colegio San Luis Rey","article_modified_time":"2024-01-09T21:23:37+00:00","og_image":[{"width":1280,"height":896,"url":"https:\/\/www.sanluisrey.edu.co\/new\/wp-content\/uploads\/2020\/06\/SEAFOOD-.jpg","type":"image\/jpeg"}],"twitter_card":"summary_large_image","schema":{"@context":"https:\/\/schema.org","@graph":[{"@type":"WebPage","@id":"https:\/\/www.sanluisrey.edu.co\/new\/producto\/puerto-bahia-seafood-s-a-s\/","url":"https:\/\/www.sanluisrey.edu.co\/new\/producto\/puerto-bahia-seafood-s-a-s\/","name":"Puerto Bahia Seafood S.A.S - Colegio San Luis Rey","isPartOf":{"@id":"https:\/\/www.sanluisrey.edu.co\/new\/#website"},"datePublished":"2020-06-05T14:42:40+00:00","dateModified":"2024-01-09T21:23:37+00:00","breadcrumb":{"@id":"https:\/\/www.sanluisrey.edu.co\/new\/producto\/puerto-bahia-seafood-s-a-s\/#breadcrumb"},"inLanguage":"es","potentialAction":[{"@type":"ReadAction","target":["https:\/\/www.sanluisrey.edu.co\/new\/producto\/puerto-bahia-seafood-s-a-s\/"]}]},{"@type":"BreadcrumbList","@id":"https:\/\/www.sanluisrey.edu.co\/new\/producto\/puerto-bahia-seafood-s-a-s\/#breadcrumb","itemListElement":[{"@type":"ListItem","position":1,"name":"Home","item":"https:\/\/www.sanluisrey.edu.co\/new\/"},{"@type":"ListItem","position":2,"name":"#SanLuisCompraSanLuis","item":"https:\/\/www.sanluisrey.edu.co\/new\/directorio-empresarial\/"},{"@type":"ListItem","position":3,"name":"Puerto Bahia Seafood S.A.S"}]},{"@type":"WebSite","@id":"https:\/\/www.sanluisrey.edu.co\/new\/#website","url":"https:\/\/www.sanluisrey.edu.co\/new\/","name":"Colegio San Luis Rey","description":"Comunidad Franciscana Provincia de la Santa Fe","potentialAction":[{"@type":"SearchAction","target":{"@type":"EntryPoint","urlTemplate":"https:\/\/www.sanluisrey.edu.co\/new\/?s={search_term_string}"},"query-input":{"@type":"PropertyValueSpecification","valueRequired":true,"valueName":"search_term_string"}}],"inLanguage":"es"}]}},"jetpack_sharing_enabled":true,"_links":{"self":[{"href":"https:\/\/www.sanluisrey.edu.co\/new\/wp-json\/wp\/v2\/product\/3416","targetHints":{"allow":["GET"]}}],"collection":[{"href":"https:\/\/www.sanluisrey.edu.co\/new\/wp-json\/wp\/v2\/product"}],"about":[{"href":"https:\/\/www.sanluisrey.edu.co\/new\/wp-json\/wp\/v2\/types\/product"}],"replies":[{"embeddable":true,"href":"https:\/\/www.sanluisrey.edu.co\/new\/wp-json\/wp\/v2\/comments?post=3416"}],"version-history":[{"count":1,"href":"https:\/\/www.sanluisrey.edu.co\/new\/wp-json\/wp\/v2\/product\/3416\/revisions"}],"predecessor-version":[{"id":3427,"href":"https:\/\/www.sanluisrey.edu.co\/new\/wp-json\/wp\/v2\/product\/3416\/revisions\/3427"}],"wp:attachment":[{"href":"https:\/\/www.sanluisrey.edu.co\/new\/wp-json\/wp\/v2\/media?parent=3416"}],"wp:term":[{"taxonomy":"product_brand","embeddable":true,"href":"https:\/\/www.sanluisrey.edu.co\/new\/wp-json\/wp\/v2\/product_brand?post=3416"},{"taxonomy":"product_cat","embeddable":true,"href":"https:\/\/www.sanluisrey.edu.co\/new\/wp-json\/wp\/v2\/product_cat?post=3416"},{"taxonomy":"product_tag","embeddable":true,"href":"https:\/\/www.sanluisrey.edu.co\/new\/wp-json\/wp\/v2\/product_tag?post=3416"}],"curies":[{"name":"wp","href":"https:\/\/api.w.org\/{rel}","templated":true}]}}