{"id":4109,"date":"2020-06-08T00:39:16","date_gmt":"2020-06-08T05:39:16","guid":{"rendered":"https:\/\/www.visualbit.co\/sanluis\/?post_type=product&#038;p=4109"},"modified":"2020-06-08T01:01:53","modified_gmt":"2020-06-08T06:01:53","slug":"pedaling-coffee","status":"publish","type":"product","link":"https:\/\/www.sanluisrey.edu.co\/new\/producto\/pedaling-coffee\/","title":{"rendered":"Pedaling Coffee"},"content":{"rendered":"","protected":false},"excerpt":{"rendered":"<p>Desde las altas monta\u00f1as colombianas, iniciamos haciendo traves\u00edas en bicicleta, frecuentando rutas que nos conduc\u00edan a nuestras fincas en la regi\u00f3n cafetera, raz\u00f3n que nos motiv\u00f3 a destacar y mostrar al mundo la cultura donde crecimos y vivimos. En los caminos y trochas hicimos muy buenos amigos, en medio del recorrido, disfrut\u00e1bamos de nuestros paisajes y al final de una larga jornada, nos esperaba una excelente taza de Caf\u00e9.<\/p>\n<p>Pedaling Coffee dio origen a la mezcla perfecta: El aprendizaje sobre cultura cafetera, combinada con la pr\u00e1ctica del ciclismo de aventura desde un punto de vista diferente, siempre observando y viviendo el mundo del Caf\u00e9 desde una bicicleta. Por eso, nuestra distinci\u00f3n: \u201cUN CAF\u00c9 CON SABOR A PREMIO DE MONTA\u00d1A\u201d.<\/p>\n<p>Facebook:<a href=\"https:\/\/web.facebook.com\/pedalingcoffee\/\">https:\/\/web.facebook.com\/pedalingcoffee\/<\/a><\/p>\n<p>Instagram: <a href=\"https:\/\/www.instagram.com\/pedaling_coffee\/\">@pedaling_coffee<\/a><\/p>\n<p id=\"u46046-4\">Celular: 3117889205<\/p>\n<p id=\"u46046-6\">Correo electr\u00f3nico: info@pedalingcoffee.com<\/p>\n<p>www.pedalingcoffee.com<\/p>\n","protected":false},"featured_media":0,"comment_status":"open","ping_status":"closed","template":"","meta":{"_monsterinsights_skip_tracking":false,"_monsterinsights_sitenote_active":false,"_monsterinsights_sitenote_note":"","_monsterinsights_sitenote_category":0},"product_brand":[],"product_cat":[27],"product_tag":[],"class_list":{"0":"post-4109","1":"product","2":"type-product","3":"status-publish","5":"product_cat-restaurantes","7":"first","8":"instock","9":"shipping-taxable","10":"product-type-simple"},"yoast_head":"<!-- This site is optimized with the Yoast SEO plugin v27.5 - https:\/\/yoast.com\/product\/yoast-seo-wordpress\/ -->\n<title>Pedaling Coffee - Colegio San Luis Rey<\/title>\n<meta name=\"robots\" content=\"index, follow, max-snippet:-1, max-image-preview:large, max-video-preview:-1\" \/>\n<link rel=\"canonical\" href=\"https:\/\/www.sanluisrey.edu.co\/new\/producto\/pedaling-coffee\/\" \/>\n<meta property=\"og:locale\" content=\"es_ES\" \/>\n<meta property=\"og:type\" content=\"article\" \/>\n<meta property=\"og:title\" content=\"Pedaling Coffee - Colegio San Luis Rey\" \/>\n<meta property=\"og:description\" content=\"Desde las altas monta\u00f1as colombianas, iniciamos haciendo traves\u00edas en bicicleta, frecuentando rutas que nos conduc\u00edan a nuestras fincas en la regi\u00f3n cafetera, raz\u00f3n que nos motiv\u00f3 a destacar y mostrar al mundo la cultura donde crecimos y vivimos. En los caminos y trochas hicimos muy buenos amigos, en medio del recorrido, disfrut\u00e1bamos de nuestros paisajes y al final de una larga jornada, nos esperaba una excelente taza de Caf\u00e9.  Pedaling Coffee dio origen a la mezcla perfecta: El aprendizaje sobre cultura cafetera, combinada con la pr\u00e1ctica del ciclismo de aventura desde un punto de vista diferente, siempre observando y viviendo el mundo del Caf\u00e9 desde una bicicleta. Por eso, nuestra distinci\u00f3n: \u201cUN CAF\u00c9 CON SABOR A PREMIO DE MONTA\u00d1A\u201d.  Facebook:https:\/\/web.facebook.com\/pedalingcoffee\/  Instagram: @pedaling_coffee Celular: 3117889205 Correo electr\u00f3nico: info@pedalingcoffee.com www.pedalingcoffee.com\" \/>\n<meta property=\"og:url\" content=\"https:\/\/www.sanluisrey.edu.co\/new\/producto\/pedaling-coffee\/\" \/>\n<meta property=\"og:site_name\" content=\"Colegio San Luis Rey\" \/>\n<meta property=\"article:modified_time\" content=\"2020-06-08T06:01:53+00:00\" \/>\n<meta property=\"og:image\" content=\"https:\/\/www.sanluisrey.edu.co\/new\/wp-content\/uploads\/2020\/06\/IMAGEN-BASE.jpg\" \/>\n\t<meta property=\"og:image:width\" content=\"720\" \/>\n\t<meta property=\"og:image:height\" content=\"720\" \/>\n\t<meta property=\"og:image:type\" content=\"image\/jpeg\" \/>\n<meta name=\"twitter:card\" content=\"summary_large_image\" \/>\n<script type=\"application\/ld+json\" class=\"yoast-schema-graph\">{\"@context\":\"https:\\\/\\\/schema.org\",\"@graph\":[{\"@type\":\"WebPage\",\"@id\":\"https:\\\/\\\/www.sanluisrey.edu.co\\\/new\\\/producto\\\/pedaling-coffee\\\/\",\"url\":\"https:\\\/\\\/www.sanluisrey.edu.co\\\/new\\\/producto\\\/pedaling-coffee\\\/\",\"name\":\"Pedaling Coffee - Colegio San Luis Rey\",\"isPartOf\":{\"@id\":\"https:\\\/\\\/www.sanluisrey.edu.co\\\/new\\\/#website\"},\"datePublished\":\"2020-06-08T05:39:16+00:00\",\"dateModified\":\"2020-06-08T06:01:53+00:00\",\"breadcrumb\":{\"@id\":\"https:\\\/\\\/www.sanluisrey.edu.co\\\/new\\\/producto\\\/pedaling-coffee\\\/#breadcrumb\"},\"inLanguage\":\"es\",\"potentialAction\":[{\"@type\":\"ReadAction\",\"target\":[\"https:\\\/\\\/www.sanluisrey.edu.co\\\/new\\\/producto\\\/pedaling-coffee\\\/\"]}]},{\"@type\":\"BreadcrumbList\",\"@id\":\"https:\\\/\\\/www.sanluisrey.edu.co\\\/new\\\/producto\\\/pedaling-coffee\\\/#breadcrumb\",\"itemListElement\":[{\"@type\":\"ListItem\",\"position\":1,\"name\":\"Home\",\"item\":\"https:\\\/\\\/www.sanluisrey.edu.co\\\/new\\\/\"},{\"@type\":\"ListItem\",\"position\":2,\"name\":\"#SanLuisCompraSanLuis\",\"item\":\"https:\\\/\\\/www.sanluisrey.edu.co\\\/new\\\/directorio-empresarial\\\/\"},{\"@type\":\"ListItem\",\"position\":3,\"name\":\"Pedaling Coffee\"}]},{\"@type\":\"WebSite\",\"@id\":\"https:\\\/\\\/www.sanluisrey.edu.co\\\/new\\\/#website\",\"url\":\"https:\\\/\\\/www.sanluisrey.edu.co\\\/new\\\/\",\"name\":\"Colegio San Luis Rey\",\"description\":\"Comunidad Franciscana Provincia de la Santa Fe\",\"potentialAction\":[{\"@type\":\"SearchAction\",\"target\":{\"@type\":\"EntryPoint\",\"urlTemplate\":\"https:\\\/\\\/www.sanluisrey.edu.co\\\/new\\\/?s={search_term_string}\"},\"query-input\":{\"@type\":\"PropertyValueSpecification\",\"valueRequired\":true,\"valueName\":\"search_term_string\"}}],\"inLanguage\":\"es\"}]}<\/script>\n<!-- \/ Yoast SEO plugin. -->","yoast_head_json":{"title":"Pedaling Coffee - Colegio San Luis Rey","robots":{"index":"index","follow":"follow","max-snippet":"max-snippet:-1","max-image-preview":"max-image-preview:large","max-video-preview":"max-video-preview:-1"},"canonical":"https:\/\/www.sanluisrey.edu.co\/new\/producto\/pedaling-coffee\/","og_locale":"es_ES","og_type":"article","og_title":"Pedaling Coffee - Colegio San Luis Rey","og_description":"Desde las altas monta\u00f1as colombianas, iniciamos haciendo traves\u00edas en bicicleta, frecuentando rutas que nos conduc\u00edan a nuestras fincas en la regi\u00f3n cafetera, raz\u00f3n que nos motiv\u00f3 a destacar y mostrar al mundo la cultura donde crecimos y vivimos. En los caminos y trochas hicimos muy buenos amigos, en medio del recorrido, disfrut\u00e1bamos de nuestros paisajes y al final de una larga jornada, nos esperaba una excelente taza de Caf\u00e9.  Pedaling Coffee dio origen a la mezcla perfecta: El aprendizaje sobre cultura cafetera, combinada con la pr\u00e1ctica del ciclismo de aventura desde un punto de vista diferente, siempre observando y viviendo el mundo del Caf\u00e9 desde una bicicleta. Por eso, nuestra distinci\u00f3n: \u201cUN CAF\u00c9 CON SABOR A PREMIO DE MONTA\u00d1A\u201d.  Facebook:https:\/\/web.facebook.com\/pedalingcoffee\/  Instagram: @pedaling_coffee Celular: 3117889205 Correo electr\u00f3nico: info@pedalingcoffee.com www.pedalingcoffee.com","og_url":"https:\/\/www.sanluisrey.edu.co\/new\/producto\/pedaling-coffee\/","og_site_name":"Colegio San Luis Rey","article_modified_time":"2020-06-08T06:01:53+00:00","og_image":[{"width":720,"height":720,"url":"https:\/\/www.sanluisrey.edu.co\/new\/wp-content\/uploads\/2020\/06\/IMAGEN-BASE.jpg","type":"image\/jpeg"}],"twitter_card":"summary_large_image","schema":{"@context":"https:\/\/schema.org","@graph":[{"@type":"WebPage","@id":"https:\/\/www.sanluisrey.edu.co\/new\/producto\/pedaling-coffee\/","url":"https:\/\/www.sanluisrey.edu.co\/new\/producto\/pedaling-coffee\/","name":"Pedaling Coffee - Colegio San Luis Rey","isPartOf":{"@id":"https:\/\/www.sanluisrey.edu.co\/new\/#website"},"datePublished":"2020-06-08T05:39:16+00:00","dateModified":"2020-06-08T06:01:53+00:00","breadcrumb":{"@id":"https:\/\/www.sanluisrey.edu.co\/new\/producto\/pedaling-coffee\/#breadcrumb"},"inLanguage":"es","potentialAction":[{"@type":"ReadAction","target":["https:\/\/www.sanluisrey.edu.co\/new\/producto\/pedaling-coffee\/"]}]},{"@type":"BreadcrumbList","@id":"https:\/\/www.sanluisrey.edu.co\/new\/producto\/pedaling-coffee\/#breadcrumb","itemListElement":[{"@type":"ListItem","position":1,"name":"Home","item":"https:\/\/www.sanluisrey.edu.co\/new\/"},{"@type":"ListItem","position":2,"name":"#SanLuisCompraSanLuis","item":"https:\/\/www.sanluisrey.edu.co\/new\/directorio-empresarial\/"},{"@type":"ListItem","position":3,"name":"Pedaling Coffee"}]},{"@type":"WebSite","@id":"https:\/\/www.sanluisrey.edu.co\/new\/#website","url":"https:\/\/www.sanluisrey.edu.co\/new\/","name":"Colegio San Luis Rey","description":"Comunidad Franciscana Provincia de la Santa Fe","potentialAction":[{"@type":"SearchAction","target":{"@type":"EntryPoint","urlTemplate":"https:\/\/www.sanluisrey.edu.co\/new\/?s={search_term_string}"},"query-input":{"@type":"PropertyValueSpecification","valueRequired":true,"valueName":"search_term_string"}}],"inLanguage":"es"}]}},"jetpack_sharing_enabled":true,"_links":{"self":[{"href":"https:\/\/www.sanluisrey.edu.co\/new\/wp-json\/wp\/v2\/product\/4109","targetHints":{"allow":["GET"]}}],"collection":[{"href":"https:\/\/www.sanluisrey.edu.co\/new\/wp-json\/wp\/v2\/product"}],"about":[{"href":"https:\/\/www.sanluisrey.edu.co\/new\/wp-json\/wp\/v2\/types\/product"}],"replies":[{"embeddable":true,"href":"https:\/\/www.sanluisrey.edu.co\/new\/wp-json\/wp\/v2\/comments?post=4109"}],"version-history":[{"count":1,"href":"https:\/\/www.sanluisrey.edu.co\/new\/wp-json\/wp\/v2\/product\/4109\/revisions"}],"predecessor-version":[{"id":4116,"href":"https:\/\/www.sanluisrey.edu.co\/new\/wp-json\/wp\/v2\/product\/4109\/revisions\/4116"}],"wp:attachment":[{"href":"https:\/\/www.sanluisrey.edu.co\/new\/wp-json\/wp\/v2\/media?parent=4109"}],"wp:term":[{"taxonomy":"product_brand","embeddable":true,"href":"https:\/\/www.sanluisrey.edu.co\/new\/wp-json\/wp\/v2\/product_brand?post=4109"},{"taxonomy":"product_cat","embeddable":true,"href":"https:\/\/www.sanluisrey.edu.co\/new\/wp-json\/wp\/v2\/product_cat?post=4109"},{"taxonomy":"product_tag","embeddable":true,"href":"https:\/\/www.sanluisrey.edu.co\/new\/wp-json\/wp\/v2\/product_tag?post=4109"}],"curies":[{"name":"wp","href":"https:\/\/api.w.org\/{rel}","templated":true}]}}