{"id":4148,"date":"2020-06-08T02:28:00","date_gmt":"2020-06-08T07:28:00","guid":{"rendered":"https:\/\/www.visualbit.co\/sanluis\/?post_type=product&#038;p=4148"},"modified":"2020-06-08T02:34:50","modified_gmt":"2020-06-08T07:34:50","slug":"edervit-salud-y-nutricion","status":"publish","type":"product","link":"https:\/\/www.sanluisrey.edu.co\/new\/producto\/edervit-salud-y-nutricion\/","title":{"rendered":"EDERVIT SALUD Y NUTRICI\u00d3N"},"content":{"rendered":"","protected":false},"excerpt":{"rendered":"<p>Somos una empresa dedicada a la producci\u00f3n y comercializaci\u00f3n de productos naturales al por mayor. Todo para la salud preventiva.(multivitaminicos, prote\u00ednas, col\u00e1genos, jarabes, etc, )<\/p>\n<p>&nbsp;<\/p>\n<p>Facebook: <a href=\"https:\/\/facebook.com\/Edervit\">https:\/\/facebook.com\/Edervit<\/a><\/p>\n<p>Instagram: <a href=\"https:\/\/www.instagram.com\/Edervitsalud\">@Edervitsalud<\/a><\/p>\n<p id=\"u46046-4\">Celular: 3203226832<\/p>\n<p id=\"u46046-6\">Correo electr\u00f3nico: info@edervit.com<\/p>\n<p>www.edervit.com<\/p>\n","protected":false},"featured_media":0,"comment_status":"open","ping_status":"closed","template":"","meta":{"_monsterinsights_skip_tracking":false,"_monsterinsights_sitenote_active":false,"_monsterinsights_sitenote_note":"","_monsterinsights_sitenote_category":0},"product_brand":[],"product_cat":[31],"product_tag":[],"class_list":{"0":"post-4148","1":"product","2":"type-product","3":"status-publish","5":"product_cat-salud","7":"first","8":"instock","9":"shipping-taxable","10":"product-type-simple"},"yoast_head":"<!-- This site is optimized with the Yoast SEO plugin v27.3 - https:\/\/yoast.com\/product\/yoast-seo-wordpress\/ -->\n<title>EDERVIT SALUD Y NUTRICI\u00d3N - Colegio San Luis Rey<\/title>\n<meta name=\"robots\" content=\"index, follow, max-snippet:-1, max-image-preview:large, max-video-preview:-1\" \/>\n<link rel=\"canonical\" href=\"https:\/\/www.sanluisrey.edu.co\/new\/producto\/edervit-salud-y-nutricion\/\" \/>\n<meta property=\"og:locale\" content=\"es_ES\" \/>\n<meta property=\"og:type\" content=\"article\" \/>\n<meta property=\"og:title\" content=\"EDERVIT SALUD Y NUTRICI\u00d3N - Colegio San Luis Rey\" \/>\n<meta property=\"og:description\" content=\"Somos una empresa dedicada a la producci\u00f3n y comercializaci\u00f3n de productos naturales al por mayor. Todo para la salud preventiva.(multivitaminicos, prote\u00ednas, col\u00e1genos, jarabes, etc, )  &nbsp;  Facebook: https:\/\/facebook.com\/Edervit  Instagram: @Edervitsalud Celular: 3203226832 Correo electr\u00f3nico: info@edervit.com www.edervit.com\" \/>\n<meta property=\"og:url\" content=\"https:\/\/www.sanluisrey.edu.co\/new\/producto\/edervit-salud-y-nutricion\/\" \/>\n<meta property=\"og:site_name\" content=\"Colegio San Luis Rey\" \/>\n<meta property=\"article:modified_time\" content=\"2020-06-08T07:34:50+00:00\" \/>\n<meta property=\"og:image\" content=\"https:\/\/www.sanluisrey.edu.co\/new\/wp-content\/uploads\/2020\/06\/3.jpg\" \/>\n\t<meta property=\"og:image:width\" content=\"480\" \/>\n\t<meta property=\"og:image:height\" content=\"480\" \/>\n\t<meta property=\"og:image:type\" content=\"image\/jpeg\" \/>\n<meta name=\"twitter:card\" content=\"summary_large_image\" \/>\n<script type=\"application\/ld+json\" class=\"yoast-schema-graph\">{\"@context\":\"https:\\\/\\\/schema.org\",\"@graph\":[{\"@type\":\"WebPage\",\"@id\":\"https:\\\/\\\/www.sanluisrey.edu.co\\\/new\\\/producto\\\/edervit-salud-y-nutricion\\\/\",\"url\":\"https:\\\/\\\/www.sanluisrey.edu.co\\\/new\\\/producto\\\/edervit-salud-y-nutricion\\\/\",\"name\":\"EDERVIT SALUD Y NUTRICI\u00d3N - Colegio San Luis Rey\",\"isPartOf\":{\"@id\":\"https:\\\/\\\/www.sanluisrey.edu.co\\\/new\\\/#website\"},\"datePublished\":\"2020-06-08T07:28:00+00:00\",\"dateModified\":\"2020-06-08T07:34:50+00:00\",\"breadcrumb\":{\"@id\":\"https:\\\/\\\/www.sanluisrey.edu.co\\\/new\\\/producto\\\/edervit-salud-y-nutricion\\\/#breadcrumb\"},\"inLanguage\":\"es\",\"potentialAction\":[{\"@type\":\"ReadAction\",\"target\":[\"https:\\\/\\\/www.sanluisrey.edu.co\\\/new\\\/producto\\\/edervit-salud-y-nutricion\\\/\"]}]},{\"@type\":\"BreadcrumbList\",\"@id\":\"https:\\\/\\\/www.sanluisrey.edu.co\\\/new\\\/producto\\\/edervit-salud-y-nutricion\\\/#breadcrumb\",\"itemListElement\":[{\"@type\":\"ListItem\",\"position\":1,\"name\":\"Home\",\"item\":\"https:\\\/\\\/www.sanluisrey.edu.co\\\/new\\\/\"},{\"@type\":\"ListItem\",\"position\":2,\"name\":\"#SanLuisCompraSanLuis\",\"item\":\"https:\\\/\\\/www.sanluisrey.edu.co\\\/new\\\/directorio-empresarial\\\/\"},{\"@type\":\"ListItem\",\"position\":3,\"name\":\"EDERVIT SALUD Y NUTRICI\u00d3N\"}]},{\"@type\":\"WebSite\",\"@id\":\"https:\\\/\\\/www.sanluisrey.edu.co\\\/new\\\/#website\",\"url\":\"https:\\\/\\\/www.sanluisrey.edu.co\\\/new\\\/\",\"name\":\"Colegio San Luis Rey\",\"description\":\"Comunidad Franciscana Provincia de la Santa Fe\",\"potentialAction\":[{\"@type\":\"SearchAction\",\"target\":{\"@type\":\"EntryPoint\",\"urlTemplate\":\"https:\\\/\\\/www.sanluisrey.edu.co\\\/new\\\/?s={search_term_string}\"},\"query-input\":{\"@type\":\"PropertyValueSpecification\",\"valueRequired\":true,\"valueName\":\"search_term_string\"}}],\"inLanguage\":\"es\"}]}<\/script>\n<!-- \/ Yoast SEO plugin. -->","yoast_head_json":{"title":"EDERVIT SALUD Y NUTRICI\u00d3N - Colegio San Luis Rey","robots":{"index":"index","follow":"follow","max-snippet":"max-snippet:-1","max-image-preview":"max-image-preview:large","max-video-preview":"max-video-preview:-1"},"canonical":"https:\/\/www.sanluisrey.edu.co\/new\/producto\/edervit-salud-y-nutricion\/","og_locale":"es_ES","og_type":"article","og_title":"EDERVIT SALUD Y NUTRICI\u00d3N - Colegio San Luis Rey","og_description":"Somos una empresa dedicada a la producci\u00f3n y comercializaci\u00f3n de productos naturales al por mayor. Todo para la salud preventiva.(multivitaminicos, prote\u00ednas, col\u00e1genos, jarabes, etc, )  &nbsp;  Facebook: https:\/\/facebook.com\/Edervit  Instagram: @Edervitsalud Celular: 3203226832 Correo electr\u00f3nico: info@edervit.com www.edervit.com","og_url":"https:\/\/www.sanluisrey.edu.co\/new\/producto\/edervit-salud-y-nutricion\/","og_site_name":"Colegio San Luis Rey","article_modified_time":"2020-06-08T07:34:50+00:00","og_image":[{"width":480,"height":480,"url":"https:\/\/www.sanluisrey.edu.co\/new\/wp-content\/uploads\/2020\/06\/3.jpg","type":"image\/jpeg"}],"twitter_card":"summary_large_image","schema":{"@context":"https:\/\/schema.org","@graph":[{"@type":"WebPage","@id":"https:\/\/www.sanluisrey.edu.co\/new\/producto\/edervit-salud-y-nutricion\/","url":"https:\/\/www.sanluisrey.edu.co\/new\/producto\/edervit-salud-y-nutricion\/","name":"EDERVIT SALUD Y NUTRICI\u00d3N - Colegio San Luis Rey","isPartOf":{"@id":"https:\/\/www.sanluisrey.edu.co\/new\/#website"},"datePublished":"2020-06-08T07:28:00+00:00","dateModified":"2020-06-08T07:34:50+00:00","breadcrumb":{"@id":"https:\/\/www.sanluisrey.edu.co\/new\/producto\/edervit-salud-y-nutricion\/#breadcrumb"},"inLanguage":"es","potentialAction":[{"@type":"ReadAction","target":["https:\/\/www.sanluisrey.edu.co\/new\/producto\/edervit-salud-y-nutricion\/"]}]},{"@type":"BreadcrumbList","@id":"https:\/\/www.sanluisrey.edu.co\/new\/producto\/edervit-salud-y-nutricion\/#breadcrumb","itemListElement":[{"@type":"ListItem","position":1,"name":"Home","item":"https:\/\/www.sanluisrey.edu.co\/new\/"},{"@type":"ListItem","position":2,"name":"#SanLuisCompraSanLuis","item":"https:\/\/www.sanluisrey.edu.co\/new\/directorio-empresarial\/"},{"@type":"ListItem","position":3,"name":"EDERVIT SALUD Y NUTRICI\u00d3N"}]},{"@type":"WebSite","@id":"https:\/\/www.sanluisrey.edu.co\/new\/#website","url":"https:\/\/www.sanluisrey.edu.co\/new\/","name":"Colegio San Luis Rey","description":"Comunidad Franciscana Provincia de la Santa Fe","potentialAction":[{"@type":"SearchAction","target":{"@type":"EntryPoint","urlTemplate":"https:\/\/www.sanluisrey.edu.co\/new\/?s={search_term_string}"},"query-input":{"@type":"PropertyValueSpecification","valueRequired":true,"valueName":"search_term_string"}}],"inLanguage":"es"}]}},"jetpack_sharing_enabled":true,"_links":{"self":[{"href":"https:\/\/www.sanluisrey.edu.co\/new\/wp-json\/wp\/v2\/product\/4148","targetHints":{"allow":["GET"]}}],"collection":[{"href":"https:\/\/www.sanluisrey.edu.co\/new\/wp-json\/wp\/v2\/product"}],"about":[{"href":"https:\/\/www.sanluisrey.edu.co\/new\/wp-json\/wp\/v2\/types\/product"}],"replies":[{"embeddable":true,"href":"https:\/\/www.sanluisrey.edu.co\/new\/wp-json\/wp\/v2\/comments?post=4148"}],"version-history":[{"count":1,"href":"https:\/\/www.sanluisrey.edu.co\/new\/wp-json\/wp\/v2\/product\/4148\/revisions"}],"predecessor-version":[{"id":4155,"href":"https:\/\/www.sanluisrey.edu.co\/new\/wp-json\/wp\/v2\/product\/4148\/revisions\/4155"}],"wp:attachment":[{"href":"https:\/\/www.sanluisrey.edu.co\/new\/wp-json\/wp\/v2\/media?parent=4148"}],"wp:term":[{"taxonomy":"product_brand","embeddable":true,"href":"https:\/\/www.sanluisrey.edu.co\/new\/wp-json\/wp\/v2\/product_brand?post=4148"},{"taxonomy":"product_cat","embeddable":true,"href":"https:\/\/www.sanluisrey.edu.co\/new\/wp-json\/wp\/v2\/product_cat?post=4148"},{"taxonomy":"product_tag","embeddable":true,"href":"https:\/\/www.sanluisrey.edu.co\/new\/wp-json\/wp\/v2\/product_tag?post=4148"}],"curies":[{"name":"wp","href":"https:\/\/api.w.org\/{rel}","templated":true}]}}