{"id":4345,"date":"2020-06-08T11:38:45","date_gmt":"2020-06-08T16:38:45","guid":{"rendered":"https:\/\/www.visualbit.co\/sanluis\/?post_type=product&#038;p=4345"},"modified":"2020-06-08T11:38:45","modified_gmt":"2020-06-08T16:38:45","slug":"grupo-san-marino-s-a-s","status":"publish","type":"product","link":"https:\/\/www.sanluisrey.edu.co\/new\/producto\/grupo-san-marino-s-a-s\/","title":{"rendered":"Grupo San Marino S.A.S"},"content":{"rendered":"","protected":false},"excerpt":{"rendered":"<p class=\"p1\">Agua en botell\u00f3n de 18.9 litros .<br \/>\nagua en bolsas 5 litros con tapa dispensadora<br \/>\npaca\u00d7 22 botellas de 500c.c y 600 c.c con agua agua san marino<\/p>\n<p class=\"p1\">Ciudad: Armenia<\/p>\n<p class=\"p1\">Domicilio: S\u00ed<\/p>\n<p class=\"p1\">Facebook: <a href=\"https:\/\/web.facebook.com\/Sanmarinoportiyparati\">https:\/\/web.facebook.com\/Sanmarinoportiyparati<\/a><\/p>\n<p class=\"p1\">Tel\u00e9fono: 7458792<\/p>\n<p class=\"p1\">Celular: 3142604260<\/p>\n<p class=\"p1\">Correo electr\u00f3nico: aguasanmarino@hotmail.com<\/p>\n","protected":false},"featured_media":4347,"comment_status":"open","ping_status":"closed","template":"","meta":{"_monsterinsights_skip_tracking":false,"_monsterinsights_sitenote_active":false,"_monsterinsights_sitenote_note":"","_monsterinsights_sitenote_category":0},"product_brand":[],"product_cat":[27],"product_tag":[],"class_list":{"0":"post-4345","1":"product","2":"type-product","3":"status-publish","4":"has-post-thumbnail","6":"product_cat-restaurantes","8":"first","9":"instock","10":"shipping-taxable","11":"product-type-simple"},"yoast_head":"<!-- This site is optimized with the Yoast SEO plugin v27.5 - https:\/\/yoast.com\/product\/yoast-seo-wordpress\/ -->\n<title>Grupo San Marino S.A.S - Colegio San Luis Rey<\/title>\n<meta name=\"robots\" content=\"index, follow, max-snippet:-1, max-image-preview:large, max-video-preview:-1\" \/>\n<link rel=\"canonical\" href=\"https:\/\/www.sanluisrey.edu.co\/new\/producto\/grupo-san-marino-s-a-s\/\" \/>\n<meta property=\"og:locale\" content=\"es_ES\" \/>\n<meta property=\"og:type\" content=\"article\" \/>\n<meta property=\"og:title\" content=\"Grupo San Marino S.A.S - Colegio San Luis Rey\" \/>\n<meta property=\"og:description\" content=\"Agua en botell\u00f3n de 18.9 litros . agua en bolsas 5 litros con tapa dispensadora paca\u00d7 22 botellas de 500c.c y 600 c.c con agua agua san marino Ciudad: Armenia Domicilio: S\u00ed Facebook: https:\/\/web.facebook.com\/Sanmarinoportiyparati Tel\u00e9fono: 7458792 Celular: 3142604260 Correo electr\u00f3nico: aguasanmarino@hotmail.com\" \/>\n<meta property=\"og:url\" content=\"https:\/\/www.sanluisrey.edu.co\/new\/producto\/grupo-san-marino-s-a-s\/\" \/>\n<meta property=\"og:site_name\" content=\"Colegio San Luis Rey\" \/>\n<meta property=\"og:image\" content=\"https:\/\/www.sanluisrey.edu.co\/new\/wp-content\/uploads\/2020\/06\/IMG-20200524-WA0002.jpg\" \/>\n\t<meta property=\"og:image:width\" content=\"754\" \/>\n\t<meta property=\"og:image:height\" content=\"1065\" \/>\n\t<meta property=\"og:image:type\" content=\"image\/jpeg\" \/>\n<meta name=\"twitter:card\" content=\"summary_large_image\" \/>\n<script type=\"application\/ld+json\" class=\"yoast-schema-graph\">{\"@context\":\"https:\\\/\\\/schema.org\",\"@graph\":[{\"@type\":\"WebPage\",\"@id\":\"https:\\\/\\\/www.sanluisrey.edu.co\\\/new\\\/producto\\\/grupo-san-marino-s-a-s\\\/\",\"url\":\"https:\\\/\\\/www.sanluisrey.edu.co\\\/new\\\/producto\\\/grupo-san-marino-s-a-s\\\/\",\"name\":\"Grupo San Marino S.A.S - Colegio San Luis Rey\",\"isPartOf\":{\"@id\":\"https:\\\/\\\/www.sanluisrey.edu.co\\\/new\\\/#website\"},\"primaryImageOfPage\":{\"@id\":\"https:\\\/\\\/www.sanluisrey.edu.co\\\/new\\\/producto\\\/grupo-san-marino-s-a-s\\\/#primaryimage\"},\"image\":{\"@id\":\"https:\\\/\\\/www.sanluisrey.edu.co\\\/new\\\/producto\\\/grupo-san-marino-s-a-s\\\/#primaryimage\"},\"thumbnailUrl\":\"https:\\\/\\\/www.sanluisrey.edu.co\\\/new\\\/wp-content\\\/uploads\\\/2020\\\/06\\\/IMG-20200524-WA0002.jpg\",\"datePublished\":\"2020-06-08T16:38:45+00:00\",\"breadcrumb\":{\"@id\":\"https:\\\/\\\/www.sanluisrey.edu.co\\\/new\\\/producto\\\/grupo-san-marino-s-a-s\\\/#breadcrumb\"},\"inLanguage\":\"es\",\"potentialAction\":[{\"@type\":\"ReadAction\",\"target\":[\"https:\\\/\\\/www.sanluisrey.edu.co\\\/new\\\/producto\\\/grupo-san-marino-s-a-s\\\/\"]}]},{\"@type\":\"ImageObject\",\"inLanguage\":\"es\",\"@id\":\"https:\\\/\\\/www.sanluisrey.edu.co\\\/new\\\/producto\\\/grupo-san-marino-s-a-s\\\/#primaryimage\",\"url\":\"https:\\\/\\\/www.sanluisrey.edu.co\\\/new\\\/wp-content\\\/uploads\\\/2020\\\/06\\\/IMG-20200524-WA0002.jpg\",\"contentUrl\":\"https:\\\/\\\/www.sanluisrey.edu.co\\\/new\\\/wp-content\\\/uploads\\\/2020\\\/06\\\/IMG-20200524-WA0002.jpg\",\"width\":754,\"height\":1065},{\"@type\":\"BreadcrumbList\",\"@id\":\"https:\\\/\\\/www.sanluisrey.edu.co\\\/new\\\/producto\\\/grupo-san-marino-s-a-s\\\/#breadcrumb\",\"itemListElement\":[{\"@type\":\"ListItem\",\"position\":1,\"name\":\"Home\",\"item\":\"https:\\\/\\\/www.sanluisrey.edu.co\\\/new\\\/\"},{\"@type\":\"ListItem\",\"position\":2,\"name\":\"#SanLuisCompraSanLuis\",\"item\":\"https:\\\/\\\/www.sanluisrey.edu.co\\\/new\\\/directorio-empresarial\\\/\"},{\"@type\":\"ListItem\",\"position\":3,\"name\":\"Grupo San Marino S.A.S\"}]},{\"@type\":\"WebSite\",\"@id\":\"https:\\\/\\\/www.sanluisrey.edu.co\\\/new\\\/#website\",\"url\":\"https:\\\/\\\/www.sanluisrey.edu.co\\\/new\\\/\",\"name\":\"Colegio San Luis Rey\",\"description\":\"Comunidad Franciscana Provincia de la Santa Fe\",\"potentialAction\":[{\"@type\":\"SearchAction\",\"target\":{\"@type\":\"EntryPoint\",\"urlTemplate\":\"https:\\\/\\\/www.sanluisrey.edu.co\\\/new\\\/?s={search_term_string}\"},\"query-input\":{\"@type\":\"PropertyValueSpecification\",\"valueRequired\":true,\"valueName\":\"search_term_string\"}}],\"inLanguage\":\"es\"}]}<\/script>\n<!-- \/ Yoast SEO plugin. -->","yoast_head_json":{"title":"Grupo San Marino S.A.S - Colegio San Luis Rey","robots":{"index":"index","follow":"follow","max-snippet":"max-snippet:-1","max-image-preview":"max-image-preview:large","max-video-preview":"max-video-preview:-1"},"canonical":"https:\/\/www.sanluisrey.edu.co\/new\/producto\/grupo-san-marino-s-a-s\/","og_locale":"es_ES","og_type":"article","og_title":"Grupo San Marino S.A.S - Colegio San Luis Rey","og_description":"Agua en botell\u00f3n de 18.9 litros . agua en bolsas 5 litros con tapa dispensadora paca\u00d7 22 botellas de 500c.c y 600 c.c con agua agua san marino Ciudad: Armenia Domicilio: S\u00ed Facebook: https:\/\/web.facebook.com\/Sanmarinoportiyparati Tel\u00e9fono: 7458792 Celular: 3142604260 Correo electr\u00f3nico: aguasanmarino@hotmail.com","og_url":"https:\/\/www.sanluisrey.edu.co\/new\/producto\/grupo-san-marino-s-a-s\/","og_site_name":"Colegio San Luis Rey","og_image":[{"width":754,"height":1065,"url":"https:\/\/www.sanluisrey.edu.co\/new\/wp-content\/uploads\/2020\/06\/IMG-20200524-WA0002.jpg","type":"image\/jpeg"}],"twitter_card":"summary_large_image","schema":{"@context":"https:\/\/schema.org","@graph":[{"@type":"WebPage","@id":"https:\/\/www.sanluisrey.edu.co\/new\/producto\/grupo-san-marino-s-a-s\/","url":"https:\/\/www.sanluisrey.edu.co\/new\/producto\/grupo-san-marino-s-a-s\/","name":"Grupo San Marino S.A.S - Colegio San Luis Rey","isPartOf":{"@id":"https:\/\/www.sanluisrey.edu.co\/new\/#website"},"primaryImageOfPage":{"@id":"https:\/\/www.sanluisrey.edu.co\/new\/producto\/grupo-san-marino-s-a-s\/#primaryimage"},"image":{"@id":"https:\/\/www.sanluisrey.edu.co\/new\/producto\/grupo-san-marino-s-a-s\/#primaryimage"},"thumbnailUrl":"https:\/\/www.sanluisrey.edu.co\/new\/wp-content\/uploads\/2020\/06\/IMG-20200524-WA0002.jpg","datePublished":"2020-06-08T16:38:45+00:00","breadcrumb":{"@id":"https:\/\/www.sanluisrey.edu.co\/new\/producto\/grupo-san-marino-s-a-s\/#breadcrumb"},"inLanguage":"es","potentialAction":[{"@type":"ReadAction","target":["https:\/\/www.sanluisrey.edu.co\/new\/producto\/grupo-san-marino-s-a-s\/"]}]},{"@type":"ImageObject","inLanguage":"es","@id":"https:\/\/www.sanluisrey.edu.co\/new\/producto\/grupo-san-marino-s-a-s\/#primaryimage","url":"https:\/\/www.sanluisrey.edu.co\/new\/wp-content\/uploads\/2020\/06\/IMG-20200524-WA0002.jpg","contentUrl":"https:\/\/www.sanluisrey.edu.co\/new\/wp-content\/uploads\/2020\/06\/IMG-20200524-WA0002.jpg","width":754,"height":1065},{"@type":"BreadcrumbList","@id":"https:\/\/www.sanluisrey.edu.co\/new\/producto\/grupo-san-marino-s-a-s\/#breadcrumb","itemListElement":[{"@type":"ListItem","position":1,"name":"Home","item":"https:\/\/www.sanluisrey.edu.co\/new\/"},{"@type":"ListItem","position":2,"name":"#SanLuisCompraSanLuis","item":"https:\/\/www.sanluisrey.edu.co\/new\/directorio-empresarial\/"},{"@type":"ListItem","position":3,"name":"Grupo San Marino S.A.S"}]},{"@type":"WebSite","@id":"https:\/\/www.sanluisrey.edu.co\/new\/#website","url":"https:\/\/www.sanluisrey.edu.co\/new\/","name":"Colegio San Luis Rey","description":"Comunidad Franciscana Provincia de la Santa Fe","potentialAction":[{"@type":"SearchAction","target":{"@type":"EntryPoint","urlTemplate":"https:\/\/www.sanluisrey.edu.co\/new\/?s={search_term_string}"},"query-input":{"@type":"PropertyValueSpecification","valueRequired":true,"valueName":"search_term_string"}}],"inLanguage":"es"}]}},"jetpack_sharing_enabled":true,"_links":{"self":[{"href":"https:\/\/www.sanluisrey.edu.co\/new\/wp-json\/wp\/v2\/product\/4345","targetHints":{"allow":["GET"]}}],"collection":[{"href":"https:\/\/www.sanluisrey.edu.co\/new\/wp-json\/wp\/v2\/product"}],"about":[{"href":"https:\/\/www.sanluisrey.edu.co\/new\/wp-json\/wp\/v2\/types\/product"}],"replies":[{"embeddable":true,"href":"https:\/\/www.sanluisrey.edu.co\/new\/wp-json\/wp\/v2\/comments?post=4345"}],"version-history":[{"count":0,"href":"https:\/\/www.sanluisrey.edu.co\/new\/wp-json\/wp\/v2\/product\/4345\/revisions"}],"wp:featuredmedia":[{"embeddable":true,"href":"https:\/\/www.sanluisrey.edu.co\/new\/wp-json\/wp\/v2\/media\/4347"}],"wp:attachment":[{"href":"https:\/\/www.sanluisrey.edu.co\/new\/wp-json\/wp\/v2\/media?parent=4345"}],"wp:term":[{"taxonomy":"product_brand","embeddable":true,"href":"https:\/\/www.sanluisrey.edu.co\/new\/wp-json\/wp\/v2\/product_brand?post=4345"},{"taxonomy":"product_cat","embeddable":true,"href":"https:\/\/www.sanluisrey.edu.co\/new\/wp-json\/wp\/v2\/product_cat?post=4345"},{"taxonomy":"product_tag","embeddable":true,"href":"https:\/\/www.sanluisrey.edu.co\/new\/wp-json\/wp\/v2\/product_tag?post=4345"}],"curies":[{"name":"wp","href":"https:\/\/api.w.org\/{rel}","templated":true}]}}