{"id":4351,"date":"2020-06-08T11:44:52","date_gmt":"2020-06-08T16:44:52","guid":{"rendered":"https:\/\/www.visualbit.co\/sanluis\/?post_type=product&#038;p=4351"},"modified":"2020-06-08T11:44:53","modified_gmt":"2020-06-08T16:44:53","slug":"dental-studio-axm","status":"publish","type":"product","link":"https:\/\/www.sanluisrey.edu.co\/new\/producto\/dental-studio-axm\/","title":{"rendered":"Dental Studio Axm"},"content":{"rendered":"","protected":false},"excerpt":{"rendered":"<p class=\"p1\">Soy odont\u00f3loga y en muestra cl\u00ednica tenemos los servicios de odontopediatr\u00eda, periodoncia, endodoncia, implantolog\u00eda, rehabilitaci\u00f3n oral, ortodoncia, cirug\u00eda y est\u00e9tica.<br \/>\nA toda la comunidad San luisista los atenderemos con precios especiales. Gracias!<\/p>\n<p class=\"p1\">Ciudad: Armenia<\/p>\n<p class=\"p1\">Facebook: <a href=\"https:\/\/web.facebook.com\/dentalstudioaxm\">https:\/\/web.facebook.com\/dentalstudioaxm<\/a><br \/>\nInstagram: <a class=\"sqdOP yWX7d     _8A5w5   ZIAjV \" href=\"https:\/\/www.instagram.com\/od.juli_dentalstudioaxm\/\">@od.juli_dentalstudioaxm<\/a><\/p>\n<p class=\"p1\">Celular: 3006858729<\/p>\n<p class=\"p1\">Correo electr\u00f3nico: od.julialz@gmail.com<\/p>\n","protected":false},"featured_media":4353,"comment_status":"open","ping_status":"closed","template":"","meta":{"_monsterinsights_skip_tracking":false,"_monsterinsights_sitenote_active":false,"_monsterinsights_sitenote_note":"","_monsterinsights_sitenote_category":0},"product_brand":[],"product_cat":[31],"product_tag":[],"class_list":{"0":"post-4351","1":"product","2":"type-product","3":"status-publish","4":"has-post-thumbnail","6":"product_cat-salud","8":"first","9":"instock","10":"shipping-taxable","11":"product-type-simple"},"yoast_head":"<!-- This site is optimized with the Yoast SEO plugin v27.1.1 - https:\/\/yoast.com\/product\/yoast-seo-wordpress\/ -->\n<title>Dental Studio Axm - Colegio San Luis Rey<\/title>\n<meta name=\"robots\" content=\"index, follow, max-snippet:-1, max-image-preview:large, max-video-preview:-1\" \/>\n<link rel=\"canonical\" href=\"https:\/\/www.sanluisrey.edu.co\/new\/producto\/dental-studio-axm\/\" \/>\n<meta property=\"og:locale\" content=\"es_ES\" \/>\n<meta property=\"og:type\" content=\"article\" \/>\n<meta property=\"og:title\" content=\"Dental Studio Axm - Colegio San Luis Rey\" \/>\n<meta property=\"og:description\" content=\"Soy odont\u00f3loga y en muestra cl\u00ednica tenemos los servicios de odontopediatr\u00eda, periodoncia, endodoncia, implantolog\u00eda, rehabilitaci\u00f3n oral, ortodoncia, cirug\u00eda y est\u00e9tica. A toda la comunidad San luisista los atenderemos con precios especiales. Gracias! Ciudad: Armenia Facebook: https:\/\/web.facebook.com\/dentalstudioaxm Instagram: @od.juli_dentalstudioaxm Celular: 3006858729 Correo electr\u00f3nico: od.julialz@gmail.com\" \/>\n<meta property=\"og:url\" content=\"https:\/\/www.sanluisrey.edu.co\/new\/producto\/dental-studio-axm\/\" \/>\n<meta property=\"og:site_name\" content=\"Colegio San Luis Rey\" \/>\n<meta property=\"article:modified_time\" content=\"2020-06-08T16:44:53+00:00\" \/>\n<meta property=\"og:image\" content=\"https:\/\/www.sanluisrey.edu.co\/new\/wp-content\/uploads\/2020\/06\/IMG-20191121-WA0072.jpg\" \/>\n\t<meta property=\"og:image:width\" content=\"1280\" \/>\n\t<meta property=\"og:image:height\" content=\"989\" \/>\n\t<meta property=\"og:image:type\" content=\"image\/jpeg\" \/>\n<meta name=\"twitter:card\" content=\"summary_large_image\" \/>\n<script type=\"application\/ld+json\" class=\"yoast-schema-graph\">{\"@context\":\"https:\/\/schema.org\",\"@graph\":[{\"@type\":\"WebPage\",\"@id\":\"https:\/\/www.sanluisrey.edu.co\/new\/producto\/dental-studio-axm\/\",\"url\":\"https:\/\/www.sanluisrey.edu.co\/new\/producto\/dental-studio-axm\/\",\"name\":\"Dental Studio Axm - Colegio San Luis Rey\",\"isPartOf\":{\"@id\":\"https:\/\/www.sanluisrey.edu.co\/new\/#website\"},\"primaryImageOfPage\":{\"@id\":\"https:\/\/www.sanluisrey.edu.co\/new\/producto\/dental-studio-axm\/#primaryimage\"},\"image\":{\"@id\":\"https:\/\/www.sanluisrey.edu.co\/new\/producto\/dental-studio-axm\/#primaryimage\"},\"thumbnailUrl\":\"https:\/\/www.sanluisrey.edu.co\/new\/wp-content\/uploads\/2020\/06\/IMG-20191121-WA0072.jpg\",\"datePublished\":\"2020-06-08T16:44:52+00:00\",\"dateModified\":\"2020-06-08T16:44:53+00:00\",\"breadcrumb\":{\"@id\":\"https:\/\/www.sanluisrey.edu.co\/new\/producto\/dental-studio-axm\/#breadcrumb\"},\"inLanguage\":\"es\",\"potentialAction\":[{\"@type\":\"ReadAction\",\"target\":[\"https:\/\/www.sanluisrey.edu.co\/new\/producto\/dental-studio-axm\/\"]}]},{\"@type\":\"ImageObject\",\"inLanguage\":\"es\",\"@id\":\"https:\/\/www.sanluisrey.edu.co\/new\/producto\/dental-studio-axm\/#primaryimage\",\"url\":\"https:\/\/www.sanluisrey.edu.co\/new\/wp-content\/uploads\/2020\/06\/IMG-20191121-WA0072.jpg\",\"contentUrl\":\"https:\/\/www.sanluisrey.edu.co\/new\/wp-content\/uploads\/2020\/06\/IMG-20191121-WA0072.jpg\",\"width\":1280,\"height\":989},{\"@type\":\"BreadcrumbList\",\"@id\":\"https:\/\/www.sanluisrey.edu.co\/new\/producto\/dental-studio-axm\/#breadcrumb\",\"itemListElement\":[{\"@type\":\"ListItem\",\"position\":1,\"name\":\"Home\",\"item\":\"https:\/\/www.sanluisrey.edu.co\/new\/\"},{\"@type\":\"ListItem\",\"position\":2,\"name\":\"#SanLuisCompraSanLuis\",\"item\":\"https:\/\/www.sanluisrey.edu.co\/new\/directorio-empresarial\/\"},{\"@type\":\"ListItem\",\"position\":3,\"name\":\"Dental Studio Axm\"}]},{\"@type\":\"WebSite\",\"@id\":\"https:\/\/www.sanluisrey.edu.co\/new\/#website\",\"url\":\"https:\/\/www.sanluisrey.edu.co\/new\/\",\"name\":\"Colegio San Luis Rey\",\"description\":\"Comunidad Franciscana Provincia de la Santa Fe\",\"potentialAction\":[{\"@type\":\"SearchAction\",\"target\":{\"@type\":\"EntryPoint\",\"urlTemplate\":\"https:\/\/www.sanluisrey.edu.co\/new\/?s={search_term_string}\"},\"query-input\":{\"@type\":\"PropertyValueSpecification\",\"valueRequired\":true,\"valueName\":\"search_term_string\"}}],\"inLanguage\":\"es\"}]}<\/script>\n<!-- \/ Yoast SEO plugin. -->","yoast_head_json":{"title":"Dental Studio Axm - Colegio San Luis Rey","robots":{"index":"index","follow":"follow","max-snippet":"max-snippet:-1","max-image-preview":"max-image-preview:large","max-video-preview":"max-video-preview:-1"},"canonical":"https:\/\/www.sanluisrey.edu.co\/new\/producto\/dental-studio-axm\/","og_locale":"es_ES","og_type":"article","og_title":"Dental Studio Axm - Colegio San Luis Rey","og_description":"Soy odont\u00f3loga y en muestra cl\u00ednica tenemos los servicios de odontopediatr\u00eda, periodoncia, endodoncia, implantolog\u00eda, rehabilitaci\u00f3n oral, ortodoncia, cirug\u00eda y est\u00e9tica. A toda la comunidad San luisista los atenderemos con precios especiales. Gracias! Ciudad: Armenia Facebook: https:\/\/web.facebook.com\/dentalstudioaxm Instagram: @od.juli_dentalstudioaxm Celular: 3006858729 Correo electr\u00f3nico: od.julialz@gmail.com","og_url":"https:\/\/www.sanluisrey.edu.co\/new\/producto\/dental-studio-axm\/","og_site_name":"Colegio San Luis Rey","article_modified_time":"2020-06-08T16:44:53+00:00","og_image":[{"width":1280,"height":989,"url":"https:\/\/www.sanluisrey.edu.co\/new\/wp-content\/uploads\/2020\/06\/IMG-20191121-WA0072.jpg","type":"image\/jpeg"}],"twitter_card":"summary_large_image","schema":{"@context":"https:\/\/schema.org","@graph":[{"@type":"WebPage","@id":"https:\/\/www.sanluisrey.edu.co\/new\/producto\/dental-studio-axm\/","url":"https:\/\/www.sanluisrey.edu.co\/new\/producto\/dental-studio-axm\/","name":"Dental Studio Axm - Colegio San Luis Rey","isPartOf":{"@id":"https:\/\/www.sanluisrey.edu.co\/new\/#website"},"primaryImageOfPage":{"@id":"https:\/\/www.sanluisrey.edu.co\/new\/producto\/dental-studio-axm\/#primaryimage"},"image":{"@id":"https:\/\/www.sanluisrey.edu.co\/new\/producto\/dental-studio-axm\/#primaryimage"},"thumbnailUrl":"https:\/\/www.sanluisrey.edu.co\/new\/wp-content\/uploads\/2020\/06\/IMG-20191121-WA0072.jpg","datePublished":"2020-06-08T16:44:52+00:00","dateModified":"2020-06-08T16:44:53+00:00","breadcrumb":{"@id":"https:\/\/www.sanluisrey.edu.co\/new\/producto\/dental-studio-axm\/#breadcrumb"},"inLanguage":"es","potentialAction":[{"@type":"ReadAction","target":["https:\/\/www.sanluisrey.edu.co\/new\/producto\/dental-studio-axm\/"]}]},{"@type":"ImageObject","inLanguage":"es","@id":"https:\/\/www.sanluisrey.edu.co\/new\/producto\/dental-studio-axm\/#primaryimage","url":"https:\/\/www.sanluisrey.edu.co\/new\/wp-content\/uploads\/2020\/06\/IMG-20191121-WA0072.jpg","contentUrl":"https:\/\/www.sanluisrey.edu.co\/new\/wp-content\/uploads\/2020\/06\/IMG-20191121-WA0072.jpg","width":1280,"height":989},{"@type":"BreadcrumbList","@id":"https:\/\/www.sanluisrey.edu.co\/new\/producto\/dental-studio-axm\/#breadcrumb","itemListElement":[{"@type":"ListItem","position":1,"name":"Home","item":"https:\/\/www.sanluisrey.edu.co\/new\/"},{"@type":"ListItem","position":2,"name":"#SanLuisCompraSanLuis","item":"https:\/\/www.sanluisrey.edu.co\/new\/directorio-empresarial\/"},{"@type":"ListItem","position":3,"name":"Dental Studio Axm"}]},{"@type":"WebSite","@id":"https:\/\/www.sanluisrey.edu.co\/new\/#website","url":"https:\/\/www.sanluisrey.edu.co\/new\/","name":"Colegio San Luis Rey","description":"Comunidad Franciscana Provincia de la Santa Fe","potentialAction":[{"@type":"SearchAction","target":{"@type":"EntryPoint","urlTemplate":"https:\/\/www.sanluisrey.edu.co\/new\/?s={search_term_string}"},"query-input":{"@type":"PropertyValueSpecification","valueRequired":true,"valueName":"search_term_string"}}],"inLanguage":"es"}]}},"jetpack_sharing_enabled":true,"_links":{"self":[{"href":"https:\/\/www.sanluisrey.edu.co\/new\/wp-json\/wp\/v2\/product\/4351","targetHints":{"allow":["GET"]}}],"collection":[{"href":"https:\/\/www.sanluisrey.edu.co\/new\/wp-json\/wp\/v2\/product"}],"about":[{"href":"https:\/\/www.sanluisrey.edu.co\/new\/wp-json\/wp\/v2\/types\/product"}],"replies":[{"embeddable":true,"href":"https:\/\/www.sanluisrey.edu.co\/new\/wp-json\/wp\/v2\/comments?post=4351"}],"version-history":[{"count":0,"href":"https:\/\/www.sanluisrey.edu.co\/new\/wp-json\/wp\/v2\/product\/4351\/revisions"}],"wp:featuredmedia":[{"embeddable":true,"href":"https:\/\/www.sanluisrey.edu.co\/new\/wp-json\/wp\/v2\/media\/4353"}],"wp:attachment":[{"href":"https:\/\/www.sanluisrey.edu.co\/new\/wp-json\/wp\/v2\/media?parent=4351"}],"wp:term":[{"taxonomy":"product_brand","embeddable":true,"href":"https:\/\/www.sanluisrey.edu.co\/new\/wp-json\/wp\/v2\/product_brand?post=4351"},{"taxonomy":"product_cat","embeddable":true,"href":"https:\/\/www.sanluisrey.edu.co\/new\/wp-json\/wp\/v2\/product_cat?post=4351"},{"taxonomy":"product_tag","embeddable":true,"href":"https:\/\/www.sanluisrey.edu.co\/new\/wp-json\/wp\/v2\/product_tag?post=4351"}],"curies":[{"name":"wp","href":"https:\/\/api.w.org\/{rel}","templated":true}]}}