{"id":4546,"date":"2020-06-11T16:58:50","date_gmt":"2020-06-11T21:58:50","guid":{"rendered":"https:\/\/www.sanluisrey.edu.co\/new\/?post_type=product&#038;p=4546"},"modified":"2020-11-14T09:35:58","modified_gmt":"2020-11-14T14:35:58","slug":"sportsmart-tienda-deportiva","status":"publish","type":"product","link":"https:\/\/www.sanluisrey.edu.co\/new\/producto\/sportsmart-tienda-deportiva\/","title":{"rendered":"SPORTSMART TIENDA DEPORTIVA"},"content":{"rendered":"","protected":false},"excerpt":{"rendered":"<p>SportsMart es una tienda deportiva donde se ofrece gran variedad de accesorios e implementos necesarios para la pr\u00e1ctica de cualquier disciplina deportiva, con gran variedad de productos y marcas.<\/p>\n<p>&nbsp;<\/p>\n<p>&nbsp;<\/p>\n<p>&nbsp;<\/p>\n<p>El almac\u00e9n es un emprendimiento de un egresado del colegio Franciscano San Luis Rey promoci\u00f3n 2006.<\/p>\n<p class=\"p1\">Ciudad: Armenia &#8211; Eje Cafetero<\/p>\n<p class=\"p1\">Domicilio: S\u00ed<\/p>\n<p class=\"p1\">Celular:\u00a0 (+57) 315 92-72071<\/p>\n<p class=\"p1\">Correo electr\u00f3nico: sportsmart_axm@hotmail.com<\/p>\n<p class=\"p1\">Direcci\u00f3n: Avenida Bol\u00edvar #4-63<\/p>\n<p>Instagram: @sportsmart_axm<\/p>\n","protected":false},"featured_media":4547,"comment_status":"open","ping_status":"closed","template":"","meta":{"_monsterinsights_skip_tracking":false,"_monsterinsights_sitenote_active":false,"_monsterinsights_sitenote_note":"","_monsterinsights_sitenote_category":0},"product_brand":[],"product_cat":[130],"product_tag":[],"class_list":{"0":"post-4546","1":"product","2":"type-product","3":"status-publish","4":"has-post-thumbnail","6":"product_cat-articulos-deportivos","8":"first","9":"instock","10":"shipping-taxable","11":"product-type-simple"},"yoast_head":"<!-- This site is optimized with the Yoast SEO plugin v27.1.1 - https:\/\/yoast.com\/product\/yoast-seo-wordpress\/ -->\n<title>SPORTSMART TIENDA DEPORTIVA - Colegio San Luis Rey<\/title>\n<meta name=\"robots\" content=\"index, follow, max-snippet:-1, max-image-preview:large, max-video-preview:-1\" \/>\n<link rel=\"canonical\" href=\"https:\/\/www.sanluisrey.edu.co\/new\/producto\/sportsmart-tienda-deportiva\/\" \/>\n<meta property=\"og:locale\" content=\"es_ES\" \/>\n<meta property=\"og:type\" content=\"article\" \/>\n<meta property=\"og:title\" content=\"SPORTSMART TIENDA DEPORTIVA - Colegio San Luis Rey\" \/>\n<meta property=\"og:description\" content=\"SportsMart es una tienda deportiva donde se ofrece gran variedad de accesorios e implementos necesarios para la pr\u00e1ctica de cualquier disciplina deportiva, con gran variedad de productos y marcas.  &nbsp;  &nbsp;  &nbsp;  El almac\u00e9n es un emprendimiento de un egresado del colegio Franciscano San Luis Rey promoci\u00f3n 2006. Ciudad: Armenia - Eje Cafetero Domicilio: S\u00ed Celular:\u00a0 (+57) 315 92-72071 Correo electr\u00f3nico: sportsmart_axm@hotmail.com Direcci\u00f3n: Avenida Bol\u00edvar #4-63 Instagram: @sportsmart_axm\" \/>\n<meta property=\"og:url\" content=\"https:\/\/www.sanluisrey.edu.co\/new\/producto\/sportsmart-tienda-deportiva\/\" \/>\n<meta property=\"og:site_name\" content=\"Colegio San Luis Rey\" \/>\n<meta property=\"article:modified_time\" content=\"2020-11-14T14:35:58+00:00\" \/>\n<meta property=\"og:image\" content=\"https:\/\/www.sanluisrey.edu.co\/new\/wp-content\/uploads\/2020\/06\/Logo.jpeg\" \/>\n\t<meta property=\"og:image:width\" content=\"750\" \/>\n\t<meta property=\"og:image:height\" content=\"428\" \/>\n\t<meta property=\"og:image:type\" content=\"image\/jpeg\" \/>\n<meta name=\"twitter:card\" content=\"summary_large_image\" \/>\n<script type=\"application\/ld+json\" class=\"yoast-schema-graph\">{\"@context\":\"https:\/\/schema.org\",\"@graph\":[{\"@type\":\"WebPage\",\"@id\":\"https:\/\/www.sanluisrey.edu.co\/new\/producto\/sportsmart-tienda-deportiva\/\",\"url\":\"https:\/\/www.sanluisrey.edu.co\/new\/producto\/sportsmart-tienda-deportiva\/\",\"name\":\"SPORTSMART TIENDA DEPORTIVA - Colegio San Luis Rey\",\"isPartOf\":{\"@id\":\"https:\/\/www.sanluisrey.edu.co\/new\/#website\"},\"primaryImageOfPage\":{\"@id\":\"https:\/\/www.sanluisrey.edu.co\/new\/producto\/sportsmart-tienda-deportiva\/#primaryimage\"},\"image\":{\"@id\":\"https:\/\/www.sanluisrey.edu.co\/new\/producto\/sportsmart-tienda-deportiva\/#primaryimage\"},\"thumbnailUrl\":\"https:\/\/www.sanluisrey.edu.co\/new\/wp-content\/uploads\/2020\/06\/Logo.jpeg\",\"datePublished\":\"2020-06-11T21:58:50+00:00\",\"dateModified\":\"2020-11-14T14:35:58+00:00\",\"breadcrumb\":{\"@id\":\"https:\/\/www.sanluisrey.edu.co\/new\/producto\/sportsmart-tienda-deportiva\/#breadcrumb\"},\"inLanguage\":\"es\",\"potentialAction\":[{\"@type\":\"ReadAction\",\"target\":[\"https:\/\/www.sanluisrey.edu.co\/new\/producto\/sportsmart-tienda-deportiva\/\"]}]},{\"@type\":\"ImageObject\",\"inLanguage\":\"es\",\"@id\":\"https:\/\/www.sanluisrey.edu.co\/new\/producto\/sportsmart-tienda-deportiva\/#primaryimage\",\"url\":\"https:\/\/www.sanluisrey.edu.co\/new\/wp-content\/uploads\/2020\/06\/Logo.jpeg\",\"contentUrl\":\"https:\/\/www.sanluisrey.edu.co\/new\/wp-content\/uploads\/2020\/06\/Logo.jpeg\",\"width\":750,\"height\":428},{\"@type\":\"BreadcrumbList\",\"@id\":\"https:\/\/www.sanluisrey.edu.co\/new\/producto\/sportsmart-tienda-deportiva\/#breadcrumb\",\"itemListElement\":[{\"@type\":\"ListItem\",\"position\":1,\"name\":\"Home\",\"item\":\"https:\/\/www.sanluisrey.edu.co\/new\/\"},{\"@type\":\"ListItem\",\"position\":2,\"name\":\"#SanLuisCompraSanLuis\",\"item\":\"https:\/\/www.sanluisrey.edu.co\/new\/directorio-empresarial\/\"},{\"@type\":\"ListItem\",\"position\":3,\"name\":\"SPORTSMART TIENDA DEPORTIVA\"}]},{\"@type\":\"WebSite\",\"@id\":\"https:\/\/www.sanluisrey.edu.co\/new\/#website\",\"url\":\"https:\/\/www.sanluisrey.edu.co\/new\/\",\"name\":\"Colegio San Luis Rey\",\"description\":\"Comunidad Franciscana Provincia de la Santa Fe\",\"potentialAction\":[{\"@type\":\"SearchAction\",\"target\":{\"@type\":\"EntryPoint\",\"urlTemplate\":\"https:\/\/www.sanluisrey.edu.co\/new\/?s={search_term_string}\"},\"query-input\":{\"@type\":\"PropertyValueSpecification\",\"valueRequired\":true,\"valueName\":\"search_term_string\"}}],\"inLanguage\":\"es\"}]}<\/script>\n<!-- \/ Yoast SEO plugin. -->","yoast_head_json":{"title":"SPORTSMART TIENDA DEPORTIVA - Colegio San Luis Rey","robots":{"index":"index","follow":"follow","max-snippet":"max-snippet:-1","max-image-preview":"max-image-preview:large","max-video-preview":"max-video-preview:-1"},"canonical":"https:\/\/www.sanluisrey.edu.co\/new\/producto\/sportsmart-tienda-deportiva\/","og_locale":"es_ES","og_type":"article","og_title":"SPORTSMART TIENDA DEPORTIVA - Colegio San Luis Rey","og_description":"SportsMart es una tienda deportiva donde se ofrece gran variedad de accesorios e implementos necesarios para la pr\u00e1ctica de cualquier disciplina deportiva, con gran variedad de productos y marcas.  &nbsp;  &nbsp;  &nbsp;  El almac\u00e9n es un emprendimiento de un egresado del colegio Franciscano San Luis Rey promoci\u00f3n 2006. Ciudad: Armenia - Eje Cafetero Domicilio: S\u00ed Celular:\u00a0 (+57) 315 92-72071 Correo electr\u00f3nico: sportsmart_axm@hotmail.com Direcci\u00f3n: Avenida Bol\u00edvar #4-63 Instagram: @sportsmart_axm","og_url":"https:\/\/www.sanluisrey.edu.co\/new\/producto\/sportsmart-tienda-deportiva\/","og_site_name":"Colegio San Luis Rey","article_modified_time":"2020-11-14T14:35:58+00:00","og_image":[{"width":750,"height":428,"url":"https:\/\/www.sanluisrey.edu.co\/new\/wp-content\/uploads\/2020\/06\/Logo.jpeg","type":"image\/jpeg"}],"twitter_card":"summary_large_image","schema":{"@context":"https:\/\/schema.org","@graph":[{"@type":"WebPage","@id":"https:\/\/www.sanluisrey.edu.co\/new\/producto\/sportsmart-tienda-deportiva\/","url":"https:\/\/www.sanluisrey.edu.co\/new\/producto\/sportsmart-tienda-deportiva\/","name":"SPORTSMART TIENDA DEPORTIVA - Colegio San Luis Rey","isPartOf":{"@id":"https:\/\/www.sanluisrey.edu.co\/new\/#website"},"primaryImageOfPage":{"@id":"https:\/\/www.sanluisrey.edu.co\/new\/producto\/sportsmart-tienda-deportiva\/#primaryimage"},"image":{"@id":"https:\/\/www.sanluisrey.edu.co\/new\/producto\/sportsmart-tienda-deportiva\/#primaryimage"},"thumbnailUrl":"https:\/\/www.sanluisrey.edu.co\/new\/wp-content\/uploads\/2020\/06\/Logo.jpeg","datePublished":"2020-06-11T21:58:50+00:00","dateModified":"2020-11-14T14:35:58+00:00","breadcrumb":{"@id":"https:\/\/www.sanluisrey.edu.co\/new\/producto\/sportsmart-tienda-deportiva\/#breadcrumb"},"inLanguage":"es","potentialAction":[{"@type":"ReadAction","target":["https:\/\/www.sanluisrey.edu.co\/new\/producto\/sportsmart-tienda-deportiva\/"]}]},{"@type":"ImageObject","inLanguage":"es","@id":"https:\/\/www.sanluisrey.edu.co\/new\/producto\/sportsmart-tienda-deportiva\/#primaryimage","url":"https:\/\/www.sanluisrey.edu.co\/new\/wp-content\/uploads\/2020\/06\/Logo.jpeg","contentUrl":"https:\/\/www.sanluisrey.edu.co\/new\/wp-content\/uploads\/2020\/06\/Logo.jpeg","width":750,"height":428},{"@type":"BreadcrumbList","@id":"https:\/\/www.sanluisrey.edu.co\/new\/producto\/sportsmart-tienda-deportiva\/#breadcrumb","itemListElement":[{"@type":"ListItem","position":1,"name":"Home","item":"https:\/\/www.sanluisrey.edu.co\/new\/"},{"@type":"ListItem","position":2,"name":"#SanLuisCompraSanLuis","item":"https:\/\/www.sanluisrey.edu.co\/new\/directorio-empresarial\/"},{"@type":"ListItem","position":3,"name":"SPORTSMART TIENDA DEPORTIVA"}]},{"@type":"WebSite","@id":"https:\/\/www.sanluisrey.edu.co\/new\/#website","url":"https:\/\/www.sanluisrey.edu.co\/new\/","name":"Colegio San Luis Rey","description":"Comunidad Franciscana Provincia de la Santa Fe","potentialAction":[{"@type":"SearchAction","target":{"@type":"EntryPoint","urlTemplate":"https:\/\/www.sanluisrey.edu.co\/new\/?s={search_term_string}"},"query-input":{"@type":"PropertyValueSpecification","valueRequired":true,"valueName":"search_term_string"}}],"inLanguage":"es"}]}},"jetpack_sharing_enabled":true,"_links":{"self":[{"href":"https:\/\/www.sanluisrey.edu.co\/new\/wp-json\/wp\/v2\/product\/4546","targetHints":{"allow":["GET"]}}],"collection":[{"href":"https:\/\/www.sanluisrey.edu.co\/new\/wp-json\/wp\/v2\/product"}],"about":[{"href":"https:\/\/www.sanluisrey.edu.co\/new\/wp-json\/wp\/v2\/types\/product"}],"replies":[{"embeddable":true,"href":"https:\/\/www.sanluisrey.edu.co\/new\/wp-json\/wp\/v2\/comments?post=4546"}],"version-history":[{"count":0,"href":"https:\/\/www.sanluisrey.edu.co\/new\/wp-json\/wp\/v2\/product\/4546\/revisions"}],"wp:featuredmedia":[{"embeddable":true,"href":"https:\/\/www.sanluisrey.edu.co\/new\/wp-json\/wp\/v2\/media\/4547"}],"wp:attachment":[{"href":"https:\/\/www.sanluisrey.edu.co\/new\/wp-json\/wp\/v2\/media?parent=4546"}],"wp:term":[{"taxonomy":"product_brand","embeddable":true,"href":"https:\/\/www.sanluisrey.edu.co\/new\/wp-json\/wp\/v2\/product_brand?post=4546"},{"taxonomy":"product_cat","embeddable":true,"href":"https:\/\/www.sanluisrey.edu.co\/new\/wp-json\/wp\/v2\/product_cat?post=4546"},{"taxonomy":"product_tag","embeddable":true,"href":"https:\/\/www.sanluisrey.edu.co\/new\/wp-json\/wp\/v2\/product_tag?post=4546"}],"curies":[{"name":"wp","href":"https:\/\/api.w.org\/{rel}","templated":true}]}}