{"id":5128,"date":"2020-06-30T11:06:58","date_gmt":"2020-06-30T16:06:58","guid":{"rendered":"https:\/\/www.sanluisrey.edu.co\/new\/?post_type=product&#038;p=5128"},"modified":"2020-06-30T11:06:58","modified_gmt":"2020-06-30T16:06:58","slug":"import-corporal-medical","status":"publish","type":"product","link":"https:\/\/www.sanluisrey.edu.co\/new\/producto\/import-corporal-medical\/","title":{"rendered":"Import Corporal Medical"},"content":{"rendered":"","protected":false},"excerpt":{"rendered":"<p>En Import Corporal Medical importamos y comercializamos dispositivos m\u00e9dicos para uso en terapia f\u00edsica y rehabilitaci\u00f3n, adicional term\u00f3metros sin contacto, tienen visto bueno del Invima, certificado de calibraci\u00f3n, manifiesto de importaci\u00f3n y factura legal.<\/p>\n<p>&nbsp;<\/p>\n<p>Construcci\u00f3n y\/o mantenimiento<\/p>\n<p class=\"p1\">Ciudad: Armenia &#8211; Eje Cafetero<\/p>\n<p class=\"p1\">Celular:\u00a0 (+57) 316 605-5991<\/p>\n<p>Direcci\u00f3n: Armenia hotel oficina 406<\/p>\n<p class=\"p1\">Correo electr\u00f3nico:\u00a0 <a href=\"mailto:admin@importcorporalmedical.com\" target=\"_blank\" rel=\"noopener noreferrer\">admin@importcorporalmedical.com<\/a><\/p>\n<p>Web Site:\u00a0 https:\/\/www.facebook.com\/corporal.mdical<\/p>\n<p>&nbsp;<\/p>\n","protected":false},"featured_media":5129,"comment_status":"open","ping_status":"closed","template":"","meta":{"_monsterinsights_skip_tracking":false,"_monsterinsights_sitenote_active":false,"_monsterinsights_sitenote_note":"","_monsterinsights_sitenote_category":0},"product_brand":[],"product_cat":[129,31],"product_tag":[],"class_list":{"0":"post-5128","1":"product","2":"type-product","3":"status-publish","4":"has-post-thumbnail","6":"product_cat-tecnologia-hobbies","7":"product_cat-salud","9":"first","10":"instock","11":"shipping-taxable","12":"product-type-simple"},"yoast_head":"<!-- This site is optimized with the Yoast SEO plugin v27.1.1 - https:\/\/yoast.com\/product\/yoast-seo-wordpress\/ -->\n<title>Import Corporal Medical - Colegio San Luis Rey<\/title>\n<meta name=\"robots\" content=\"index, follow, max-snippet:-1, max-image-preview:large, max-video-preview:-1\" \/>\n<link rel=\"canonical\" href=\"https:\/\/www.sanluisrey.edu.co\/new\/producto\/import-corporal-medical\/\" \/>\n<meta property=\"og:locale\" content=\"es_ES\" \/>\n<meta property=\"og:type\" content=\"article\" \/>\n<meta property=\"og:title\" content=\"Import Corporal Medical - Colegio San Luis Rey\" \/>\n<meta property=\"og:description\" content=\"En Import Corporal Medical importamos y comercializamos dispositivos m\u00e9dicos para uso en terapia f\u00edsica y rehabilitaci\u00f3n, adicional term\u00f3metros sin contacto, tienen visto bueno del Invima, certificado de calibraci\u00f3n, manifiesto de importaci\u00f3n y factura legal.  &nbsp;  Construcci\u00f3n y\/o mantenimiento Ciudad: Armenia - Eje Cafetero Celular:\u00a0 (+57) 316 605-5991 Direcci\u00f3n: Armenia hotel oficina 406 Correo electr\u00f3nico:\u00a0 admin@importcorporalmedical.com Web Site:\u00a0 https:\/\/www.facebook.com\/corporal.mdical  &nbsp;\" \/>\n<meta property=\"og:url\" content=\"https:\/\/www.sanluisrey.edu.co\/new\/producto\/import-corporal-medical\/\" \/>\n<meta property=\"og:site_name\" content=\"Colegio San Luis Rey\" \/>\n<meta property=\"og:image\" content=\"https:\/\/www.sanluisrey.edu.co\/new\/wp-content\/uploads\/2020\/06\/logo-grande.png\" \/>\n\t<meta property=\"og:image:width\" content=\"1080\" \/>\n\t<meta property=\"og:image:height\" content=\"1080\" \/>\n\t<meta property=\"og:image:type\" content=\"image\/png\" \/>\n<meta name=\"twitter:card\" content=\"summary_large_image\" \/>\n<script type=\"application\/ld+json\" class=\"yoast-schema-graph\">{\"@context\":\"https:\/\/schema.org\",\"@graph\":[{\"@type\":\"WebPage\",\"@id\":\"https:\/\/www.sanluisrey.edu.co\/new\/producto\/import-corporal-medical\/\",\"url\":\"https:\/\/www.sanluisrey.edu.co\/new\/producto\/import-corporal-medical\/\",\"name\":\"Import Corporal Medical - Colegio San Luis Rey\",\"isPartOf\":{\"@id\":\"https:\/\/www.sanluisrey.edu.co\/new\/#website\"},\"primaryImageOfPage\":{\"@id\":\"https:\/\/www.sanluisrey.edu.co\/new\/producto\/import-corporal-medical\/#primaryimage\"},\"image\":{\"@id\":\"https:\/\/www.sanluisrey.edu.co\/new\/producto\/import-corporal-medical\/#primaryimage\"},\"thumbnailUrl\":\"https:\/\/www.sanluisrey.edu.co\/new\/wp-content\/uploads\/2020\/06\/logo-grande.png\",\"datePublished\":\"2020-06-30T16:06:58+00:00\",\"breadcrumb\":{\"@id\":\"https:\/\/www.sanluisrey.edu.co\/new\/producto\/import-corporal-medical\/#breadcrumb\"},\"inLanguage\":\"es\",\"potentialAction\":[{\"@type\":\"ReadAction\",\"target\":[\"https:\/\/www.sanluisrey.edu.co\/new\/producto\/import-corporal-medical\/\"]}]},{\"@type\":\"ImageObject\",\"inLanguage\":\"es\",\"@id\":\"https:\/\/www.sanluisrey.edu.co\/new\/producto\/import-corporal-medical\/#primaryimage\",\"url\":\"https:\/\/www.sanluisrey.edu.co\/new\/wp-content\/uploads\/2020\/06\/logo-grande.png\",\"contentUrl\":\"https:\/\/www.sanluisrey.edu.co\/new\/wp-content\/uploads\/2020\/06\/logo-grande.png\",\"width\":1080,\"height\":1080},{\"@type\":\"BreadcrumbList\",\"@id\":\"https:\/\/www.sanluisrey.edu.co\/new\/producto\/import-corporal-medical\/#breadcrumb\",\"itemListElement\":[{\"@type\":\"ListItem\",\"position\":1,\"name\":\"Home\",\"item\":\"https:\/\/www.sanluisrey.edu.co\/new\/\"},{\"@type\":\"ListItem\",\"position\":2,\"name\":\"#SanLuisCompraSanLuis\",\"item\":\"https:\/\/www.sanluisrey.edu.co\/new\/directorio-empresarial\/\"},{\"@type\":\"ListItem\",\"position\":3,\"name\":\"Import Corporal Medical\"}]},{\"@type\":\"WebSite\",\"@id\":\"https:\/\/www.sanluisrey.edu.co\/new\/#website\",\"url\":\"https:\/\/www.sanluisrey.edu.co\/new\/\",\"name\":\"Colegio San Luis Rey\",\"description\":\"Comunidad Franciscana Provincia de la Santa Fe\",\"potentialAction\":[{\"@type\":\"SearchAction\",\"target\":{\"@type\":\"EntryPoint\",\"urlTemplate\":\"https:\/\/www.sanluisrey.edu.co\/new\/?s={search_term_string}\"},\"query-input\":{\"@type\":\"PropertyValueSpecification\",\"valueRequired\":true,\"valueName\":\"search_term_string\"}}],\"inLanguage\":\"es\"}]}<\/script>\n<!-- \/ Yoast SEO plugin. -->","yoast_head_json":{"title":"Import Corporal Medical - Colegio San Luis Rey","robots":{"index":"index","follow":"follow","max-snippet":"max-snippet:-1","max-image-preview":"max-image-preview:large","max-video-preview":"max-video-preview:-1"},"canonical":"https:\/\/www.sanluisrey.edu.co\/new\/producto\/import-corporal-medical\/","og_locale":"es_ES","og_type":"article","og_title":"Import Corporal Medical - Colegio San Luis Rey","og_description":"En Import Corporal Medical importamos y comercializamos dispositivos m\u00e9dicos para uso en terapia f\u00edsica y rehabilitaci\u00f3n, adicional term\u00f3metros sin contacto, tienen visto bueno del Invima, certificado de calibraci\u00f3n, manifiesto de importaci\u00f3n y factura legal.  &nbsp;  Construcci\u00f3n y\/o mantenimiento Ciudad: Armenia - Eje Cafetero Celular:\u00a0 (+57) 316 605-5991 Direcci\u00f3n: Armenia hotel oficina 406 Correo electr\u00f3nico:\u00a0 admin@importcorporalmedical.com Web Site:\u00a0 https:\/\/www.facebook.com\/corporal.mdical  &nbsp;","og_url":"https:\/\/www.sanluisrey.edu.co\/new\/producto\/import-corporal-medical\/","og_site_name":"Colegio San Luis Rey","og_image":[{"width":1080,"height":1080,"url":"https:\/\/www.sanluisrey.edu.co\/new\/wp-content\/uploads\/2020\/06\/logo-grande.png","type":"image\/png"}],"twitter_card":"summary_large_image","schema":{"@context":"https:\/\/schema.org","@graph":[{"@type":"WebPage","@id":"https:\/\/www.sanluisrey.edu.co\/new\/producto\/import-corporal-medical\/","url":"https:\/\/www.sanluisrey.edu.co\/new\/producto\/import-corporal-medical\/","name":"Import Corporal Medical - Colegio San Luis Rey","isPartOf":{"@id":"https:\/\/www.sanluisrey.edu.co\/new\/#website"},"primaryImageOfPage":{"@id":"https:\/\/www.sanluisrey.edu.co\/new\/producto\/import-corporal-medical\/#primaryimage"},"image":{"@id":"https:\/\/www.sanluisrey.edu.co\/new\/producto\/import-corporal-medical\/#primaryimage"},"thumbnailUrl":"https:\/\/www.sanluisrey.edu.co\/new\/wp-content\/uploads\/2020\/06\/logo-grande.png","datePublished":"2020-06-30T16:06:58+00:00","breadcrumb":{"@id":"https:\/\/www.sanluisrey.edu.co\/new\/producto\/import-corporal-medical\/#breadcrumb"},"inLanguage":"es","potentialAction":[{"@type":"ReadAction","target":["https:\/\/www.sanluisrey.edu.co\/new\/producto\/import-corporal-medical\/"]}]},{"@type":"ImageObject","inLanguage":"es","@id":"https:\/\/www.sanluisrey.edu.co\/new\/producto\/import-corporal-medical\/#primaryimage","url":"https:\/\/www.sanluisrey.edu.co\/new\/wp-content\/uploads\/2020\/06\/logo-grande.png","contentUrl":"https:\/\/www.sanluisrey.edu.co\/new\/wp-content\/uploads\/2020\/06\/logo-grande.png","width":1080,"height":1080},{"@type":"BreadcrumbList","@id":"https:\/\/www.sanluisrey.edu.co\/new\/producto\/import-corporal-medical\/#breadcrumb","itemListElement":[{"@type":"ListItem","position":1,"name":"Home","item":"https:\/\/www.sanluisrey.edu.co\/new\/"},{"@type":"ListItem","position":2,"name":"#SanLuisCompraSanLuis","item":"https:\/\/www.sanluisrey.edu.co\/new\/directorio-empresarial\/"},{"@type":"ListItem","position":3,"name":"Import Corporal Medical"}]},{"@type":"WebSite","@id":"https:\/\/www.sanluisrey.edu.co\/new\/#website","url":"https:\/\/www.sanluisrey.edu.co\/new\/","name":"Colegio San Luis Rey","description":"Comunidad Franciscana Provincia de la Santa Fe","potentialAction":[{"@type":"SearchAction","target":{"@type":"EntryPoint","urlTemplate":"https:\/\/www.sanluisrey.edu.co\/new\/?s={search_term_string}"},"query-input":{"@type":"PropertyValueSpecification","valueRequired":true,"valueName":"search_term_string"}}],"inLanguage":"es"}]}},"jetpack_sharing_enabled":true,"_links":{"self":[{"href":"https:\/\/www.sanluisrey.edu.co\/new\/wp-json\/wp\/v2\/product\/5128","targetHints":{"allow":["GET"]}}],"collection":[{"href":"https:\/\/www.sanluisrey.edu.co\/new\/wp-json\/wp\/v2\/product"}],"about":[{"href":"https:\/\/www.sanluisrey.edu.co\/new\/wp-json\/wp\/v2\/types\/product"}],"replies":[{"embeddable":true,"href":"https:\/\/www.sanluisrey.edu.co\/new\/wp-json\/wp\/v2\/comments?post=5128"}],"version-history":[{"count":1,"href":"https:\/\/www.sanluisrey.edu.co\/new\/wp-json\/wp\/v2\/product\/5128\/revisions"}],"predecessor-version":[{"id":5133,"href":"https:\/\/www.sanluisrey.edu.co\/new\/wp-json\/wp\/v2\/product\/5128\/revisions\/5133"}],"wp:featuredmedia":[{"embeddable":true,"href":"https:\/\/www.sanluisrey.edu.co\/new\/wp-json\/wp\/v2\/media\/5129"}],"wp:attachment":[{"href":"https:\/\/www.sanluisrey.edu.co\/new\/wp-json\/wp\/v2\/media?parent=5128"}],"wp:term":[{"taxonomy":"product_brand","embeddable":true,"href":"https:\/\/www.sanluisrey.edu.co\/new\/wp-json\/wp\/v2\/product_brand?post=5128"},{"taxonomy":"product_cat","embeddable":true,"href":"https:\/\/www.sanluisrey.edu.co\/new\/wp-json\/wp\/v2\/product_cat?post=5128"},{"taxonomy":"product_tag","embeddable":true,"href":"https:\/\/www.sanluisrey.edu.co\/new\/wp-json\/wp\/v2\/product_tag?post=5128"}],"curies":[{"name":"wp","href":"https:\/\/api.w.org\/{rel}","templated":true}]}}